{"id":2936,"date":"2021-11-04T18:14:45","date_gmt":"2021-11-04T21:14:45","guid":{"rendered":"https:\/\/jobstore.cl\/?post_type=product&#038;p=2936"},"modified":"2023-03-31T09:20:02","modified_gmt":"2023-03-31T12:20:02","slug":"protector-de-teclado-clearguard-para-macbook-pro-13-16-moshi","status":"publish","type":"product","link":"https:\/\/jobstore.cl\/index.php\/product\/protector-de-teclado-clearguard-para-macbook-pro-13-16-moshi\/","title":{"rendered":"Protector de Teclado Clear Guard para MacBook Pro 13&#8243; \/ 16&#8243;"},"content":{"rendered":"<p>Dise\u00f1o de EE. UU. para MacBook Pro 13\/16\u2033 (Magic Keyboard).<\/p>\n<p>Protege tu teclado de derrames, manchas, grasa, migas y m\u00e1s con este protector de teclado ultradelgado.<\/p>\n<p>100% adaptado a la forma del teclado del MacBook Pro, para una respuesta t\u00e1ctil incomparable y altamente transparente para permitir adem\u00e1s el paso de la retroiluminaci\u00f3n.<\/p>\n","protected":false},"excerpt":{"rendered":"<p>Dise\u00f1o de EE. UU. para MacBook Pro 13\/16\u2033 (Magic Keyboard). Protege tu teclado de derrames, manchas, grasa, migas y m\u00e1s con este protector de teclado ultradelgado.<span class=\"excerpt-hellip\"> [\u2026]<\/span><\/p>\n","protected":false},"featured_media":2938,"comment_status":"open","ping_status":"closed","template":"","meta":{"_joinchat":[]},"product_cat":[192],"product_tag":[],"class_list":{"0":"post-2936","1":"product","2":"type-product","3":"status-publish","4":"has-post-thumbnail","6":"product_cat-accesorios","8":"first","9":"instock","10":"sale","11":"shipping-taxable","12":"purchasable","13":"product-type-simple"},"_links":{"self":[{"href":"https:\/\/jobstore.cl\/index.php\/wp-json\/wp\/v2\/product\/2936","targetHints":{"allow":["GET"]}}],"collection":[{"href":"https:\/\/jobstore.cl\/index.php\/wp-json\/wp\/v2\/product"}],"about":[{"href":"https:\/\/jobstore.cl\/index.php\/wp-json\/wp\/v2\/types\/product"}],"replies":[{"embeddable":true,"href":"https:\/\/jobstore.cl\/index.php\/wp-json\/wp\/v2\/comments?post=2936"}],"version-history":[{"count":6,"href":"https:\/\/jobstore.cl\/index.php\/wp-json\/wp\/v2\/product\/2936\/revisions"}],"predecessor-version":[{"id":13807,"href":"https:\/\/jobstore.cl\/index.php\/wp-json\/wp\/v2\/product\/2936\/revisions\/13807"}],"wp:featuredmedia":[{"embeddable":true,"href":"https:\/\/jobstore.cl\/index.php\/wp-json\/wp\/v2\/media\/2938"}],"wp:attachment":[{"href":"https:\/\/jobstore.cl\/index.php\/wp-json\/wp\/v2\/media?parent=2936"}],"wp:term":[{"taxonomy":"product_cat","embeddable":true,"href":"https:\/\/jobstore.cl\/index.php\/wp-json\/wp\/v2\/product_cat?post=2936"},{"taxonomy":"product_tag","embeddable":true,"href":"https:\/\/jobstore.cl\/index.php\/wp-json\/wp\/v2\/product_tag?post=2936"}],"curies":[{"name":"wp","href":"https:\/\/api.w.org\/{rel}","templated":true}]}}