{"id":2824,"date":"2021-11-03T14:51:59","date_gmt":"2021-11-03T17:51:59","guid":{"rendered":"https:\/\/jobstore.cl\/?post_type=product&#038;p=2824"},"modified":"2023-03-17T13:59:05","modified_gmt":"2023-03-17T16:59:05","slug":"cable-de-datos-micro-usb-remax-1-mt","status":"publish","type":"product","link":"https:\/\/jobstore.cl\/index.php\/product\/cable-de-datos-micro-usb-remax-1-mt\/","title":{"rendered":"Cable de Datos Micro USB de 1 Mt"},"content":{"rendered":"<p>Remax Lesu es un cable USB \/ micro USB de alta calidad para casi todos los dispositivos con puerto micro USB. Est\u00e1 hecho de material de PVC, por eso es realmente resistente y duradero. Tambi\u00e9n tiene buena elasticidad. El alambre de cobre puro y la tecnolog\u00eda de niquelado proporcionan una transferencia de datos estable y una carga r\u00e1pida.<\/p>\n","protected":false},"excerpt":{"rendered":"<ul>\n<li><span style=\"color: var(--base-font-color);\">Marca: Remax<\/span><\/li>\n<li>Nombre: Lesu<\/li>\n<li>Modelo: RC-050m<\/li>\n<li>Tipo: micro USB \/ USB<\/li>\n<li>Uso: carga \/ transferencia de datos<\/li>\n<li>Salida: 1,2 A m\u00e1x.<\/li>\n<li>Material: PVC<\/li>\n<li>Longitud del cable: 1 mt<\/li>\n<li>Peso: 16,3 gramos<\/li>\n<li>Compatibilidad: casi todos los dispositivos micro USB<\/li>\n<\/ul>\n","protected":false},"featured_media":2827,"comment_status":"open","ping_status":"closed","template":"","meta":{"_joinchat":[]},"product_cat":[192],"product_tag":[294],"class_list":{"0":"post-2824","1":"product","2":"type-product","3":"status-publish","4":"has-post-thumbnail","6":"product_cat-accesorios","7":"product_tag-294","9":"first","10":"instock","11":"shipping-taxable","12":"purchasable","13":"product-type-simple"},"_links":{"self":[{"href":"https:\/\/jobstore.cl\/index.php\/wp-json\/wp\/v2\/product\/2824","targetHints":{"allow":["GET"]}}],"collection":[{"href":"https:\/\/jobstore.cl\/index.php\/wp-json\/wp\/v2\/product"}],"about":[{"href":"https:\/\/jobstore.cl\/index.php\/wp-json\/wp\/v2\/types\/product"}],"replies":[{"embeddable":true,"href":"https:\/\/jobstore.cl\/index.php\/wp-json\/wp\/v2\/comments?post=2824"}],"version-history":[{"count":7,"href":"https:\/\/jobstore.cl\/index.php\/wp-json\/wp\/v2\/product\/2824\/revisions"}],"predecessor-version":[{"id":13500,"href":"https:\/\/jobstore.cl\/index.php\/wp-json\/wp\/v2\/product\/2824\/revisions\/13500"}],"wp:featuredmedia":[{"embeddable":true,"href":"https:\/\/jobstore.cl\/index.php\/wp-json\/wp\/v2\/media\/2827"}],"wp:attachment":[{"href":"https:\/\/jobstore.cl\/index.php\/wp-json\/wp\/v2\/media?parent=2824"}],"wp:term":[{"taxonomy":"product_cat","embeddable":true,"href":"https:\/\/jobstore.cl\/index.php\/wp-json\/wp\/v2\/product_cat?post=2824"},{"taxonomy":"product_tag","embeddable":true,"href":"https:\/\/jobstore.cl\/index.php\/wp-json\/wp\/v2\/product_tag?post=2824"}],"curies":[{"name":"wp","href":"https:\/\/api.w.org\/{rel}","templated":true}]}}