{"id":2778,"date":"2021-11-02T20:58:33","date_gmt":"2021-11-02T23:58:33","guid":{"rendered":"https:\/\/jobstore.cl\/?post_type=product&#038;p=2778"},"modified":"2023-03-31T09:23:11","modified_gmt":"2023-03-31T12:23:11","slug":"cargador-inalambrico-rapido-para-auto","status":"publish","type":"product","link":"https:\/\/jobstore.cl\/index.php\/product\/cargador-inalambrico-rapido-para-auto\/","title":{"rendered":"Soporte Lector de CD Cargador Inal\u00e1mbrico R\u00e1pido Auto para iPhone"},"content":{"rendered":"<p>Este dispositivo es un cargador inal\u00e1mbrico r\u00e1pido para autom\u00f3vil de nuevo dise\u00f1o que es compatible con tel\u00e9fonos inteligentes est\u00e1ndar Qi y otros dispositivos, brindando seguridad, conveniencia y una experiencia de carga inal\u00e1mbrica interesante.<\/p>\n<p>Rotaci\u00f3n del dispositivo en 360 \u200b\u200bgrados, antichoque y antideslizante. Admite llamadas con manos libres, no bloquee la vista. F\u00e1cil de instalar, utilizado en la ranura de CD del auto u otro lugar.<\/p>\n<p>\u00a0<\/p>\n<p>\u00a0<\/p>\n","protected":false},"excerpt":{"rendered":"<p><strong>Especificaciones del producto<\/strong><\/p>\n<p><strong>Entrada:<\/strong> 9 V 1,67 A, 5 V \/ 2A<\/p>\n<p><strong>Salida:<\/strong> 9 V 1,1 A o 5 V \/ 1 A<\/p>\n<p><strong>Potencia de carga:<\/strong> 10 W o 5 W<\/p>\n<p><strong>Distancia de transmisi\u00f3n:<\/strong> 8 \u2264 8 mm<\/p>\n<p><strong>Dimensiones:<\/strong> 75 x 118 x 55 mm<\/p>\n<p><strong>Accesorios est\u00e1ndar:<\/strong><\/p>\n<ul>\n<li><span style=\"color: var(--base-font-color)\">Cable USB<\/span><\/li>\n<li><span style=\"color: var(--base-font-color)\">Cargador r\u00e1pido de auto<\/span><\/li>\n<li>Soporte giratorio<\/li>\n<li><span style=\"color: var(--base-font-color)\">Manual de usuario<\/span><\/li>\n<\/ul>\n","protected":false},"featured_media":2782,"comment_status":"open","ping_status":"closed","template":"","meta":{"_joinchat":[]},"product_cat":[192],"product_tag":[293],"class_list":{"0":"post-2778","1":"product","2":"type-product","3":"status-publish","4":"has-post-thumbnail","6":"product_cat-accesorios","7":"product_tag-f1662","9":"first","10":"outofstock","11":"shipping-taxable","12":"purchasable","13":"product-type-simple"},"_links":{"self":[{"href":"https:\/\/jobstore.cl\/index.php\/wp-json\/wp\/v2\/product\/2778","targetHints":{"allow":["GET"]}}],"collection":[{"href":"https:\/\/jobstore.cl\/index.php\/wp-json\/wp\/v2\/product"}],"about":[{"href":"https:\/\/jobstore.cl\/index.php\/wp-json\/wp\/v2\/types\/product"}],"replies":[{"embeddable":true,"href":"https:\/\/jobstore.cl\/index.php\/wp-json\/wp\/v2\/comments?post=2778"}],"version-history":[{"count":10,"href":"https:\/\/jobstore.cl\/index.php\/wp-json\/wp\/v2\/product\/2778\/revisions"}],"predecessor-version":[{"id":13809,"href":"https:\/\/jobstore.cl\/index.php\/wp-json\/wp\/v2\/product\/2778\/revisions\/13809"}],"wp:featuredmedia":[{"embeddable":true,"href":"https:\/\/jobstore.cl\/index.php\/wp-json\/wp\/v2\/media\/2782"}],"wp:attachment":[{"href":"https:\/\/jobstore.cl\/index.php\/wp-json\/wp\/v2\/media?parent=2778"}],"wp:term":[{"taxonomy":"product_cat","embeddable":true,"href":"https:\/\/jobstore.cl\/index.php\/wp-json\/wp\/v2\/product_cat?post=2778"},{"taxonomy":"product_tag","embeddable":true,"href":"https:\/\/jobstore.cl\/index.php\/wp-json\/wp\/v2\/product_tag?post=2778"}],"curies":[{"name":"wp","href":"https:\/\/api.w.org\/{rel}","templated":true}]}}