{"id":2748,"date":"2021-11-02T16:10:26","date_gmt":"2021-11-02T19:10:26","guid":{"rendered":"https:\/\/jobstore.cl\/?post_type=product&#038;p=2748"},"modified":"2023-03-17T13:57:10","modified_gmt":"2023-03-17T16:57:10","slug":"cable-de-audio-optico-digital-vention-1-mt","status":"publish","type":"product","link":"https:\/\/jobstore.cl\/index.php\/product\/cable-de-audio-optico-digital-vention-1-mt\/","title":{"rendered":"Cable de Audio Optico Digital de 1 Mt"},"content":{"rendered":"<p>El cable de audio de fibra \u00f3ptica digital VENTION tiene una calidad de sonido pura. El sonido est\u00e9reo de alta fidelidad te permite disfrutar de un sonido excelente. Es realmente genial para cine en casa.<\/p>\n<p>Transmisi\u00f3n de alta frecuencia de sonido al sistema de sonido de fibra \u00f3ptica con conector de audio.<\/p>\n<p>Calidad de sonido HI-FI de alta resoluci\u00f3n. El sonido envolvente Dolby AC3 y DTS te hace ser inmersivo. La lente micro convexa \u00fanica de alto enfoque reduce enormemente el reflejo de la luz en el interior de fibra \u00f3ptica.<span class=\"Apple-converted-space\">\u00a0<\/span><\/p>\n<p>Disminuye eficazmente la distorsi\u00f3n digital. Suave y resistente. Sin miedo a que se tuerza. La fibra \u00f3ptica convierte la se\u00f1al el\u00e9ctrica en se\u00f1al \u00f3ptica a trav\u00e9s de un transductor fotoel\u00e9ctrico.<\/p>\n","protected":false},"excerpt":{"rendered":"<p><strong>Especificaciones:<\/strong><\/p>\n<ul>\n<li><span style=\"color: var(--base-font-color);\">Longitud del cable: 1 mt<\/span><\/li>\n<li><span style=\"color: var(--base-font-color);\">Peso del art\u00edculo: aprox. 60 g.<\/span><\/li>\n<li><span style=\"color: var(--base-font-color);\">Tama\u00f1o del paquete: 15 x 15 x 1 cm.<\/span><\/li>\n<li><span style=\"color: var(--base-font-color);\">\u00a0<\/span><span style=\"color: var(--base-font-color);\">Peso del paquete: 60 g.\u00a0<\/span><\/li>\n<\/ul>\n<p><strong>Contenido del paquete:<\/strong><\/p>\n<ul>\n<li><span style=\"color: var(--base-font-color);\">1 cable de audio de fibra \u00f3ptica.<\/span><\/li>\n<\/ul>\n","protected":false},"featured_media":2749,"comment_status":"open","ping_status":"closed","template":"","meta":{"_joinchat":[]},"product_cat":[192],"product_tag":[290],"class_list":{"0":"post-2748","1":"product","2":"type-product","3":"status-publish","4":"has-post-thumbnail","6":"product_cat-accesorios","7":"product_tag-vab-f01-s100","9":"first","10":"instock","11":"shipping-taxable","12":"purchasable","13":"product-type-simple"},"_links":{"self":[{"href":"https:\/\/jobstore.cl\/index.php\/wp-json\/wp\/v2\/product\/2748","targetHints":{"allow":["GET"]}}],"collection":[{"href":"https:\/\/jobstore.cl\/index.php\/wp-json\/wp\/v2\/product"}],"about":[{"href":"https:\/\/jobstore.cl\/index.php\/wp-json\/wp\/v2\/types\/product"}],"replies":[{"embeddable":true,"href":"https:\/\/jobstore.cl\/index.php\/wp-json\/wp\/v2\/comments?post=2748"}],"version-history":[{"count":5,"href":"https:\/\/jobstore.cl\/index.php\/wp-json\/wp\/v2\/product\/2748\/revisions"}],"predecessor-version":[{"id":13497,"href":"https:\/\/jobstore.cl\/index.php\/wp-json\/wp\/v2\/product\/2748\/revisions\/13497"}],"wp:featuredmedia":[{"embeddable":true,"href":"https:\/\/jobstore.cl\/index.php\/wp-json\/wp\/v2\/media\/2749"}],"wp:attachment":[{"href":"https:\/\/jobstore.cl\/index.php\/wp-json\/wp\/v2\/media?parent=2748"}],"wp:term":[{"taxonomy":"product_cat","embeddable":true,"href":"https:\/\/jobstore.cl\/index.php\/wp-json\/wp\/v2\/product_cat?post=2748"},{"taxonomy":"product_tag","embeddable":true,"href":"https:\/\/jobstore.cl\/index.php\/wp-json\/wp\/v2\/product_tag?post=2748"}],"curies":[{"name":"wp","href":"https:\/\/api.w.org\/{rel}","templated":true}]}}