{"id":2729,"date":"2021-11-02T14:59:28","date_gmt":"2021-11-02T17:59:28","guid":{"rendered":"https:\/\/jobstore.cl\/?post_type=product&#038;p=2729"},"modified":"2023-10-20T13:54:52","modified_gmt":"2023-10-20T16:54:52","slug":"cargador-inteligente-orico-de-4-puertos-usb-para-auto","status":"publish","type":"product","link":"https:\/\/jobstore.cl\/index.php\/product\/cargador-inteligente-orico-de-4-puertos-usb-para-auto\/","title":{"rendered":"Cargador para Auto con 4 puertos de Carga USB-A &#8211; Color Blanco"},"content":{"rendered":"<p>Dispositivos habilitados para USB de 5 V, como tel\u00e9fonos m\u00f3viles, tabletas, bancos de energ\u00eda, altavoces bluetooth, etc.<\/p>\n<p>Adecuado para conectar al encendedor de cigarrillos del veh\u00edculo (DC 12-18V), cuatro puertos bombean 48 vatios de potencia, lo que permite cargar cuatro dispositivos digitales de 5V simult\u00e1neamente a m\u00e1xima velocidad.<\/p>\n<p>Cada puerto detectar\u00e1 el dispositivo conectado y luego se autoajustar\u00e1 para entregar un nivel de corriente correcto. Ofrece una corriente de entrada ideal de hasta 2,4 A, 9,6 A en general, obteniendo as\u00ed un tiempo de carga m\u00e1s r\u00e1pido.<\/p>\n<p>El mecanismo de control de corriente en el interior, corta autom\u00e1ticamente la fuente de alimentaci\u00f3n cuando la corriente supera el umbral para proteger el dispositivo de un peligro potencial.<\/p>\n<p>Este cargador se adapta a una amplia gama de dispositivos alimentados por USB.<\/p>\n<pre id=\"tw-target-text\" class=\"tw-data-text tw-text-large XcVN5d tw-ta\" dir=\"ltr\" data-placeholder=\"Translation\"><\/pre>\n<pre id=\"tw-target-text\" class=\"tw-data-text tw-text-large XcVN5d tw-ta\" dir=\"ltr\" data-placeholder=\"Translation\"><span class=\"Y2IQFc\" lang=\"es\">\u00a0<\/span><\/pre>\n<pre id=\"tw-target-text\" class=\"tw-data-text tw-text-large XcVN5d tw-ta\" dir=\"ltr\" data-placeholder=\"Translation\"><span class=\"Y2IQFc\" lang=\"es\">\u00a0<\/span><\/pre>\n<p>&nbsp;<\/p>\n","protected":false},"excerpt":{"rendered":"<ul class=\"msul swt-Table\">\n<li class=\"Table-Row\">\n<div class=\"ms1 Table-Cell\">Modelo:<\/div>\n<div class=\"ms3 Table-Cell\">ORICO UCH-4U<\/div>\n<\/li>\n<li class=\"Table-Row\">\n<div class=\"ms1 Table-Cell\">Material:<\/div>\n<div class=\"ms3 Table-Cell\">PC + ABS<\/div>\n<\/li>\n<li class=\"Table-Row\">\n<div class=\"ms1 Table-Cell\">Puertos:<\/div>\n<div class=\"ms3 Table-Cell\">4 USB Charging Ports<\/div>\n<\/li>\n<li class=\"Table-Row\">\n<div class=\"ms1 Table-Cell\">Output:<\/div>\n<div class=\"ms3 Table-Cell\">5V2.4A Per Port; 5V9.6A 48 Max<\/div>\n<\/li>\n<li class=\"Table-Row\">\n<div class=\"ms1 Table-Cell\">Input:<\/div>\n<div class=\"ms3 Table-Cell\">DC 12V-18V<\/div>\n<\/li>\n<li class=\"Table-Row\">\n<div class=\"ms1 Table-Cell\">Dimension:<\/div>\n<div class=\"ms3 Table-Cell\">45 x 25 x 75mm<\/div>\n<\/li>\n<li class=\"Table-Row\">\n<div class=\"ms1 Table-Cell\">Compatibilidad:<\/div>\n<div class=\"ms3 Table-Cell\">5V USB &#8211;\u00a0<span style=\"color: var(--base-font-color);\">Dispositivos habilitados para USB de 5 V, como tel\u00e9fonos m\u00f3viles, tabletas, bancos de energ\u00eda, altavoces bluetooth, etc.<\/span><\/div>\n<\/li>\n<\/ul>\n","protected":false},"featured_media":2732,"comment_status":"open","ping_status":"closed","template":"","meta":{"_joinchat":[]},"product_cat":[192,576],"product_tag":[288],"class_list":{"0":"post-2729","1":"product","2":"type-product","3":"status-publish","4":"has-post-thumbnail","6":"product_cat-accesorios","7":"product_cat-ofertas-50","8":"product_tag-uch-4u-wh","10":"first","11":"instock","12":"sale","13":"shipping-taxable","14":"purchasable","15":"product-type-simple"},"_links":{"self":[{"href":"https:\/\/jobstore.cl\/index.php\/wp-json\/wp\/v2\/product\/2729","targetHints":{"allow":["GET"]}}],"collection":[{"href":"https:\/\/jobstore.cl\/index.php\/wp-json\/wp\/v2\/product"}],"about":[{"href":"https:\/\/jobstore.cl\/index.php\/wp-json\/wp\/v2\/types\/product"}],"replies":[{"embeddable":true,"href":"https:\/\/jobstore.cl\/index.php\/wp-json\/wp\/v2\/comments?post=2729"}],"version-history":[{"count":9,"href":"https:\/\/jobstore.cl\/index.php\/wp-json\/wp\/v2\/product\/2729\/revisions"}],"predecessor-version":[{"id":13657,"href":"https:\/\/jobstore.cl\/index.php\/wp-json\/wp\/v2\/product\/2729\/revisions\/13657"}],"wp:featuredmedia":[{"embeddable":true,"href":"https:\/\/jobstore.cl\/index.php\/wp-json\/wp\/v2\/media\/2732"}],"wp:attachment":[{"href":"https:\/\/jobstore.cl\/index.php\/wp-json\/wp\/v2\/media?parent=2729"}],"wp:term":[{"taxonomy":"product_cat","embeddable":true,"href":"https:\/\/jobstore.cl\/index.php\/wp-json\/wp\/v2\/product_cat?post=2729"},{"taxonomy":"product_tag","embeddable":true,"href":"https:\/\/jobstore.cl\/index.php\/wp-json\/wp\/v2\/product_tag?post=2729"}],"curies":[{"name":"wp","href":"https:\/\/api.w.org\/{rel}","templated":true}]}}