{"id":2721,"date":"2021-11-02T14:22:56","date_gmt":"2021-11-02T17:22:56","guid":{"rendered":"https:\/\/jobstore.cl\/?post_type=product&#038;p=2721"},"modified":"2023-03-23T11:27:54","modified_gmt":"2023-03-23T14:27:54","slug":"microfono-multimedia-philco-mic10-mini-plug","status":"publish","type":"product","link":"https:\/\/jobstore.cl\/index.php\/product\/microfono-multimedia-philco-mic10-mini-plug\/","title":{"rendered":"Micr\u00f3fono Multimedia Mic10 &#8211; Jack Audio"},"content":{"rendered":"<p>Micr\u00f3fono multimedia ideal para tu escritorio, perfecto para grabar y transmitir voces. Para todo tipo de PC o port\u00e1til con Plug 3.5 mm.<\/p>\n","protected":false},"excerpt":{"rendered":"<p>Micr\u00f3fono multimedia ideal para tu escritorio, perfecto para grabar y transmitir voces. Para todo tipo de PC o port\u00e1til con Plug 3.5 mm.<\/p>\n","protected":false},"featured_media":2727,"comment_status":"open","ping_status":"closed","template":"","meta":{"_joinchat":[]},"product_cat":[192],"product_tag":[287],"class_list":{"0":"post-2721","1":"product","2":"type-product","3":"status-publish","4":"has-post-thumbnail","6":"product_cat-accesorios","7":"product_tag-29plc-mic10","9":"first","10":"instock","11":"shipping-taxable","12":"purchasable","13":"product-type-simple"},"_links":{"self":[{"href":"https:\/\/jobstore.cl\/index.php\/wp-json\/wp\/v2\/product\/2721","targetHints":{"allow":["GET"]}}],"collection":[{"href":"https:\/\/jobstore.cl\/index.php\/wp-json\/wp\/v2\/product"}],"about":[{"href":"https:\/\/jobstore.cl\/index.php\/wp-json\/wp\/v2\/types\/product"}],"replies":[{"embeddable":true,"href":"https:\/\/jobstore.cl\/index.php\/wp-json\/wp\/v2\/comments?post=2721"}],"version-history":[{"count":4,"href":"https:\/\/jobstore.cl\/index.php\/wp-json\/wp\/v2\/product\/2721\/revisions"}],"predecessor-version":[{"id":13637,"href":"https:\/\/jobstore.cl\/index.php\/wp-json\/wp\/v2\/product\/2721\/revisions\/13637"}],"wp:featuredmedia":[{"embeddable":true,"href":"https:\/\/jobstore.cl\/index.php\/wp-json\/wp\/v2\/media\/2727"}],"wp:attachment":[{"href":"https:\/\/jobstore.cl\/index.php\/wp-json\/wp\/v2\/media?parent=2721"}],"wp:term":[{"taxonomy":"product_cat","embeddable":true,"href":"https:\/\/jobstore.cl\/index.php\/wp-json\/wp\/v2\/product_cat?post=2721"},{"taxonomy":"product_tag","embeddable":true,"href":"https:\/\/jobstore.cl\/index.php\/wp-json\/wp\/v2\/product_tag?post=2721"}],"curies":[{"name":"wp","href":"https:\/\/api.w.org\/{rel}","templated":true}]}}