{"id":2643,"date":"2021-10-29T18:18:27","date_gmt":"2021-10-29T21:18:27","guid":{"rendered":"https:\/\/jobstore.cl\/?post_type=product&#038;p=2643"},"modified":"2026-04-13T10:49:34","modified_gmt":"2026-04-13T13:49:34","slug":"transmisor-wireless-eve-adam-elements-blanco","status":"publish","type":"product","link":"https:\/\/jobstore.cl\/index.php\/product\/transmisor-wireless-eve-adam-elements-blanco\/","title":{"rendered":"Transmisor Wireless &#8211; Color Blanco"},"content":{"rendered":"<p>Con el Transmisor Wireless de Adam Elelments transmite audio sin esfuerzo desde tu consola de juegos, TV o sistema est\u00e9reo dom\u00e9stico a tus auriculares o altavoces Bluetooth.<\/p>\n<p>Transmite la m\u00fasica de cualquier dispositivo a tus AirPods u otros aud\u00edfonos Bluetooth con el adaptador Eve de Adam Elements. \u00c9ste compacto dispositivo te permite utilizar cualquier sistema de audio que tenga una salida de 3,5 mm con dispositivos Bluetooth. Y adem\u00e1s, funciona como receptor Bluetooth para tu equipo de m\u00fasica o radio de auto.<\/p>\n","protected":false},"excerpt":{"rendered":"<p><strong>Caracter\u00edsticas:<\/strong><\/p>\n<ul>\n<li>Compatible con Bluetooth 5.0<\/li>\n<li>Hasta 8 horas de uso continuo en una sola carga.<\/li>\n<li>Tama\u00f1o compacto ideal para llevar a cualquier lugar.<\/li>\n<li>Conectores de audio auxiliar compatibles con salidas de audio de 3,5 mm y conectores de avi\u00f3n.<\/li>\n<li>Permite transmitir y recibir audio a trav\u00e9s de Bluetooth.<\/li>\n<li>Compatible con Nintendo Switch y AirPods.<\/li>\n<li>F\u00e1cil de cambiar entre modo compartir y modo recibir.<\/li>\n<li>Dimensiones: 4,7 x 4 x 1,4 cm.<\/li>\n<li>Peso: 23,5 grs.<\/li>\n<\/ul>\n","protected":false},"featured_media":2659,"comment_status":"open","ping_status":"closed","template":"","meta":{"_joinchat":[]},"product_cat":[397,200,189],"product_tag":[281],"class_list":{"0":"post-2643","1":"product","2":"type-product","3":"status-publish","4":"has-post-thumbnail","6":"product_cat-audio","7":"product_cat-imac","8":"product_cat-ipad","9":"product_tag-2aby9eve","11":"first","12":"outofstock","13":"sale","14":"shipping-taxable","15":"purchasable","16":"product-type-simple"},"_links":{"self":[{"href":"https:\/\/jobstore.cl\/index.php\/wp-json\/wp\/v2\/product\/2643","targetHints":{"allow":["GET"]}}],"collection":[{"href":"https:\/\/jobstore.cl\/index.php\/wp-json\/wp\/v2\/product"}],"about":[{"href":"https:\/\/jobstore.cl\/index.php\/wp-json\/wp\/v2\/types\/product"}],"replies":[{"embeddable":true,"href":"https:\/\/jobstore.cl\/index.php\/wp-json\/wp\/v2\/comments?post=2643"}],"version-history":[{"count":10,"href":"https:\/\/jobstore.cl\/index.php\/wp-json\/wp\/v2\/product\/2643\/revisions"}],"predecessor-version":[{"id":13545,"href":"https:\/\/jobstore.cl\/index.php\/wp-json\/wp\/v2\/product\/2643\/revisions\/13545"}],"wp:featuredmedia":[{"embeddable":true,"href":"https:\/\/jobstore.cl\/index.php\/wp-json\/wp\/v2\/media\/2659"}],"wp:attachment":[{"href":"https:\/\/jobstore.cl\/index.php\/wp-json\/wp\/v2\/media?parent=2643"}],"wp:term":[{"taxonomy":"product_cat","embeddable":true,"href":"https:\/\/jobstore.cl\/index.php\/wp-json\/wp\/v2\/product_cat?post=2643"},{"taxonomy":"product_tag","embeddable":true,"href":"https:\/\/jobstore.cl\/index.php\/wp-json\/wp\/v2\/product_tag?post=2643"}],"curies":[{"name":"wp","href":"https:\/\/api.w.org\/{rel}","templated":true}]}}