{"id":2531,"date":"2021-11-29T09:53:09","date_gmt":"2021-11-29T12:53:09","guid":{"rendered":"https:\/\/jobstore.cl\/?post_type=product&#038;p=2531"},"modified":"2024-01-04T15:01:01","modified_gmt":"2024-01-04T18:01:01","slug":"teclado-apple-magic-keyboard-latinoamericano","status":"publish","type":"product","link":"https:\/\/jobstore.cl\/index.php\/product\/teclado-apple-magic-keyboard-latinoamericano\/","title":{"rendered":"Teclado Apple Magic Keyboard Latinoamericano &#8211; Color Plata"},"content":{"rendered":"<p>El Magic Keyboard permite escribir con mayor comodidad y precisi\u00f3n. Es inal\u00e1mbrico y recargable, y la bater\u00eda integrada es incre\u00edblemente duradera, lo que hace que el teclado funcione durante un mes o m\u00e1s con una sola carga.<sup>1<\/sup> Se enlaza autom\u00e1ticamente a la Mac, para que puedas ponerte a trabajar de inmediato. Adem\u00e1s, incluye un cable tejido de USB-C a Lightning que te permite enlazar y cargar desde el puerto USB-C en tu Mac.<\/p>\n<ol>\n<li>Pruebas realizadas por Apple en marzo y abril de 2021 con dispositivos Magic Keyboard en preproducci\u00f3n y versiones preliminares de firmware y software, enlazados con sistemas en preproducci\u00f3n de la iMac de 24 pulgadas con el chip M1 de Apple. Las pruebas consistieron en la descarga completa de la bater\u00eda mientras el dispositivo estaba enlazado a una iMac mediante un sistema automatizado. La duraci\u00f3n de la bater\u00eda depende de la configuraci\u00f3n del dispositivo, el uso y otros factores.<\/li>\n<\/ol>\n","protected":false},"excerpt":{"rendered":"<table>\n<tbody>\n<tr>\n<td><strong>Incluye<\/strong><\/td>\n<td>\n<div class=\"para-list\">\n<p>Teclado Magic Keyboard de Apple<\/p>\n<\/div>\n<div class=\"para-list as-pdp-lastparalist\">\n<p>Cable Lightning a USB-C<\/p>\n<p>&nbsp;<\/p>\n<\/div>\n<\/td>\n<\/tr>\n<tr>\n<td><strong>Especificaciones<\/strong><\/td>\n<td>\n<h4 class=\"h4-para-title\">Tama\u00f1o y peso<\/h4>\n<div class=\"para-list\">\n<p>Alto: 0,41\u00a0a\u00a01,09 cm<\/p>\n<\/div>\n<div class=\"para-list as-pdp-lastparalist\">\n<p>Ancho: 27,89 cm<\/p>\n<\/div>\n<div class=\"para-list\">\n<p>Profundidad: 11,49 cm<\/p>\n<\/div>\n<div class=\"para-list as-pdp-lastparalist\">\n<p>Peso: 239 g<\/p>\n<\/div>\n<h4 class=\"h4-para-title\">General<\/h4>\n<div class=\"para-list as-pdp-lastparalist\">\n<p>Teclas multimedia<\/p>\n<\/div>\n<h4 class=\"h4-para-title\">Conexiones y expansi\u00f3n<\/h4>\n<div class=\"para-list\">\n<p>Bluetooth<\/p>\n<\/div>\n<div class=\"para-list\">\n<p>Puerto Lightning<\/p>\n<\/div>\n<div class=\"para-list as-pdp-lastparalist\">\n<p>Tecnolog\u00eda inal\u00e1mbrica<\/p>\n<p>&nbsp;<\/p>\n<\/div>\n<\/td>\n<\/tr>\n<tr>\n<td><strong>Requisitos de sistema<\/strong><\/td>\n<td>\n<div class=\"para-list\">\n<p>Computadora Mac con macOS 11.3\u00a0o posterior<\/p>\n<\/div>\n<div class=\"para-list as-pdp-lastparalist\">\n<div class=\"para-list as-pdp-lastparalist\">\n<p>iPad con iPadOS 14.5\u00a0o posterior<\/p>\n<\/div>\n<\/div>\n<div class=\"para-list as-pdp-lastparalist\">\n<p>iPhone y iPod touch\u00a0con iOS 14.5\u00a0o posterior<\/p>\n<p>&nbsp;<\/p>\n<\/div>\n<\/td>\n<\/tr>\n<\/tbody>\n<\/table>\n","protected":false},"featured_media":2532,"comment_status":"open","ping_status":"closed","template":"","meta":{"_joinchat":[]},"product_cat":[192,593],"product_tag":[269],"class_list":{"0":"post-2531","1":"product","2":"type-product","3":"status-publish","4":"has-post-thumbnail","6":"product_brand-apple","7":"product_cat-accesorios","8":"product_cat-accesorios-apple","9":"product_tag-mk2a3la-a","11":"first","12":"outofstock","13":"shipping-taxable","14":"purchasable","15":"product-type-simple"},"_links":{"self":[{"href":"https:\/\/jobstore.cl\/index.php\/wp-json\/wp\/v2\/product\/2531","targetHints":{"allow":["GET"]}}],"collection":[{"href":"https:\/\/jobstore.cl\/index.php\/wp-json\/wp\/v2\/product"}],"about":[{"href":"https:\/\/jobstore.cl\/index.php\/wp-json\/wp\/v2\/types\/product"}],"replies":[{"embeddable":true,"href":"https:\/\/jobstore.cl\/index.php\/wp-json\/wp\/v2\/comments?post=2531"}],"version-history":[{"count":2,"href":"https:\/\/jobstore.cl\/index.php\/wp-json\/wp\/v2\/product\/2531\/revisions"}],"predecessor-version":[{"id":13633,"href":"https:\/\/jobstore.cl\/index.php\/wp-json\/wp\/v2\/product\/2531\/revisions\/13633"}],"wp:featuredmedia":[{"embeddable":true,"href":"https:\/\/jobstore.cl\/index.php\/wp-json\/wp\/v2\/media\/2532"}],"wp:attachment":[{"href":"https:\/\/jobstore.cl\/index.php\/wp-json\/wp\/v2\/media?parent=2531"}],"wp:term":[{"taxonomy":"product_cat","embeddable":true,"href":"https:\/\/jobstore.cl\/index.php\/wp-json\/wp\/v2\/product_cat?post=2531"},{"taxonomy":"product_tag","embeddable":true,"href":"https:\/\/jobstore.cl\/index.php\/wp-json\/wp\/v2\/product_tag?post=2531"}],"curies":[{"name":"wp","href":"https:\/\/api.w.org\/{rel}","templated":true}]}}