{"id":2111,"date":"2021-10-22T21:02:02","date_gmt":"2021-10-23T00:02:02","guid":{"rendered":"https:\/\/jobstore.cl\/?post_type=product&#038;p=2111"},"modified":"2024-01-04T15:12:29","modified_gmt":"2024-01-04T18:12:29","slug":"cargador-magsafe-2-de-85-w-para-macbook-pro-con-pantalla-retina-de-15","status":"publish","type":"product","link":"https:\/\/jobstore.cl\/index.php\/product\/cargador-magsafe-2-de-85-w-para-macbook-pro-con-pantalla-retina-de-15\/","title":{"rendered":"Cargador Apple MagSafe 2 de 85 Watts Para MacBook Pro con Pantalla Retina de 15&#8243;"},"content":{"rendered":"<h4><strong>IMPORTANTE:<\/strong> <a href=\"https:\/\/support.apple.com\/es-cl\/HT201700\">Verifica la compatibilidad<\/a> del cargador con tu equipo.<\/h4>\n<p>El adaptador de corriente MagSafe 2 de 85 W cuenta con conector CD magn\u00e9tico, de modo que si alguien se tropieza con \u00e9l, el cable se desconecta sin causar da\u00f1o y tu MacBook Pro seguir\u00e1 en su lugar en forma segura. Tambi\u00e9n ayuda a prevenir el desgaste y el debilitamiento de los cables con el tiempo. Adem\u00e1s, el CD magn\u00e9tico ayuda al conector a encontrar su posici\u00f3n correcta, para lograr una conexi\u00f3n segura y r\u00e1pida.<br \/>\nCuando la conexi\u00f3n es segura, se enciende un indicador LED ubicado en la parte superior del conector CD; una luz \u00e1mbar te permite saber que tu notebook se est\u00e1 cargando, mientras que una luz verde indica una carga completa. Incluye un cable de corriente alterna junto con el adaptador ofreciendo una longitud m\u00e1xima de cable, mientras que el adaptador de pared de corriente alterna (tambi\u00e9n incluido) te brinda una forma incluso m\u00e1s sencilla y compacta de viajar.<br \/>\nDise\u00f1ado para ser el compa\u00f1ero de viaje perfecto, el adaptador tiene un dise\u00f1o ingenioso, que le permite al cable CD enrollarse sin problemas y as\u00ed guardarlo f\u00e1cilmente.<br \/>\nEste adaptador de corriente recarga la bater\u00eda de pol\u00edmero de litio, mientras el sistema est\u00e1 apagado, encendido o en modo de descanso. Tambi\u00e9n le brinda corriente al sistema si eliges operar sin una bater\u00eda.<br \/>\nEs compatible con la MacBook Pro con pantalla Retina de 15&#8243;<\/p>\n<p><strong>\u00bfNo est\u00e1s seguro si es el cargador\u00a0de corriente adecuado para tu Mac?<\/strong><br \/>\n<a href=\"http:\/\/support.apple.com\/kb\/HT2346?viewlocale=es_ES\">Mira este art\u00edculo<\/a> para obtener m\u00e1s detalles sobre c\u00f3mo elegir el cargador\u00a0correcto.<br \/>\nEs importante conocer qu\u00e9 modelo de Mac espec\u00edfico tienes. Si est\u00e1s ejecutando OS X Lion (10.7) o posterior, ingresa en el men\u00fa \u201c\uf8ff\u201d, en la parte superior izquierda de tu pantalla, selecciona \u201cAcerca de este Mac\u201d y luego haz clic en el bot\u00f3n \u201cM\u00e1s informaci\u00f3n&#8230;\u201d. Aparecer\u00e1 tu modelo y generaci\u00f3n de Mac.<br \/>\nSi est\u00e1s ejecutando una versi\u00f3n anterior de OS X, puedes ingresar el n\u00famero de serie <a href=\"https:\/\/selfsolve.apple.com\/agreementWarrantyDynamic.do?locale=es_CL\">aqu\u00ed<\/a> para saber qu\u00e9 modelo tienes.<\/p>\n","protected":false},"excerpt":{"rendered":"<table>\n<tbody>\n<tr>\n<td><strong>Compatibilidad<sup>1<\/sup><\/strong><\/td>\n<td>MacBook Pro (15 pulgadas, pantalla Retina, modelos del 2012\u00a0al 2015)<\/td>\n<\/tr>\n<\/tbody>\n<\/table>\n<ol>\n<li><a href=\"https:\/\/support.apple.com\/es-cl\/HT201700\">Verifica el modelo de tu equipo<\/a> antes de comprar.<\/li>\n<\/ol>\n","protected":false},"featured_media":2112,"comment_status":"open","ping_status":"closed","template":"","meta":{"_joinchat":[]},"product_cat":[192,593],"product_tag":[220],"class_list":{"0":"post-2111","1":"product","2":"type-product","3":"status-publish","4":"has-post-thumbnail","6":"product_brand-apple","7":"product_cat-accesorios","8":"product_cat-accesorios-apple","9":"product_tag-md506ci-a","11":"first","12":"outofstock","13":"shipping-taxable","14":"purchasable","15":"product-type-simple"},"_links":{"self":[{"href":"https:\/\/jobstore.cl\/index.php\/wp-json\/wp\/v2\/product\/2111","targetHints":{"allow":["GET"]}}],"collection":[{"href":"https:\/\/jobstore.cl\/index.php\/wp-json\/wp\/v2\/product"}],"about":[{"href":"https:\/\/jobstore.cl\/index.php\/wp-json\/wp\/v2\/types\/product"}],"replies":[{"embeddable":true,"href":"https:\/\/jobstore.cl\/index.php\/wp-json\/wp\/v2\/comments?post=2111"}],"version-history":[{"count":2,"href":"https:\/\/jobstore.cl\/index.php\/wp-json\/wp\/v2\/product\/2111\/revisions"}],"predecessor-version":[{"id":13056,"href":"https:\/\/jobstore.cl\/index.php\/wp-json\/wp\/v2\/product\/2111\/revisions\/13056"}],"wp:featuredmedia":[{"embeddable":true,"href":"https:\/\/jobstore.cl\/index.php\/wp-json\/wp\/v2\/media\/2112"}],"wp:attachment":[{"href":"https:\/\/jobstore.cl\/index.php\/wp-json\/wp\/v2\/media?parent=2111"}],"wp:term":[{"taxonomy":"product_cat","embeddable":true,"href":"https:\/\/jobstore.cl\/index.php\/wp-json\/wp\/v2\/product_cat?post=2111"},{"taxonomy":"product_tag","embeddable":true,"href":"https:\/\/jobstore.cl\/index.php\/wp-json\/wp\/v2\/product_tag?post=2111"}],"curies":[{"name":"wp","href":"https:\/\/api.w.org\/{rel}","templated":true}]}}