{"id":2108,"date":"2021-10-22T20:06:57","date_gmt":"2021-10-22T23:06:57","guid":{"rendered":"https:\/\/jobstore.cl\/?post_type=product&#038;p=2108"},"modified":"2024-01-04T15:11:33","modified_gmt":"2024-01-04T18:11:33","slug":"cargador-magsafe-de-85-w-para-mac","status":"publish","type":"product","link":"https:\/\/jobstore.cl\/index.php\/product\/cargador-magsafe-de-85-w-para-mac\/","title":{"rendered":"Cargador Apple MagSafe 1 de 85 Watts para MacBook Pro"},"content":{"rendered":"<h4><strong>IMPORTANTE:<\/strong> <a href=\"https:\/\/support.apple.com\/es-cl\/HT201700\">Verifica la compatibilidad<\/a> del cargador con tu equipo.<\/h4>\n<p>El adaptador de corriente MagSafe\u00a0de 85\u00a0vatios incorpora un conector magn\u00e9tico de CC que se desconecta si alguien tropieza con el cable. Adem\u00e1s, evita el desgaste de los cables para prolongar su vida \u00fatil. El conector magn\u00e9tico de CC ayuda a establecer una conexi\u00f3n r\u00e1pida y segura con el equipo.<br \/>\nUna vez que la conexi\u00f3n es segura, se ilumina el indicador\u00a0LED situado en la parte superior del conector\u00a0de\u00a0CC: la luz \u00e1mbar indica que el port\u00e1til se est\u00e1 cargando, y la luz verde, que ya se ha cargado del todo. El adaptador viene con un cable de CA para ofrecerte la m\u00e1xima longitud de cable, y tambi\u00e9n se incluye un adaptador de CA de pared (tambi\u00e9n suministrado) muy \u00fatil para viajes.<br \/>\nEste adaptador, concebido para ser el compa\u00f1ero de viaje ideal, presenta un dise\u00f1o inteligente que permite recoger el cable de\u00a0CC enroll\u00e1ndolo f\u00e1cilmente alrededor del adaptador.<br \/>\nEl adaptador de corriente carga la bater\u00eda de pol\u00edmeros de litio mientras el equipo est\u00e1 apagado, encendido o en reposo, y tambi\u00e9n alimenta el equipo si decides utilizarlo sin bater\u00eda.<\/p>\n<p><strong>\u00bfNo est\u00e1s seguro si es el cargador\u00a0de corriente adecuado para tu Mac?<\/strong><br \/>\n<a href=\"http:\/\/support.apple.com\/kb\/HT2346?viewlocale=es_ES\">Mira este art\u00edculo<\/a> para obtener m\u00e1s detalles sobre c\u00f3mo elegir el cargador\u00a0correcto.<br \/>\nEs importante conocer qu\u00e9 modelo de Mac espec\u00edfico tienes. Si est\u00e1s ejecutando OS X Lion (10.7) o posterior, ingresa en el men\u00fa Apple, en la parte superior izquierda de tu pantalla, selecciona \u00abAcerca de este Mac\u00bb y luego haz clic en el bot\u00f3n \u00abM\u00e1s informaci\u00f3n&#8230;\u00bb. Aparecer\u00e1 tu modelo y generaci\u00f3n de Mac.<br \/>\nSi est\u00e1s ejecutando una versi\u00f3n anterior de OS X, puedes ingresar el n\u00famero de serie <a href=\"https:\/\/selfsolve.apple.com\/agreementWarrantyDynamic.do?locale=es_CL\">aqu\u00ed<\/a> para saber qu\u00e9 modelo tienes.<\/p>\n","protected":false},"excerpt":{"rendered":"<table>\n<tbody>\n<tr>\n<td><strong>Compatibilidad<sup>1<\/sup><\/strong><\/td>\n<td>MacBook Pro (13 pulgadas, modelos del 2009 al 2012)<sup>2<\/sup><\/p>\n<p>MacBook Pro (15 pulgadas, modelos del\u00a02006 al 2012)<sup>2<\/sup><\/p>\n<p>MacBook Pro (17 pulgadas, modelos del 2006 al 2012)<\/p>\n<p>MacBook Air (11 pulgadas, modelos del 2010 y 2011)<\/p>\n<p>MacBook Air (13 pulgadas, modelos del 2008 al 2011)<\/p>\n<p>MacBook (13 pulgadas, modelos del 2006 al 2010)<\/td>\n<\/tr>\n<\/tbody>\n<\/table>\n<ol>\n<li><a href=\"https:\/\/support.apple.com\/es-cl\/HT201700\">Verifica el modelo de tu equipo<\/a> antes de comprar.<\/li>\n<li>No compatible con modelos con pantalla Retina.<\/li>\n<\/ol>\n","protected":false},"featured_media":2109,"comment_status":"open","ping_status":"closed","template":"","meta":{"_joinchat":[]},"product_cat":[192,593],"product_tag":[219],"class_list":{"0":"post-2108","1":"product","2":"type-product","3":"status-publish","4":"has-post-thumbnail","6":"product_brand-apple","7":"product_cat-accesorios","8":"product_cat-accesorios-apple","9":"product_tag-mc556ci-b","11":"first","12":"outofstock","13":"shipping-taxable","14":"purchasable","15":"product-type-simple"},"_links":{"self":[{"href":"https:\/\/jobstore.cl\/index.php\/wp-json\/wp\/v2\/product\/2108","targetHints":{"allow":["GET"]}}],"collection":[{"href":"https:\/\/jobstore.cl\/index.php\/wp-json\/wp\/v2\/product"}],"about":[{"href":"https:\/\/jobstore.cl\/index.php\/wp-json\/wp\/v2\/types\/product"}],"replies":[{"embeddable":true,"href":"https:\/\/jobstore.cl\/index.php\/wp-json\/wp\/v2\/comments?post=2108"}],"version-history":[{"count":4,"href":"https:\/\/jobstore.cl\/index.php\/wp-json\/wp\/v2\/product\/2108\/revisions"}],"predecessor-version":[{"id":13694,"href":"https:\/\/jobstore.cl\/index.php\/wp-json\/wp\/v2\/product\/2108\/revisions\/13694"}],"wp:featuredmedia":[{"embeddable":true,"href":"https:\/\/jobstore.cl\/index.php\/wp-json\/wp\/v2\/media\/2109"}],"wp:attachment":[{"href":"https:\/\/jobstore.cl\/index.php\/wp-json\/wp\/v2\/media?parent=2108"}],"wp:term":[{"taxonomy":"product_cat","embeddable":true,"href":"https:\/\/jobstore.cl\/index.php\/wp-json\/wp\/v2\/product_cat?post=2108"},{"taxonomy":"product_tag","embeddable":true,"href":"https:\/\/jobstore.cl\/index.php\/wp-json\/wp\/v2\/product_tag?post=2108"}],"curies":[{"name":"wp","href":"https:\/\/api.w.org\/{rel}","templated":true}]}}