{"id":2084,"date":"2021-10-22T17:07:40","date_gmt":"2021-10-22T20:07:40","guid":{"rendered":"https:\/\/jobstore.cl\/?post_type=product&#038;p=2084"},"modified":"2024-01-04T15:13:50","modified_gmt":"2024-01-04T18:13:50","slug":"teclado-apple-magic-keyboard-con-teclado-numerico-espanol-plata","status":"publish","type":"product","link":"https:\/\/jobstore.cl\/index.php\/product\/teclado-apple-magic-keyboard-con-teclado-numerico-espanol-plata\/","title":{"rendered":"Teclado Apple Magic Keyboard con Teclado Num\u00e9rico Espa\u00f1ol &#8211; Color Plata"},"content":{"rendered":"<p>El Magic Keyboard con teclado num\u00e9rico tiene un dise\u00f1o ampliado que incluye controles de navegaci\u00f3n de documentos para desplazarte r\u00e1pidamente y teclas de flecha de tama\u00f1o completo. El mecanismo de tijera debajo de cada tecla le da una mayor estabilidad, mientras que la pulsaci\u00f3n optimizada y su estructura m\u00e1s baja brindan una experiencia de escritura c\u00f3moda y precisa. El teclado num\u00e9rico tambi\u00e9n es ideal para hojas de c\u00e1lculo y aplicaciones de finanzas. Adem\u00e1s, la bater\u00eda es incre\u00edblemente duradera y har\u00e1 que tu teclado funcione durante un mes o m\u00e1s con una \u00fanica carga.<\/p>\n","protected":false},"excerpt":{"rendered":"<table style=\"height: 369px;\" width=\"494\">\n<tbody>\n<tr>\n<td><strong>Incluye<\/strong><\/td>\n<td>\n<div class=\"para-list\">\n<p>Teclado Magic Keyboard con teclado num\u00e9rico de Apple<\/p>\n<\/div>\n<div class=\"para-list as-pdp-lastparalist\">\n<p>Cable Lightning a USB-A<\/p>\n<p>&nbsp;<\/p>\n<\/div>\n<\/td>\n<\/tr>\n<tr>\n<td><strong>Especificaciones<\/strong><\/td>\n<td>\n<h4 class=\"h4-para-title\">Tama\u00f1o y peso<\/h4>\n<div class=\"para-list\">\n<p>Alto: 0,41\u00a0a\u00a01,09 cm<\/p>\n<\/div>\n<div class=\"para-list as-pdp-lastparalist\">\n<p>Ancho: 41,87\u00a0cm<\/p>\n<\/div>\n<div class=\"para-list\">\n<p>Profundidad: 11,49 cm<\/p>\n<\/div>\n<div class=\"para-list as-pdp-lastparalist\">\n<p>Peso: 390\u00a0g<\/p>\n<\/div>\n<h4 class=\"h4-para-title\">General<\/h4>\n<div class=\"para-list as-pdp-lastparalist\">\n<p>Teclas multimedia<\/p>\n<\/div>\n<\/td>\n<\/tr>\n<\/tbody>\n<\/table>\n<p>&nbsp;<\/p>\n","protected":false},"featured_media":2085,"comment_status":"open","ping_status":"closed","template":"","meta":{"_joinchat":[]},"product_cat":[192,593],"product_tag":[216],"class_list":{"0":"post-2084","1":"product","2":"type-product","3":"status-publish","4":"has-post-thumbnail","6":"product_brand-apple","7":"product_cat-accesorios","8":"product_cat-accesorios-apple","9":"product_tag-mq052e-a","11":"first","12":"outofstock","13":"shipping-taxable","14":"purchasable","15":"product-type-simple"},"_links":{"self":[{"href":"https:\/\/jobstore.cl\/index.php\/wp-json\/wp\/v2\/product\/2084","targetHints":{"allow":["GET"]}}],"collection":[{"href":"https:\/\/jobstore.cl\/index.php\/wp-json\/wp\/v2\/product"}],"about":[{"href":"https:\/\/jobstore.cl\/index.php\/wp-json\/wp\/v2\/types\/product"}],"replies":[{"embeddable":true,"href":"https:\/\/jobstore.cl\/index.php\/wp-json\/wp\/v2\/comments?post=2084"}],"version-history":[{"count":8,"href":"https:\/\/jobstore.cl\/index.php\/wp-json\/wp\/v2\/product\/2084\/revisions"}],"predecessor-version":[{"id":13603,"href":"https:\/\/jobstore.cl\/index.php\/wp-json\/wp\/v2\/product\/2084\/revisions\/13603"}],"wp:featuredmedia":[{"embeddable":true,"href":"https:\/\/jobstore.cl\/index.php\/wp-json\/wp\/v2\/media\/2085"}],"wp:attachment":[{"href":"https:\/\/jobstore.cl\/index.php\/wp-json\/wp\/v2\/media?parent=2084"}],"wp:term":[{"taxonomy":"product_cat","embeddable":true,"href":"https:\/\/jobstore.cl\/index.php\/wp-json\/wp\/v2\/product_cat?post=2084"},{"taxonomy":"product_tag","embeddable":true,"href":"https:\/\/jobstore.cl\/index.php\/wp-json\/wp\/v2\/product_tag?post=2084"}],"curies":[{"name":"wp","href":"https:\/\/api.w.org\/{rel}","templated":true}]}}