{"id":1951,"date":"2021-09-23T16:19:51","date_gmt":"2021-09-23T19:19:51","guid":{"rendered":"https:\/\/jobstore.cl\/?post_type=product&#038;p=1951"},"modified":"2026-04-13T14:42:42","modified_gmt":"2026-04-13T17:42:42","slug":"adaptador-de-camara-lightning-a-usb","status":"publish","type":"product","link":"https:\/\/jobstore.cl\/index.php\/product\/adaptador-de-camara-lightning-a-usb\/","title":{"rendered":"Adaptador Apple para Camara de Lightning a USB-A"},"content":{"rendered":"<h3 class=\"rc-pdsection-title\" data-autom=\"sectionTitle\"><strong>\u00bfQu\u00e9 hay en la caja?\u00a0<\/strong>Adaptador de c\u00e1mara Lightning a USB<\/h3>\n<p>&nbsp;<\/p>\n<h3 class=\"rc-pdsection-title\" data-autom=\"sectionTitle\"><strong>Especificaciones t\u00e9cnicas\u00a0<\/strong><span style=\"color: var(--base-font-color)\">Rayos\u00a0<\/span><span style=\"color: var(--base-font-color)\">USB<\/span><\/h3>\n<p>&nbsp;<\/p>\n<div class=\"rc-pdsection-sidepanel column large-3 small-12\">\n<h3 class=\"rc-pdsection-title\" data-autom=\"sectionTitle\"><strong>Requisitos del sistema <\/strong>Modelos de iPhone, iPad y iPod touch con iOS 9 o posterior<\/h3>\n<\/div>\n<p>&nbsp;<\/p>\n<h3><strong>Compatibilidad<\/strong><\/h3>\n<h3 class=\"rf-pdp-compatibility-title\" data-autom=\"compatibleModelTitle\">Modelos de iPhone<\/h3>\n<ul class=\"rf-pdp-productlist\">\n<li class=\"rf-pdp-compatibility-productlistitems\"><a class=\"rf-pdp-compatibility-productlistlinks\" href=\"https:\/\/www.apple.com\/shop\/buy-iphone\/iphone-13-pro\">iPhone 13 Pro<\/a><\/li>\n<li class=\"rf-pdp-compatibility-productlistitems\"><a class=\"rf-pdp-compatibility-productlistlinks\" href=\"https:\/\/www.apple.com\/shop\/buy-iphone\/iphone-13-pro\">iPhone 13 Pro Max<\/a><\/li>\n<li class=\"rf-pdp-compatibility-productlistitems\"><a class=\"rf-pdp-compatibility-productlistlinks\" href=\"https:\/\/www.apple.com\/shop\/buy-iphone\/iphone-13\">iPhone 13 mini<\/a><\/li>\n<li class=\"rf-pdp-compatibility-productlistitems\"><a class=\"rf-pdp-compatibility-productlistlinks\" href=\"https:\/\/www.apple.com\/shop\/buy-iphone\/iphone-13\">iPhone 13<\/a><\/li>\n<li class=\"rf-pdp-compatibility-productlistitems\">iPhone 12 Pro<\/li>\n<li class=\"rf-pdp-compatibility-productlistitems\">iPhone 12 Pro Max<\/li>\n<li class=\"rf-pdp-compatibility-productlistitems\"><a class=\"rf-pdp-compatibility-productlistlinks\" href=\"https:\/\/www.apple.com\/shop\/buy-iphone\/iphone-12\">iPhone 12 mini<\/a><\/li>\n<li class=\"rf-pdp-compatibility-productlistitems\"><a class=\"rf-pdp-compatibility-productlistlinks\" href=\"https:\/\/www.apple.com\/shop\/buy-iphone\/iphone-12\">iPhone 12<\/a><\/li>\n<li class=\"rf-pdp-compatibility-productlistitems\">iPhone 11 Pro<\/li>\n<li class=\"rf-pdp-compatibility-productlistitems\">iPhone 11 Pro Max<\/li>\n<li class=\"rf-pdp-compatibility-productlistitems\"><a class=\"rf-pdp-compatibility-productlistlinks\" href=\"https:\/\/www.apple.com\/shop\/buy-iphone\/iphone-11\">iPhone 11<\/a><\/li>\n<li class=\"rf-pdp-compatibility-productlistitems\"><a class=\"rf-pdp-compatibility-productlistlinks\" href=\"https:\/\/www.apple.com\/shop\/buy-iphone\/iphone-se\">iPhone SE (2.a generaci\u00f3n)<\/a><\/li>\n<li class=\"rf-pdp-compatibility-productlistitems\">iPhone XS<\/li>\n<li class=\"rf-pdp-compatibility-productlistitems\">iPhone XS Max<\/li>\n<li class=\"rf-pdp-compatibility-productlistitems\">iPhone XR<\/li>\n<li class=\"rf-pdp-compatibility-productlistitems\">iPhone X<\/li>\n<li class=\"rf-pdp-compatibility-productlistitems\">iPhone 8<\/li>\n<li class=\"rf-pdp-compatibility-productlistitems\">iPhone 8 Plus<\/li>\n<li class=\"rf-pdp-compatibility-productlistitems\">iPhone 7<\/li>\n<li class=\"rf-pdp-compatibility-productlistitems\">iPhone 7 Plus<\/li>\n<li class=\"rf-pdp-compatibility-productlistitems\">iPhone 6s<\/li>\n<li class=\"rf-pdp-compatibility-productlistitems\">iPhone 6s Plus<\/li>\n<li class=\"rf-pdp-compatibility-productlistitems\">iPhone 6<\/li>\n<li class=\"rf-pdp-compatibility-productlistitems\">iPhone 6 Plus<\/li>\n<li class=\"rf-pdp-compatibility-productlistitems\">iPhone SE (1.a generaci\u00f3n)<\/li>\n<li class=\"rf-pdp-compatibility-productlistitems\">iPhone 5s<\/li>\n<li class=\"rf-pdp-compatibility-productlistitems\">iPhone 5c<\/li>\n<li class=\"rf-pdp-compatibility-productlistitems\">iPhone 5<br \/>\n<h3 class=\"rf-pdp-compatibility-title\" data-autom=\"compatibleModelTitle\">Modelos de iPad<\/h3>\n<ul class=\"rf-pdp-productlist\">\n<li class=\"rf-pdp-compatibility-productlistitems\"><a class=\"rf-pdp-compatibility-productlistlinks\" href=\"https:\/\/www.apple.com\/shop\/buy-ipad\/ipad-10-2\">iPad (9.a generaci\u00f3n)<\/a><\/li>\n<li class=\"rf-pdp-compatibility-productlistitems\">iPad Pro de 12,9 pulgadas (2.a generaci\u00f3n)<\/li>\n<li class=\"rf-pdp-compatibility-productlistitems\">iPad Pro de 12,9 pulgadas (1.a generaci\u00f3n)<\/li>\n<li class=\"rf-pdp-compatibility-productlistitems\">iPad Pro de 10,5 pulgadas<\/li>\n<li class=\"rf-pdp-compatibility-productlistitems\">iPad Pro de 9,7 pulgadas<\/li>\n<li class=\"rf-pdp-compatibility-productlistitems\">iPad Air (3.a generaci\u00f3n)<\/li>\n<li class=\"rf-pdp-compatibility-productlistitems\">iPad Air 2<\/li>\n<li class=\"rf-pdp-compatibility-productlistitems\">iPad Air (1.a generaci\u00f3n)<\/li>\n<li class=\"rf-pdp-compatibility-productlistitems\">iPad (8.a generaci\u00f3n)<\/li>\n<li class=\"rf-pdp-compatibility-productlistitems\">iPad (7.a generaci\u00f3n)<\/li>\n<li class=\"rf-pdp-compatibility-productlistitems\">iPad (6.a generaci\u00f3n)<\/li>\n<li class=\"rf-pdp-compatibility-productlistitems\">iPad (5.a generaci\u00f3n)<\/li>\n<li class=\"rf-pdp-compatibility-productlistitems\">iPad mini (5.a generaci\u00f3n)<\/li>\n<li class=\"rf-pdp-compatibility-productlistitems\">iPad mini 4<\/li>\n<li class=\"rf-pdp-compatibility-productlistitems\">iPad mini 3<\/li>\n<li class=\"rf-pdp-compatibility-productlistitems\">iPad mini 2<\/li>\n<li class=\"rf-pdp-compatibility-productlistitems\">iPad mini (1.a generaci\u00f3n)<br \/>\n<h3 class=\"rf-pdp-compatibility-title\" data-autom=\"compatibleModelTitle\">Modelos de iPod<\/h3>\n<ul class=\"rf-pdp-productlist\">\n<li class=\"rf-pdp-compatibility-productlistitems\"><a class=\"rf-pdp-compatibility-productlistlinks\" href=\"https:\/\/www.apple.com\/shop\/buy-ipod\/ipod-touch\">iPod touch (7.a generaci\u00f3n)<\/a><\/li>\n<li class=\"rf-pdp-compatibility-productlistitems\">iPod touch (6.a generaci\u00f3n)<\/li>\n<\/ul>\n<\/li>\n<\/ul>\n<\/li>\n<\/ul>\n","protected":false},"excerpt":{"rendered":"<div class=\"para-list as-pdp-lastparalist\">\n<p>Con el adaptador de c\u00e1mara Lightning a USB, es f\u00e1cil descargar fotos y videos de su c\u00e1mara digital a su iPad o iPhone con soporte Lightning para que pueda verlos en la hermosa pantalla Retina y compartirlos con familiares y amigos.<\/p>\n<\/div>\n<div class=\"para-list as-pdp-lastparalist\">\n<p>Despu\u00e9s de conectar el Lightning al adaptador de c\u00e1mara USB, su iPad o iPhone abre autom\u00e1ticamente la aplicaci\u00f3n Fotos, que le permite elegir qu\u00e9 fotos y videos importar y luego organizarlos en \u00e1lbumes. Cuando sincronizas iPad o iPhone con tu PC o Mac, las fotos y v\u00eddeos de tu iPad o iPhone se a\u00f1aden a la biblioteca de fotos de tu ordenador.<\/p>\n<\/div>\n<div class=\"para-list as-pdp-lastparalist\">\n<p>El adaptador de c\u00e1mara Lightning a USB admite formatos de fotos est\u00e1ndar, incluidos JPEG y RAW, junto con formatos de v\u00eddeo SD y HD, incluidos H.264 y MPEG-4. Requiere iOS 9.2 o posterior.<\/p>\n<\/div>\n","protected":false},"featured_media":1952,"comment_status":"open","ping_status":"closed","template":"","meta":{"_joinchat":[]},"product_cat":[192,593],"product_tag":[207],"class_list":{"0":"post-1951","1":"product","2":"type-product","3":"status-publish","4":"has-post-thumbnail","6":"product_brand-apple","7":"product_cat-accesorios","8":"product_cat-accesorios-apple","9":"product_tag-md821am-a","11":"first","12":"outofstock","13":"shipping-taxable","14":"purchasable","15":"product-type-simple"},"_links":{"self":[{"href":"https:\/\/jobstore.cl\/index.php\/wp-json\/wp\/v2\/product\/1951","targetHints":{"allow":["GET"]}}],"collection":[{"href":"https:\/\/jobstore.cl\/index.php\/wp-json\/wp\/v2\/product"}],"about":[{"href":"https:\/\/jobstore.cl\/index.php\/wp-json\/wp\/v2\/types\/product"}],"replies":[{"embeddable":true,"href":"https:\/\/jobstore.cl\/index.php\/wp-json\/wp\/v2\/comments?post=1951"}],"version-history":[{"count":5,"href":"https:\/\/jobstore.cl\/index.php\/wp-json\/wp\/v2\/product\/1951\/revisions"}],"predecessor-version":[{"id":13681,"href":"https:\/\/jobstore.cl\/index.php\/wp-json\/wp\/v2\/product\/1951\/revisions\/13681"}],"wp:featuredmedia":[{"embeddable":true,"href":"https:\/\/jobstore.cl\/index.php\/wp-json\/wp\/v2\/media\/1952"}],"wp:attachment":[{"href":"https:\/\/jobstore.cl\/index.php\/wp-json\/wp\/v2\/media?parent=1951"}],"wp:term":[{"taxonomy":"product_cat","embeddable":true,"href":"https:\/\/jobstore.cl\/index.php\/wp-json\/wp\/v2\/product_cat?post=1951"},{"taxonomy":"product_tag","embeddable":true,"href":"https:\/\/jobstore.cl\/index.php\/wp-json\/wp\/v2\/product_tag?post=1951"}],"curies":[{"name":"wp","href":"https:\/\/api.w.org\/{rel}","templated":true}]}}