{"id":18572,"date":"2026-04-16T14:46:01","date_gmt":"2026-04-16T17:46:01","guid":{"rendered":"https:\/\/jobstore.cl\/?post_type=product&#038;p=18572"},"modified":"2026-04-16T14:46:04","modified_gmt":"2026-04-16T17:46:04","slug":"cable-extension-para-cargadores-apple","status":"publish","type":"product","link":"https:\/\/jobstore.cl\/index.php\/product\/cable-extension-para-cargadores-apple\/","title":{"rendered":"CABLE EXTENSION PARA CARGADORES APPLE"},"content":{"rendered":"<p>Con el cable de extensi\u00f3n de 1,8 metros, puedes usar el adaptador de corriente de Apple desde m\u00e1s lejos. \u00dasalo con los adaptadores de corriente MagSafe y MagSafe 2, USB-A de 10 W y 12 W, y USB\u2011C de 29 W, 30 W, 61 W, 67 W, 87 W, 96 W y 140 W.<\/p>\n","protected":false},"excerpt":{"rendered":"<p>Con el cable de extensi\u00f3n de 1,8 metros, puedes usar el adaptador de corriente de Apple desde m\u00e1s lejos. \u00dasalo con los adaptadores de corriente MagSafe<span class=\"excerpt-hellip\"> [\u2026]<\/span><\/p>\n","protected":false},"featured_media":18573,"comment_status":"open","ping_status":"closed","template":"","meta":{"_joinchat":[]},"product_cat":[192,599],"product_tag":[656,657],"class_list":{"0":"post-18572","1":"product","2":"type-product","3":"status-publish","4":"has-post-thumbnail","6":"product_brand-apple","7":"product_cat-accesorios","8":"product_cat-cables","9":"product_tag-cable","10":"product_tag-extension","12":"first","13":"instock","14":"sale","15":"shipping-taxable","16":"purchasable","17":"product-type-simple"},"_links":{"self":[{"href":"https:\/\/jobstore.cl\/index.php\/wp-json\/wp\/v2\/product\/18572","targetHints":{"allow":["GET"]}}],"collection":[{"href":"https:\/\/jobstore.cl\/index.php\/wp-json\/wp\/v2\/product"}],"about":[{"href":"https:\/\/jobstore.cl\/index.php\/wp-json\/wp\/v2\/types\/product"}],"replies":[{"embeddable":true,"href":"https:\/\/jobstore.cl\/index.php\/wp-json\/wp\/v2\/comments?post=18572"}],"version-history":[{"count":1,"href":"https:\/\/jobstore.cl\/index.php\/wp-json\/wp\/v2\/product\/18572\/revisions"}],"predecessor-version":[{"id":18574,"href":"https:\/\/jobstore.cl\/index.php\/wp-json\/wp\/v2\/product\/18572\/revisions\/18574"}],"wp:featuredmedia":[{"embeddable":true,"href":"https:\/\/jobstore.cl\/index.php\/wp-json\/wp\/v2\/media\/18573"}],"wp:attachment":[{"href":"https:\/\/jobstore.cl\/index.php\/wp-json\/wp\/v2\/media?parent=18572"}],"wp:term":[{"taxonomy":"product_cat","embeddable":true,"href":"https:\/\/jobstore.cl\/index.php\/wp-json\/wp\/v2\/product_cat?post=18572"},{"taxonomy":"product_tag","embeddable":true,"href":"https:\/\/jobstore.cl\/index.php\/wp-json\/wp\/v2\/product_tag?post=18572"}],"curies":[{"name":"wp","href":"https:\/\/api.w.org\/{rel}","templated":true}]}}