{"id":18567,"date":"2026-04-16T14:41:00","date_gmt":"2026-04-16T17:41:00","guid":{"rendered":"https:\/\/jobstore.cl\/?post_type=product&#038;p=18567"},"modified":"2026-04-16T14:41:05","modified_gmt":"2026-04-16T17:41:05","slug":"control-siri-remote","status":"publish","type":"product","link":"https:\/\/jobstore.cl\/index.php\/product\/control-siri-remote\/","title":{"rendered":"CONTROL SIRI REMOTE"},"content":{"rendered":"<p>El Siri Remote (tercera generaci\u00f3n) te permite controlar el Apple TV 4K con precisi\u00f3n.<sup>1<\/sup> Con la superficie de control t\u00e1ctil puedes seleccionar t\u00edtulos, deslizarte por playlists y mover el dedo por el aro exterior para encontrar f\u00e1cilmente la escena que est\u00e1s buscando. Usa tu voz para decirle a Siri lo que quieres ver. Y el \u00faltimo dise\u00f1o incluye un puerto USB-C para cargar r\u00e1pidamente.<\/p>\n<p>&nbsp;<\/p>\n<ol>\n<li>No todo el contenido est\u00e1 disponible en 4K HDR. La resoluci\u00f3n 4K requiere una televisi\u00f3n compatible con 4K. La calidad de la reproducci\u00f3n depender\u00e1 del hardware y de la conexi\u00f3n a Internet.<\/li>\n<\/ol>\n","protected":false},"excerpt":{"rendered":"<p>El Siri Remote (tercera generaci\u00f3n) te permite controlar el Apple TV 4K con precisi\u00f3n.1 Con la superficie de control t\u00e1ctil puedes seleccionar t\u00edtulos, deslizarte por playlists<span class=\"excerpt-hellip\"> [\u2026]<\/span><\/p>\n","protected":false},"featured_media":18570,"comment_status":"open","ping_status":"closed","template":"","meta":{"_joinchat":[]},"product_cat":[192,593,652],"product_tag":[654,655,653],"class_list":{"0":"post-18567","1":"product","2":"type-product","3":"status-publish","4":"has-post-thumbnail","6":"product_brand-apple","7":"product_cat-accesorios","8":"product_cat-accesorios-apple","9":"product_cat-apple-tv","10":"product_tag-control","11":"product_tag-remoto","12":"product_tag-siri","14":"first","15":"instock","16":"sale","17":"shipping-taxable","18":"purchasable","19":"product-type-simple"},"_links":{"self":[{"href":"https:\/\/jobstore.cl\/index.php\/wp-json\/wp\/v2\/product\/18567","targetHints":{"allow":["GET"]}}],"collection":[{"href":"https:\/\/jobstore.cl\/index.php\/wp-json\/wp\/v2\/product"}],"about":[{"href":"https:\/\/jobstore.cl\/index.php\/wp-json\/wp\/v2\/types\/product"}],"replies":[{"embeddable":true,"href":"https:\/\/jobstore.cl\/index.php\/wp-json\/wp\/v2\/comments?post=18567"}],"version-history":[{"count":1,"href":"https:\/\/jobstore.cl\/index.php\/wp-json\/wp\/v2\/product\/18567\/revisions"}],"predecessor-version":[{"id":18571,"href":"https:\/\/jobstore.cl\/index.php\/wp-json\/wp\/v2\/product\/18567\/revisions\/18571"}],"wp:featuredmedia":[{"embeddable":true,"href":"https:\/\/jobstore.cl\/index.php\/wp-json\/wp\/v2\/media\/18570"}],"wp:attachment":[{"href":"https:\/\/jobstore.cl\/index.php\/wp-json\/wp\/v2\/media?parent=18567"}],"wp:term":[{"taxonomy":"product_cat","embeddable":true,"href":"https:\/\/jobstore.cl\/index.php\/wp-json\/wp\/v2\/product_cat?post=18567"},{"taxonomy":"product_tag","embeddable":true,"href":"https:\/\/jobstore.cl\/index.php\/wp-json\/wp\/v2\/product_tag?post=18567"}],"curies":[{"name":"wp","href":"https:\/\/api.w.org\/{rel}","templated":true}]}}