{"id":18562,"date":"2026-04-16T14:26:51","date_gmt":"2026-04-16T17:26:51","guid":{"rendered":"https:\/\/jobstore.cl\/?post_type=product&#038;p=18562"},"modified":"2026-04-16T14:26:55","modified_gmt":"2026-04-16T17:26:55","slug":"cargador-96w-usb-c-apple","status":"publish","type":"product","link":"https:\/\/jobstore.cl\/index.php\/product\/cargador-96w-usb-c-apple\/","title":{"rendered":"CARGADOR 96W USB-C APPLE"},"content":{"rendered":"<p>El adaptador de corriente USB-C de 96 W te permite cargar tu dispositivo de manera r\u00e1pida y eficiente en cualquier lugar. Es compatible con muchos dispositivos y cables de carga con conector USB-C. Apple recomienda usarlo con una MacBook Pro de 14 pulgadas mediante un cable de USB-C a MagSafe 3 o un cable de carga USB-C para aprovechar la carga r\u00e1pida y pasar de 0 a 50% de carga en unos 30 minutos.<sup>1<\/sup><\/p>\n<p>El cable de carga se vende por separado.<\/p>\n<ol>\n<li>Pruebas realizadas por Apple en septiembre de 2021 con sistemas en preproducci\u00f3n de la MacBook Pro de 16 pulgadas con el chip M1 Max de Apple, CPU de 10 n\u00facleos, GPU de 32 n\u00facleos, 64 GB de RAM y SSD de 8 TB; y con sistemas en preproducci\u00f3n de la MacBook Pro de 16 pulgadas con el chip M1 Pro de Apple, CPU de 10 n\u00facleos, GPU de 16 n\u00facleos, 16 GB de RAM y SSD de 1 TB; as\u00ed como con sistemas en preproducci\u00f3n de la MacBook Pro de 14 pulgadas con el chip M1 Max de Apple, CPU de 10 n\u00facleos, GPU de 32 n\u00facleos, 64 GB de RAM y SSD de 8 TB, y con sistemas en preproducci\u00f3n de la MacBook Pro de 14 pulgadas con el chip M1 Pro de Apple, CPU de 8 n\u00facleos, GPU de 14 n\u00facleos, 16 GB de RAM y SSD de 512 GB. Las pruebas de los sistemas de la MacBook Pro de 16 pulgadas se realizaron con sistemas en preproducci\u00f3n del adaptador de corriente USB-C de 140 W de Apple (modelo A2452), y las pruebas de los sistemas de la MacBook Pro de 14 pulgadas se realizaron con sistemas en preproducci\u00f3n del adaptador de corriente USB-C de 96 W de Apple (modelo A2166), ambos con sistemas en preproducci\u00f3n del cable USB-C a MagSafe 3 (modelo A2363). La prueba de carga r\u00e1pida se realiz\u00f3 con unidades MacBook Pro descargadas. Los tiempos de carga var\u00edan seg\u00fan la configuraci\u00f3n y los factores ambientales; los resultados reales pueden ser diferentes.<\/li>\n<\/ol>\n","protected":false},"excerpt":{"rendered":"<p>El adaptador de corriente USB-C de 96 W te permite cargar tu dispositivo de manera r\u00e1pida y eficiente en cualquier lugar. Es compatible con muchos dispositivos<span class=\"excerpt-hellip\"> [\u2026]<\/span><\/p>\n","protected":false},"featured_media":18565,"comment_status":"open","ping_status":"closed","template":"","meta":{"_joinchat":[]},"product_cat":[192],"product_tag":[650],"class_list":{"0":"post-18562","1":"product","2":"type-product","3":"status-publish","4":"has-post-thumbnail","6":"product_brand-apple","7":"product_cat-accesorios","8":"product_tag-cargador","10":"first","11":"instock","12":"sale","13":"shipping-taxable","14":"purchasable","15":"product-type-simple"},"_links":{"self":[{"href":"https:\/\/jobstore.cl\/index.php\/wp-json\/wp\/v2\/product\/18562","targetHints":{"allow":["GET"]}}],"collection":[{"href":"https:\/\/jobstore.cl\/index.php\/wp-json\/wp\/v2\/product"}],"about":[{"href":"https:\/\/jobstore.cl\/index.php\/wp-json\/wp\/v2\/types\/product"}],"replies":[{"embeddable":true,"href":"https:\/\/jobstore.cl\/index.php\/wp-json\/wp\/v2\/comments?post=18562"}],"version-history":[{"count":1,"href":"https:\/\/jobstore.cl\/index.php\/wp-json\/wp\/v2\/product\/18562\/revisions"}],"predecessor-version":[{"id":18566,"href":"https:\/\/jobstore.cl\/index.php\/wp-json\/wp\/v2\/product\/18562\/revisions\/18566"}],"wp:featuredmedia":[{"embeddable":true,"href":"https:\/\/jobstore.cl\/index.php\/wp-json\/wp\/v2\/media\/18565"}],"wp:attachment":[{"href":"https:\/\/jobstore.cl\/index.php\/wp-json\/wp\/v2\/media?parent=18562"}],"wp:term":[{"taxonomy":"product_cat","embeddable":true,"href":"https:\/\/jobstore.cl\/index.php\/wp-json\/wp\/v2\/product_cat?post=18562"},{"taxonomy":"product_tag","embeddable":true,"href":"https:\/\/jobstore.cl\/index.php\/wp-json\/wp\/v2\/product_tag?post=18562"}],"curies":[{"name":"wp","href":"https:\/\/api.w.org\/{rel}","templated":true}]}}