{"id":18558,"date":"2026-04-16T14:18:36","date_gmt":"2026-04-16T17:18:36","guid":{"rendered":"https:\/\/jobstore.cl\/?post_type=product&#038;p=18558"},"modified":"2026-04-16T14:19:27","modified_gmt":"2026-04-16T17:19:27","slug":"apple-pencil-usb-c","status":"publish","type":"product","link":"https:\/\/jobstore.cl\/index.php\/product\/apple-pencil-usb-c\/","title":{"rendered":"APPLE PENCIL USB-C"},"content":{"rendered":"<p>El Apple Pencil (USB-C) es ideal para tomar notas, dibujar, marcar documentos, escribir en un diario y mucho m\u00e1s. Tiene una precisi\u00f3n milim\u00e9trica, baja latencia y sensibilidad a la inclinaci\u00f3n. Por eso, es tan f\u00e1cil de usar como un l\u00e1piz tradicional.<\/p>\n<p>El Apple Pencil (USB-C) se enlaza mediante un cable de carga USB-C. Se adhiere magn\u00e9ticamente al iPad para guardarlos juntos.<\/p>\n<p>El Apple Pencil (USB\u2011C) admite la funcionalidad de puntero flotante al usarlo con el iPad Pro de 13 pulgadas (M5), iPad Pro de 11 pulgadas (M5), iPad Pro de 13 pulgadas (M4), iPad Pro de 11 pulgadas (M4), iPad Pro de 12,9 pulgadas (6.\u00aa generaci\u00f3n), iPad Pro de 11 pulgadas (4.\u00aa generaci\u00f3n), iPad Air de 13 pulgadas (M3), iPad Air de 11 pulgadas (M3), iPad Air de 13 pulgadas (M2) y iPad Air de 11 pulgadas (M2).<\/p>\n","protected":false},"excerpt":{"rendered":"<p>El Apple Pencil (USB-C) es ideal para tomar notas, dibujar, marcar documentos, escribir en un diario y mucho m\u00e1s. Tiene una precisi\u00f3n milim\u00e9trica, baja latencia y<span class=\"excerpt-hellip\"> [\u2026]<\/span><\/p>\n","protected":false},"featured_media":18560,"comment_status":"open","ping_status":"closed","template":"","meta":{"_joinchat":[]},"product_cat":[593,283],"product_tag":[618],"class_list":{"0":"post-18558","1":"product","2":"type-product","3":"status-publish","4":"has-post-thumbnail","6":"product_brand-apple","7":"product_cat-accesorios-apple","8":"product_cat-accesorios-ipad","9":"product_tag-pencil","11":"first","12":"instock","13":"sale","14":"shipping-taxable","15":"purchasable","16":"product-type-simple"},"_links":{"self":[{"href":"https:\/\/jobstore.cl\/index.php\/wp-json\/wp\/v2\/product\/18558","targetHints":{"allow":["GET"]}}],"collection":[{"href":"https:\/\/jobstore.cl\/index.php\/wp-json\/wp\/v2\/product"}],"about":[{"href":"https:\/\/jobstore.cl\/index.php\/wp-json\/wp\/v2\/types\/product"}],"replies":[{"embeddable":true,"href":"https:\/\/jobstore.cl\/index.php\/wp-json\/wp\/v2\/comments?post=18558"}],"version-history":[{"count":1,"href":"https:\/\/jobstore.cl\/index.php\/wp-json\/wp\/v2\/product\/18558\/revisions"}],"predecessor-version":[{"id":18561,"href":"https:\/\/jobstore.cl\/index.php\/wp-json\/wp\/v2\/product\/18558\/revisions\/18561"}],"wp:featuredmedia":[{"embeddable":true,"href":"https:\/\/jobstore.cl\/index.php\/wp-json\/wp\/v2\/media\/18560"}],"wp:attachment":[{"href":"https:\/\/jobstore.cl\/index.php\/wp-json\/wp\/v2\/media?parent=18558"}],"wp:term":[{"taxonomy":"product_cat","embeddable":true,"href":"https:\/\/jobstore.cl\/index.php\/wp-json\/wp\/v2\/product_cat?post=18558"},{"taxonomy":"product_tag","embeddable":true,"href":"https:\/\/jobstore.cl\/index.php\/wp-json\/wp\/v2\/product_tag?post=18558"}],"curies":[{"name":"wp","href":"https:\/\/api.w.org\/{rel}","templated":true}]}}