{"id":18553,"date":"2026-04-16T14:03:04","date_gmt":"2026-04-16T17:03:04","guid":{"rendered":"https:\/\/jobstore.cl\/?post_type=product&#038;p=18553"},"modified":"2026-04-16T14:06:29","modified_gmt":"2026-04-16T17:06:29","slug":"airtag-apple-2da-gen","status":"publish","type":"product","link":"https:\/\/jobstore.cl\/index.php\/product\/airtag-apple-2da-gen\/","title":{"rendered":"AIRTAG APPLE 2DA GEN"},"content":{"rendered":"<div id=\"tab-description\" class=\"tab-pane fade active in\" role=\"tabpanel\" data-hook=\"description\">\n<h4>Un AirTag a\u00fan m\u00e1s f\u00e1cil de encontrar.<\/h4>\n<p>El AirTag (2.\u00aa generaci\u00f3n) tiene un parlante m\u00e1s potente y un mayor rango de Rastreo Preciso1 para que sea m\u00e1s f\u00e1cil que nunca encontrar tus cosas. Pon uno en tus llaves y otro en tu bolso para tener todo siempre a la vista en la app Encontrar.<sup>1<\/sup><\/p>\n<ul>\n<li>ENCUENTRA TUS COSAS CON LA APP ENCONTRAR \u2014 El AirTag (2.\u00aa generaci\u00f3n) te ayuda a localizar todo lo que te importa. Ponle uno a cualquier objeto para poder localizarlo f\u00e1cilmente con la app Encontrar.<sup>1<\/sup><\/li>\n<li>RASTREO PRECISO CON MAYOR ALCANCE EN EL IPHONE Y EL APPLE WATCH \u2014 Recibe indicaciones detalladas en el iPhone, y ahora tambi\u00e9n en el Apple Watch, para encontrar el objeto que perdiste.<sup>1<\/sup><\/li>\n<li>PARLANTE MEJORADO \u2014 Con su parlante un 50% m\u00e1s potente y un nuevo sonido distintivo, es m\u00e1s f\u00e1cil que nunca escuchar y encontrar tu AirTag.<sup>1<\/sup><\/li>\n<li>SONIDO DE LARGA DISTANCIA \u2014 Los chips de banda ultra ancha y Bluetooth mejorados te ayudan a encontrar tus cosas desde mucho m\u00e1s lejos.<sup>1<\/sup><\/li>\n<li>COMPARTE LA UBICACI\u00d3N DE UN OBJETO \u2014 Comparte de forma temporal y segura la ubicaci\u00f3n del AirTag con tus contactos de confianza, terceros o m\u00e1s de 50 aerol\u00edneas si se te pierde algo importante.<\/li>\n<li>DURACI\u00d3N DE LA PILA \u2014 El AirTag (2.\u00aa generaci\u00f3n) funciona durante m\u00e1s de un a\u00f1o con una pila com\u00fan que podr\u00e1s cambiar f\u00e1cilmente cuando tu iPhone te avise que se est\u00e1 agotando.<sup>2<\/sup><\/li>\n<li>ENCU\u00c9NTRALO CON SEGURIDAD \u2014 S\u00f3lo t\u00fa o quienes t\u00fa autorices pueden ver d\u00f3nde est\u00e1 tu AirTag. Los datos y el historial de tu ubicaci\u00f3n nunca se almacenan en el AirTag.<\/li>\n<li>UN DISE\u00d1O M\u00c1S SUSTENTABLE \u2014 La carcasa del nuevo AirTag tiene un 85% de pl\u00e1stico reciclado y su empaque est\u00e1 fabricado 100% a base de fibra.<sup>3<\/sup><\/li>\n<\/ul>\n<p>&nbsp;<\/p>\n<ol>\n<li>Mayor rango de Rastreo Preciso y parlante m\u00e1s potente en comparaci\u00f3n con la generaci\u00f3n anterior de AirTag. La funcionalidad Encontrar requiere iOS 14, iPadOS o macOS Catalina o versiones posteriores, y que tu dispositivo est\u00e9 conectado a una cuenta de iCloud con tu Cuenta de Apple. Algunas funcionalidades no est\u00e1n disponibles en todos los pa\u00edses o regiones. Rastreo Preciso mejorado funciona con el AirTag (2.\u00aa generaci\u00f3n) enlazado con un iPhone Air o un iPhone 15 o modelo posterior (con excepci\u00f3n del iPhone 16e); la disponibilidad var\u00eda seg\u00fan la regi\u00f3n. Rastreo Preciso en el Apple Watch requiere un Apple Watch Series 9 o modelo posterior o un Apple Watch Ultra 2 o modelo posterior con watchOS 26.2.1.<\/li>\n<li>Pruebas de la pila realizadas por Apple en diciembre de 2025 con unidades en preproducci\u00f3n del AirTag (2.\u00aa generaci\u00f3n) y versiones preliminares de software enlazados con unidades iPhone 17, iPhone 17 Pro, iPhone 17 Pro Max y iPhone Air con versiones preliminares de software. La duraci\u00f3n de la pila se basa en el uso promedio diario de reproducci\u00f3n de sonido y Rastreo Preciso. La duraci\u00f3n de la pila var\u00eda seg\u00fan el uso, las condiciones del entorno, el fabricante de la pila de reemplazo y muchos otros factores; los resultados reales pueden ser diferentes.<\/li>\n<li>Dise\u00f1o m\u00e1s sustentable basado en el empaque de env\u00edo de Apple. Desglose por peso de los empaques de productos vendidos en Estados Unidos. Nuestros c\u00e1lculos de contenido de pl\u00e1stico y peso del empaque no incluyen adhesivos, tintas ni recubrimientos.<\/li>\n<\/ol>\n<\/div>\n<div id=\"tab-prices\" class=\"tab-pane fade\" role=\"tabpanel\" data-highcharts-chart=\"0\"><\/div>\n","protected":false},"excerpt":{"rendered":"<p>Un AirTag a\u00fan m\u00e1s f\u00e1cil de encontrar. El AirTag (2.\u00aa generaci\u00f3n) tiene un parlante m\u00e1s potente y un mayor rango de Rastreo Preciso1 para que sea<span class=\"excerpt-hellip\"> [\u2026]<\/span><\/p>\n","protected":false},"featured_media":18557,"comment_status":"open","ping_status":"closed","template":"","meta":{"_joinchat":[]},"product_cat":[192,593,533],"product_tag":[597],"class_list":{"0":"post-18553","1":"product","2":"type-product","3":"status-publish","4":"has-post-thumbnail","6":"product_brand-apple","7":"product_cat-accesorios","8":"product_cat-accesorios-apple","9":"product_cat-airtag","10":"product_tag-airtag","12":"first","13":"instock","14":"sale","15":"shipping-taxable","16":"purchasable","17":"product-type-simple"},"_links":{"self":[{"href":"https:\/\/jobstore.cl\/index.php\/wp-json\/wp\/v2\/product\/18553","targetHints":{"allow":["GET"]}}],"collection":[{"href":"https:\/\/jobstore.cl\/index.php\/wp-json\/wp\/v2\/product"}],"about":[{"href":"https:\/\/jobstore.cl\/index.php\/wp-json\/wp\/v2\/types\/product"}],"replies":[{"embeddable":true,"href":"https:\/\/jobstore.cl\/index.php\/wp-json\/wp\/v2\/comments?post=18553"}],"version-history":[{"count":1,"href":"https:\/\/jobstore.cl\/index.php\/wp-json\/wp\/v2\/product\/18553\/revisions"}],"predecessor-version":[{"id":18556,"href":"https:\/\/jobstore.cl\/index.php\/wp-json\/wp\/v2\/product\/18553\/revisions\/18556"}],"wp:featuredmedia":[{"embeddable":true,"href":"https:\/\/jobstore.cl\/index.php\/wp-json\/wp\/v2\/media\/18557"}],"wp:attachment":[{"href":"https:\/\/jobstore.cl\/index.php\/wp-json\/wp\/v2\/media?parent=18553"}],"wp:term":[{"taxonomy":"product_cat","embeddable":true,"href":"https:\/\/jobstore.cl\/index.php\/wp-json\/wp\/v2\/product_cat?post=18553"},{"taxonomy":"product_tag","embeddable":true,"href":"https:\/\/jobstore.cl\/index.php\/wp-json\/wp\/v2\/product_tag?post=18553"}],"curies":[{"name":"wp","href":"https:\/\/api.w.org\/{rel}","templated":true}]}}