{"id":17994,"date":"2025-11-18T12:13:20","date_gmt":"2025-11-18T15:13:20","guid":{"rendered":"https:\/\/jobstore.cl\/?post_type=product&#038;p=17994"},"modified":"2025-11-18T12:13:21","modified_gmt":"2025-11-18T15:13:21","slug":"lamina-protectora-iphone-17-pro","status":"publish","type":"product","link":"https:\/\/jobstore.cl\/index.php\/product\/lamina-protectora-iphone-17-pro\/","title":{"rendered":"LAMINA PROTECTORA IPHONE 17 PRO"},"content":{"rendered":"<ul>\n<li>Protector de pantalla con cristal templado de alta dureza, resistente a impactos y ara\u00f1azos, alta transparencia y bordes curvos.<\/li>\n<li>Tecnolog\u00eda de cobertura de pantalla completa para proteger los tel\u00e9fonos m\u00f3viles en todas las direcciones.<\/li>\n<\/ul>\n","protected":false},"excerpt":{"rendered":"<ul>\n<li>Imagen referencial<\/li>\n<li>No incluye iPhone<\/li>\n<\/ul>\n","protected":false},"featured_media":17491,"comment_status":"open","ping_status":"closed","template":"","meta":{"_joinchat":[]},"product_cat":[192,611],"product_tag":[],"class_list":{"0":"post-17994","1":"product","2":"type-product","3":"status-publish","4":"has-post-thumbnail","6":"product_cat-accesorios","7":"product_cat-tempered-glass","9":"first","10":"instock","11":"sale","12":"shipping-taxable","13":"purchasable","14":"product-type-simple"},"_links":{"self":[{"href":"https:\/\/jobstore.cl\/index.php\/wp-json\/wp\/v2\/product\/17994","targetHints":{"allow":["GET"]}}],"collection":[{"href":"https:\/\/jobstore.cl\/index.php\/wp-json\/wp\/v2\/product"}],"about":[{"href":"https:\/\/jobstore.cl\/index.php\/wp-json\/wp\/v2\/types\/product"}],"replies":[{"embeddable":true,"href":"https:\/\/jobstore.cl\/index.php\/wp-json\/wp\/v2\/comments?post=17994"}],"version-history":[{"count":1,"href":"https:\/\/jobstore.cl\/index.php\/wp-json\/wp\/v2\/product\/17994\/revisions"}],"predecessor-version":[{"id":17995,"href":"https:\/\/jobstore.cl\/index.php\/wp-json\/wp\/v2\/product\/17994\/revisions\/17995"}],"wp:featuredmedia":[{"embeddable":true,"href":"https:\/\/jobstore.cl\/index.php\/wp-json\/wp\/v2\/media\/17491"}],"wp:attachment":[{"href":"https:\/\/jobstore.cl\/index.php\/wp-json\/wp\/v2\/media?parent=17994"}],"wp:term":[{"taxonomy":"product_cat","embeddable":true,"href":"https:\/\/jobstore.cl\/index.php\/wp-json\/wp\/v2\/product_cat?post=17994"},{"taxonomy":"product_tag","embeddable":true,"href":"https:\/\/jobstore.cl\/index.php\/wp-json\/wp\/v2\/product_tag?post=17994"}],"curies":[{"name":"wp","href":"https:\/\/api.w.org\/{rel}","templated":true}]}}