{"id":17980,"date":"2025-11-18T11:40:29","date_gmt":"2025-11-18T14:40:29","guid":{"rendered":"https:\/\/jobstore.cl\/?post_type=product&#038;p=17980"},"modified":"2026-04-13T14:50:39","modified_gmt":"2026-04-13T17:50:39","slug":"audifonos-apple-earpods-con-conector-usb-c-2","status":"publish","type":"product","link":"https:\/\/jobstore.cl\/index.php\/product\/audifonos-apple-earpods-con-conector-usb-c-2\/","title":{"rendered":"Aud\u00edfonos Apple EarPods con conector USB-C"},"content":{"rendered":"<p>A diferencia de los aud\u00edfonos circulares tradicionales, el dise\u00f1o de los EarPods se basa en la geometr\u00eda del o\u00eddo, lo que los hace m\u00e1s c\u00f3modos de usar que cualquier otro aud\u00edfono similar.<br \/>\nLos parlantes del interior de los EarPods se dise\u00f1aron para mejorar la calidad del sonido. \u00bfEl resultado? Un audio de alta calidad.<br \/>\nLos EarPods con conector USB-C tambi\u00e9n incluyen un control remoto integrado que te permite ajustar el volumen, controlar la reproducci\u00f3n de musica y videos, y contestar o finalizar llamadas con s\u00f3lo presionar un bot\u00f3n.<\/p>\n<ul>\n<li>Dise\u00f1ados por Apple<\/li>\n<li>Graves profundos y ricos<\/li>\n<li>Resistencia al sudor y al agua<\/li>\n<li>Control de m\u00fasica y reproducci\u00f3n de videos<\/li>\n<li>Contesta y finaliza llamadas<\/li>\n<\/ul>\n","protected":false},"excerpt":{"rendered":"<p>A diferencia de los aud\u00edfonos circulares tradicionales, el dise\u00f1o de los EarPods se basa en la geometr\u00eda del o\u00eddo, lo que los hace m\u00e1s c\u00f3modos de<span class=\"excerpt-hellip\"> [\u2026]<\/span><\/p>\n","protected":false},"featured_media":17981,"comment_status":"open","ping_status":"closed","template":"","meta":{"_joinchat":[]},"product_cat":[192,593,397],"product_tag":[],"class_list":{"0":"post-17980","1":"product","2":"type-product","3":"status-publish","4":"has-post-thumbnail","6":"product_brand-apple","7":"product_cat-accesorios","8":"product_cat-accesorios-apple","9":"product_cat-audio","11":"first","12":"outofstock","13":"sale","14":"shipping-taxable","15":"purchasable","16":"product-type-simple"},"_links":{"self":[{"href":"https:\/\/jobstore.cl\/index.php\/wp-json\/wp\/v2\/product\/17980","targetHints":{"allow":["GET"]}}],"collection":[{"href":"https:\/\/jobstore.cl\/index.php\/wp-json\/wp\/v2\/product"}],"about":[{"href":"https:\/\/jobstore.cl\/index.php\/wp-json\/wp\/v2\/types\/product"}],"replies":[{"embeddable":true,"href":"https:\/\/jobstore.cl\/index.php\/wp-json\/wp\/v2\/comments?post=17980"}],"version-history":[{"count":2,"href":"https:\/\/jobstore.cl\/index.php\/wp-json\/wp\/v2\/product\/17980\/revisions"}],"predecessor-version":[{"id":18525,"href":"https:\/\/jobstore.cl\/index.php\/wp-json\/wp\/v2\/product\/17980\/revisions\/18525"}],"wp:featuredmedia":[{"embeddable":true,"href":"https:\/\/jobstore.cl\/index.php\/wp-json\/wp\/v2\/media\/17981"}],"wp:attachment":[{"href":"https:\/\/jobstore.cl\/index.php\/wp-json\/wp\/v2\/media?parent=17980"}],"wp:term":[{"taxonomy":"product_cat","embeddable":true,"href":"https:\/\/jobstore.cl\/index.php\/wp-json\/wp\/v2\/product_cat?post=17980"},{"taxonomy":"product_tag","embeddable":true,"href":"https:\/\/jobstore.cl\/index.php\/wp-json\/wp\/v2\/product_tag?post=17980"}],"curies":[{"name":"wp","href":"https:\/\/api.w.org\/{rel}","templated":true}]}}