{"id":17260,"date":"2025-08-26T13:30:38","date_gmt":"2025-08-26T16:30:38","guid":{"rendered":"https:\/\/jobstore.cl\/?post_type=product&#038;p=17260"},"modified":"2025-09-02T17:10:00","modified_gmt":"2025-09-02T20:10:00","slug":"lamina-protectora-iphone-15-16","status":"publish","type":"product","link":"https:\/\/jobstore.cl\/index.php\/product\/lamina-protectora-iphone-15-16\/","title":{"rendered":"LAMINA PROTECTORA IPHONE 15\/16"},"content":{"rendered":"<ul>\n<li>Protector de pantalla con cristal templado de alta dureza, resistente a impactos y ara\u00f1azos, alta transparencia y bordes curvos.<\/li>\n<li>Tecnolog\u00eda de cobertura de pantalla completa para proteger los tel\u00e9fonos m\u00f3viles en todas las direcciones.<\/li>\n<li>imagen referencial<\/li>\n<li>no incluye iPhone<\/li>\n<\/ul>\n","protected":false},"excerpt":{"rendered":"<p>Protector de pantalla con cristal templado de alta dureza, resistente a impactos y ara\u00f1azos, alta transparencia y bordes curvos. Tecnolog\u00eda de cobertura de pantalla completa para<span class=\"excerpt-hellip\"> [\u2026]<\/span><\/p>\n","protected":false},"featured_media":16210,"comment_status":"open","ping_status":"closed","template":"","meta":{"_joinchat":[]},"product_cat":[192,631,611],"product_tag":[],"class_list":{"0":"post-17260","1":"product","2":"type-product","3":"status-publish","4":"has-post-thumbnail","6":"product_cat-accesorios","7":"product_cat-iphone-15","8":"product_cat-tempered-glass","10":"first","11":"instock","12":"sale","13":"shipping-taxable","14":"purchasable","15":"product-type-simple"},"_links":{"self":[{"href":"https:\/\/jobstore.cl\/index.php\/wp-json\/wp\/v2\/product\/17260","targetHints":{"allow":["GET"]}}],"collection":[{"href":"https:\/\/jobstore.cl\/index.php\/wp-json\/wp\/v2\/product"}],"about":[{"href":"https:\/\/jobstore.cl\/index.php\/wp-json\/wp\/v2\/types\/product"}],"replies":[{"embeddable":true,"href":"https:\/\/jobstore.cl\/index.php\/wp-json\/wp\/v2\/comments?post=17260"}],"version-history":[{"count":1,"href":"https:\/\/jobstore.cl\/index.php\/wp-json\/wp\/v2\/product\/17260\/revisions"}],"predecessor-version":[{"id":17261,"href":"https:\/\/jobstore.cl\/index.php\/wp-json\/wp\/v2\/product\/17260\/revisions\/17261"}],"wp:featuredmedia":[{"embeddable":true,"href":"https:\/\/jobstore.cl\/index.php\/wp-json\/wp\/v2\/media\/16210"}],"wp:attachment":[{"href":"https:\/\/jobstore.cl\/index.php\/wp-json\/wp\/v2\/media?parent=17260"}],"wp:term":[{"taxonomy":"product_cat","embeddable":true,"href":"https:\/\/jobstore.cl\/index.php\/wp-json\/wp\/v2\/product_cat?post=17260"},{"taxonomy":"product_tag","embeddable":true,"href":"https:\/\/jobstore.cl\/index.php\/wp-json\/wp\/v2\/product_tag?post=17260"}],"curies":[{"name":"wp","href":"https:\/\/api.w.org\/{rel}","templated":true}]}}