{"id":17135,"date":"2025-07-17T13:44:36","date_gmt":"2025-07-17T16:44:36","guid":{"rendered":"https:\/\/jobstore.cl\/?post_type=product&#038;p=17135"},"modified":"2025-07-17T13:46:01","modified_gmt":"2025-07-17T16:46:01","slug":"lamina-glass-eliteprivacidad-iphone-16-pro-max","status":"publish","type":"product","link":"https:\/\/jobstore.cl\/index.php\/product\/lamina-glass-eliteprivacidad-iphone-16-pro-max\/","title":{"rendered":"L\u00e1mina Glass Elite Privacidad iPhone 16 Pro Max"},"content":{"rendered":"<p>Glass Elite Privacy protege tu tel\u00e9fono y tu privacidad. El vidrio templado de aluminosilicato ha sido testeado y se ha comprobado que es hasta 5 veces m\u00e1s fuerte que la protecci\u00f3n de pantalla de vidrio tradicional (1). El filtro de privacidad bidireccional bloquea las miradas curiosas, la pantalla se ver\u00e1 color negro para cualquier persona que vea tu pantalla desde un lado.<\/p>\n","protected":false},"excerpt":{"rendered":"<p>Protector de pantalla de vidrio templado ultra-resistente con filtro de privacidad bidireccional.<\/p>\n<p>(Imagen referencial \/ no incluye iPhone)<\/p>\n","protected":false},"featured_media":16210,"comment_status":"open","ping_status":"closed","template":"","meta":{"_joinchat":[]},"product_cat":[192,611],"product_tag":[],"class_list":{"0":"post-17135","1":"product","2":"type-product","3":"status-publish","4":"has-post-thumbnail","6":"product_cat-accesorios","7":"product_cat-tempered-glass","9":"first","10":"instock","11":"sale","12":"shipping-taxable","13":"purchasable","14":"product-type-simple"},"_links":{"self":[{"href":"https:\/\/jobstore.cl\/index.php\/wp-json\/wp\/v2\/product\/17135","targetHints":{"allow":["GET"]}}],"collection":[{"href":"https:\/\/jobstore.cl\/index.php\/wp-json\/wp\/v2\/product"}],"about":[{"href":"https:\/\/jobstore.cl\/index.php\/wp-json\/wp\/v2\/types\/product"}],"replies":[{"embeddable":true,"href":"https:\/\/jobstore.cl\/index.php\/wp-json\/wp\/v2\/comments?post=17135"}],"version-history":[{"count":3,"href":"https:\/\/jobstore.cl\/index.php\/wp-json\/wp\/v2\/product\/17135\/revisions"}],"predecessor-version":[{"id":17138,"href":"https:\/\/jobstore.cl\/index.php\/wp-json\/wp\/v2\/product\/17135\/revisions\/17138"}],"wp:featuredmedia":[{"embeddable":true,"href":"https:\/\/jobstore.cl\/index.php\/wp-json\/wp\/v2\/media\/16210"}],"wp:attachment":[{"href":"https:\/\/jobstore.cl\/index.php\/wp-json\/wp\/v2\/media?parent=17135"}],"wp:term":[{"taxonomy":"product_cat","embeddable":true,"href":"https:\/\/jobstore.cl\/index.php\/wp-json\/wp\/v2\/product_cat?post=17135"},{"taxonomy":"product_tag","embeddable":true,"href":"https:\/\/jobstore.cl\/index.php\/wp-json\/wp\/v2\/product_tag?post=17135"}],"curies":[{"name":"wp","href":"https:\/\/api.w.org\/{rel}","templated":true}]}}