{"id":17031,"date":"2025-06-19T11:43:43","date_gmt":"2025-06-19T14:43:43","guid":{"rendered":"https:\/\/jobstore.cl\/?post_type=product&#038;p=17031"},"modified":"2026-02-25T13:19:04","modified_gmt":"2026-02-25T16:19:04","slug":"rastreador-gps-inteligente-con-bluetooth","status":"publish","type":"product","link":"https:\/\/jobstore.cl\/index.php\/product\/rastreador-gps-inteligente-con-bluetooth\/","title":{"rendered":"SMART TAG"},"content":{"rendered":"<div class=\"WaaZC\">\n<div class=\"RJPOee EIJn2\">\n<div class=\"rPeykc\" data-hveid=\"CAMQAQ\" data-ved=\"2ahUKEwj_yLbf1v2NAxV9jpUCHc6tIfQQo_EKegQIAxAB\">\n<p><span data-huuid=\"7765036645949684874\">Un rastreador GPS inteligente con Bluetooth <mark class=\"QVRyCf\">combina la tecnolog\u00eda GPS para la ubicaci\u00f3n precisa y Bluetooth para la conectividad local, permitiendo encontrar objetos perdidos o rastrear la ubicaci\u00f3n de dispositivos<\/mark>. <\/span><span data-huuid=\"7765036645949683273\">Estos dispositivos se conectan a trav\u00e9s de Bluetooth a una aplicaci\u00f3n m\u00f3vil donde se puede ver la ubicaci\u00f3n en tiempo real, y algunos incluso utilizan redes de dispositivos cercanos para ampliar el alcance de la b\u00fasqueda.<span class=\"pjBG2e\" data-cid=\"56690853-a019-4b8c-92e1-918fd0ec3942\"><span class=\"UV3uM\">\u00a0<\/span><\/span><\/span><\/p>\n<\/div>\n<\/div>\n<\/div>\n<div class=\"WaaZC\">\n<div class=\"RJPOee EIJn2\">\n<div class=\"WaaZC\">\n<div class=\"RJPOee EIJn2\">\n<div class=\"rPeykc pyPiTc\" data-hveid=\"CAsQAQ\" data-ved=\"2ahUKEwj_yLbf1v2NAxV9jpUCHc6tIfQQo_EKegQICxAB\"><span data-huuid=\"571685301361650315\">C\u00f3mo funciona:<\/span><\/div>\n<\/div>\n<\/div>\n<div class=\"WaaZC\">\n<div class=\"RJPOee EIJn2\">\n<ul data-hveid=\"CCEQAQ\" data-ved=\"2ahUKEwj_yLbf1v2NAxV9jpUCHc6tIfQQm_YKegQIIRAB\">\n<li class=\"K3KsMc\">\n<div class=\"zMgcWd dSKvsb\" data-il=\"\">\n<div data-crb-p=\"\">\n<div class=\"xFTqob\">\n<div class=\"Gur8Ad\"><span data-huuid=\"571685301361650242\"><strong>Bluetooth:<\/strong><\/span><\/div>\n<div class=\"vM0jzc\">\n<p><span data-huuid=\"571685301361651583\">Los rastreadores se conectan a tu tel\u00e9fono u otro dispositivo a trav\u00e9s de Bluetooth, permitiendo la comunicaci\u00f3n y el intercambio de datos de ubicaci\u00f3n.<span class=\"pjBG2e\" data-cid=\"43a06cd6-5250-4879-923a-f574615db75b\"><span class=\"UV3uM\">\u00a0<\/span><\/span><\/span><\/p>\n<div class=\"NPrrbc\" data-cid=\"43a06cd6-5250-4879-923a-f574615db75b\" data-uuids=\"571685301361650242,571685301361651583\">\n<div class=\"BMebGe btku5b fCrZyc LwdV0e FR7ZSc OJeuxf\" tabindex=\"0\" role=\"button\" aria-label=\"Ver v\u00ednculos relacionados\" data-hveid=\"CBoQAQ\" data-ved=\"2ahUKEwj_yLbf1v2NAxV9jpUCHc6tIfQQ3fYKegQIGhAB\">\n<div class=\"niO4u\">\n<div class=\"kHtcsd\"><\/div>\n<\/div>\n<\/div>\n<\/div>\n<\/div>\n<\/div>\n<\/div>\n<\/div>\n<\/li>\n<li class=\"K3KsMc\">\n<div class=\"zMgcWd dSKvsb\" data-il=\"\">\n<div data-crb-p=\"\">\n<div class=\"xFTqob\">\n<div class=\"Gur8Ad\"><span data-huuid=\"571685301361650169\"><strong>GPS:<\/strong><\/span><\/div>\n<div class=\"vM0jzc\">\n<p><span data-huuid=\"571685301361651510\">El GPS integrado en el rastreador obtiene la ubicaci\u00f3n precisa del dispositivo utilizando se\u00f1ales de sat\u00e9lite.<span class=\"pjBG2e\" data-cid=\"224b6113-0e7a-4521-8944-87f19b00296e\"><span class=\"UV3uM\">\u00a0<\/span><\/span><\/span><\/p>\n<div class=\"NPrrbc\" data-cid=\"224b6113-0e7a-4521-8944-87f19b00296e\" data-uuids=\"571685301361650169,571685301361651510\">\n<div class=\"BMebGe btku5b fCrZyc LwdV0e FR7ZSc OJeuxf\" tabindex=\"0\" role=\"button\" aria-label=\"Ver v\u00ednculos relacionados\" data-hveid=\"CB0QAQ\" data-ved=\"2ahUKEwj_yLbf1v2NAxV9jpUCHc6tIfQQ3fYKegQIHRAB\">\n<div class=\"niO4u\">\n<div class=\"kHtcsd\"><\/div>\n<\/div>\n<\/div>\n<\/div>\n<\/div>\n<\/div>\n<\/div>\n<\/div>\n<\/li>\n<li class=\"K3KsMc\">\n<div class=\"zMgcWd dSKvsb\" data-il=\"\">\n<div data-crb-p=\"\">\n<div class=\"xFTqob\">\n<div class=\"Gur8Ad\"><span data-huuid=\"571685301361650096\"><strong>Aplicaci\u00f3n m\u00f3vil:<\/strong><\/span><\/div>\n<div class=\"vM0jzc\">\n<p><span data-huuid=\"571685301361651437\">Una aplicaci\u00f3n dedicada te permite ver la ubicaci\u00f3n del rastreador en un mapa, establecer zonas seguras, y activar alarmas o notificaciones.<span class=\"pjBG2e\" data-cid=\"ad04f957-0c50-4a83-a6e9-f0bfabef8060\"><span class=\"UV3uM\">\u00a0<\/span><\/span><\/span><\/p>\n<div class=\"NPrrbc\" data-cid=\"ad04f957-0c50-4a83-a6e9-f0bfabef8060\" data-uuids=\"571685301361650096,571685301361651437\">\n<div class=\"BMebGe btku5b fCrZyc LwdV0e FR7ZSc OJeuxf\" tabindex=\"0\" role=\"button\" aria-label=\"Ver v\u00ednculos relacionados\" data-hveid=\"CBgQAQ\" data-ved=\"2ahUKEwj_yLbf1v2NAxV9jpUCHc6tIfQQ3fYKegQIGBAB\">\n<div class=\"niO4u\">\n<div class=\"kHtcsd\"><\/div>\n<\/div>\n<\/div>\n<\/div>\n<\/div>\n<\/div>\n<\/div>\n<\/div>\n<\/li>\n<li class=\"K3KsMc\">\n<div class=\"zMgcWd dSKvsb\" data-il=\"\">\n<div data-crb-p=\"\">\n<div class=\"xFTqob\">\n<div class=\"Gur8Ad\"><span data-huuid=\"571685301361650023\"><strong>Red de dispositivos:<\/strong><\/span><\/div>\n<div class=\"vM0jzc\"><span data-huuid=\"571685301361651364\">Algunos rastreadores, como los que utilizan la red \u00abBuscar\u00bb de Apple, pueden aprovechar la conectividad Bluetooth de otros dispositivos cercanos para ayudar a rastrear objetos perdidos, incluso cuando est\u00e1n fuera del alcance directo del Bluetooth de tu tel\u00e9fono.<\/span><\/div>\n<\/div>\n<div>\n<div class=\"WaaZC\">\n<div class=\"RJPOee EIJn2\">\n<div class=\"rPeykc pyPiTc\" data-hveid=\"CCYQAQ\" data-ved=\"2ahUKEwj_yLbf1v2NAxV9jpUCHc6tIfQQo_EKegQIJhAB\"><span data-huuid=\"3308436131279494802\">Tipos de Rastreadores:<\/span><\/div>\n<\/div>\n<\/div>\n<div class=\"WaaZC\">\n<div class=\"RJPOee EIJn2\">\n<ul data-hveid=\"CDYQAQ\" data-ved=\"2ahUKEwj_yLbf1v2NAxV9jpUCHc6tIfQQm_YKegQINhAB\">\n<li class=\"K3KsMc\">\n<div class=\"zMgcWd dSKvsb\" data-il=\"\">\n<div data-crb-p=\"\">\n<div class=\"xFTqob\">\n<div class=\"Gur8Ad\"><span data-huuid=\"3308436131279493001\"><strong>Localizadores antip\u00e9rdida:<\/strong><\/span><\/div>\n<div class=\"vM0jzc\">\n<p><span data-huuid=\"3308436131279493766\">Dise\u00f1ados para adjuntar a objetos como llaves, billeteras, mochilas, y mascotas para evitar que se pierdan o para ayudar a encontrarlos r\u00e1pidamente si se extrav\u00edan.<span class=\"pjBG2e\" data-cid=\"4f8f4bdd-3ab7-4e96-860a-29f4705bd343\"><span class=\"UV3uM\">\u00a0<\/span><\/span><\/span><\/p>\n<div class=\"NPrrbc\" data-cid=\"4f8f4bdd-3ab7-4e96-860a-29f4705bd343\" data-uuids=\"3308436131279493001,3308436131279493766\">\n<div class=\"BMebGe btku5b fCrZyc LwdV0e FR7ZSc OJeuxf\" tabindex=\"0\" role=\"button\" aria-label=\"Ver v\u00ednculos relacionados\" data-hveid=\"CC8QAQ\" data-ved=\"2ahUKEwj_yLbf1v2NAxV9jpUCHc6tIfQQ3fYKegQILxAB\">\n<div class=\"niO4u\">\n<div class=\"kHtcsd\"><\/div>\n<\/div>\n<\/div>\n<\/div>\n<\/div>\n<\/div>\n<\/div>\n<\/div>\n<\/li>\n<li class=\"K3KsMc\">\n<div class=\"zMgcWd dSKvsb\" data-il=\"\">\n<div data-crb-p=\"\">\n<div class=\"xFTqob\">\n<div class=\"Gur8Ad\"><span data-huuid=\"3308436131279491200\"><strong>Rastreadores para veh\u00edculos:<\/strong><\/span><\/div>\n<div class=\"vM0jzc\">\n<p><span data-huuid=\"3308436131279491965\">Se instalan en veh\u00edculos para monitorear su ubicaci\u00f3n en tiempo real y pueden ofrecer funciones como seguimiento de ruta, alertas de movimiento, y geocercas.<span class=\"pjBG2e\" data-cid=\"0379d2b8-b0bb-48da-8010-cdae7d64dfb8\"><span class=\"UV3uM\">\u00a0<\/span><\/span><\/span><\/p>\n<div class=\"NPrrbc\" data-cid=\"0379d2b8-b0bb-48da-8010-cdae7d64dfb8\" data-uuids=\"3308436131279491200,3308436131279491965\">\n<div class=\"BMebGe btku5b fCrZyc LwdV0e FR7ZSc OJeuxf\" tabindex=\"0\" role=\"button\" aria-label=\"Ver v\u00ednculos relacionados\" data-hveid=\"CDMQAQ\" data-ved=\"2ahUKEwj_yLbf1v2NAxV9jpUCHc6tIfQQ3fYKegQIMxAB\">\n<div class=\"niO4u\">\n<div class=\"kHtcsd\"><\/div>\n<\/div>\n<\/div>\n<\/div>\n<\/div>\n<\/div>\n<\/div>\n<\/div>\n<\/li>\n<li class=\"K3KsMc\">\n<div class=\"zMgcWd dSKvsb\" data-il=\"\">\n<div data-crb-p=\"\">\n<div class=\"xFTqob\">\n<div class=\"Gur8Ad\"><span data-huuid=\"3308436131279493495\"><strong>Rastreadores para personas:<\/strong><\/span><\/div>\n<div class=\"vM0jzc\">\n<p><span data-huuid=\"3308436131279494260\">Pueden ser utilizados para rastrear a ni\u00f1os, adultos mayores o personas con necesidades especiales, ofreciendo tranquilidad a sus familiares.<span class=\"pjBG2e\" data-cid=\"63df83fc-b93b-4665-acc2-7c2e7bbc9bc7\"><span class=\"UV3uM\">\u00a0<\/span><\/span><\/span><\/p>\n<div class=\"NPrrbc\" data-cid=\"63df83fc-b93b-4665-acc2-7c2e7bbc9bc7\" data-uuids=\"3308436131279493495,3308436131279494260\">\n<div class=\"BMebGe btku5b fCrZyc LwdV0e FR7ZSc OJeuxf\" tabindex=\"0\" role=\"button\" aria-label=\"Ver v\u00ednculos relacionados\" data-hveid=\"CC4QAQ\" data-ved=\"2ahUKEwj_yLbf1v2NAxV9jpUCHc6tIfQQ3fYKegQILhAB\">\n<div class=\"niO4u\">\n<div class=\"kHtcsd\"><\/div>\n<\/div>\n<\/div>\n<\/div>\n<\/div>\n<\/div>\n<\/div>\n<\/div>\n<\/li>\n<\/ul>\n<\/div>\n<\/div>\n<div class=\"WaaZC\">\n<div class=\"RJPOee EIJn2\">\n<div class=\"rPeykc pyPiTc\" data-hveid=\"CEYQAQ\" data-ved=\"2ahUKEwj_yLbf1v2NAxV9jpUCHc6tIfQQo_EKegQIRhAB\"><span data-huuid=\"18361109624436899571\">Consideraciones:<\/span><\/div>\n<\/div>\n<\/div>\n<div class=\"WaaZC\">\n<div class=\"RJPOee EIJn2\">\n<ul data-hveid=\"CFYQAQ\" data-ved=\"2ahUKEwj_yLbf1v2NAxV9jpUCHc6tIfQQm_YKegQIVhAB\">\n<li class=\"K3KsMc\">\n<div class=\"zMgcWd dSKvsb\" data-il=\"\">\n<div data-crb-p=\"\">\n<div class=\"xFTqob\">\n<div class=\"Gur8Ad\"><span data-huuid=\"18361109624436897238\"><strong>Alcance:<\/strong><\/span><\/div>\n<div class=\"vM0jzc\">\n<p><span data-huuid=\"18361109624436899191\">El alcance de Bluetooth suele ser limitado (10-30 metros), pero algunos rastreadores utilizan redes de dispositivos para ampliar el alcance.<span class=\"pjBG2e\" data-cid=\"4b0bf7f0-5f00-41a7-b7db-41cfe5c8c43a\"><span class=\"UV3uM\">\u00a0<\/span><\/span><\/span><\/p>\n<div class=\"NPrrbc\" data-cid=\"4b0bf7f0-5f00-41a7-b7db-41cfe5c8c43a\" data-uuids=\"18361109624436897238,18361109624436899191\">\n<div class=\"BMebGe btku5b fCrZyc LwdV0e FR7ZSc OJeuxf\" tabindex=\"0\" role=\"button\" aria-label=\"Ver v\u00ednculos relacionados\" data-hveid=\"CE0QAQ\" data-ved=\"2ahUKEwj_yLbf1v2NAxV9jpUCHc6tIfQQ3fYKegQITRAB\">\n<div class=\"niO4u\">\n<div class=\"kHtcsd\"><\/div>\n<\/div>\n<\/div>\n<\/div>\n<\/div>\n<\/div>\n<\/div>\n<\/div>\n<\/li>\n<li class=\"K3KsMc\">\n<div class=\"zMgcWd dSKvsb\" data-il=\"\">\n<div data-crb-p=\"\">\n<div class=\"xFTqob\">\n<div class=\"Gur8Ad\"><span data-huuid=\"18361109624436899001\"><strong>Bater\u00eda:<\/strong><\/span><\/div>\n<div class=\"vM0jzc\"><span data-huuid=\"18361109624436896858\">La duraci\u00f3n de la bater\u00eda var\u00eda seg\u00fan el modelo y el uso, pero muchos rastreadores utilizan bater\u00edas reemplazables o de larga duraci\u00f3n.<span class=\"pjBG2e\" data-cid=\"39f815b1-5d8c-4619-84e8-25734b0e4f2c\"><span class=\"UV3uM\">\u00a0<\/span><\/span><\/span><\/div>\n<\/div>\n<\/div>\n<\/div>\n<\/li>\n<\/ul>\n<\/div>\n<\/div>\n<\/div>\n<\/div>\n<\/div>\n<\/li>\n<\/ul>\n<\/div>\n<\/div>\n<\/div>\n<\/div>\n","protected":false},"excerpt":{"rendered":"<p>ENCUENTRA TU BILLETERA, LLAVES O MASCOTA CON ESTE DISPOSITIVO<\/p>\n","protected":false},"featured_media":0,"comment_status":"open","ping_status":"closed","template":"","meta":{"_joinchat":[]},"product_cat":[192],"product_tag":[],"class_list":{"0":"post-17031","1":"product","2":"type-product","3":"status-publish","5":"product_cat-accesorios","7":"first","8":"instock","9":"sale","10":"shipping-taxable","11":"purchasable","12":"product-type-simple"},"_links":{"self":[{"href":"https:\/\/jobstore.cl\/index.php\/wp-json\/wp\/v2\/product\/17031","targetHints":{"allow":["GET"]}}],"collection":[{"href":"https:\/\/jobstore.cl\/index.php\/wp-json\/wp\/v2\/product"}],"about":[{"href":"https:\/\/jobstore.cl\/index.php\/wp-json\/wp\/v2\/types\/product"}],"replies":[{"embeddable":true,"href":"https:\/\/jobstore.cl\/index.php\/wp-json\/wp\/v2\/comments?post=17031"}],"version-history":[{"count":4,"href":"https:\/\/jobstore.cl\/index.php\/wp-json\/wp\/v2\/product\/17031\/revisions"}],"predecessor-version":[{"id":18435,"href":"https:\/\/jobstore.cl\/index.php\/wp-json\/wp\/v2\/product\/17031\/revisions\/18435"}],"wp:attachment":[{"href":"https:\/\/jobstore.cl\/index.php\/wp-json\/wp\/v2\/media?parent=17031"}],"wp:term":[{"taxonomy":"product_cat","embeddable":true,"href":"https:\/\/jobstore.cl\/index.php\/wp-json\/wp\/v2\/product_cat?post=17031"},{"taxonomy":"product_tag","embeddable":true,"href":"https:\/\/jobstore.cl\/index.php\/wp-json\/wp\/v2\/product_tag?post=17031"}],"curies":[{"name":"wp","href":"https:\/\/api.w.org\/{rel}","templated":true}]}}