{"id":17015,"date":"2025-06-14T01:03:12","date_gmt":"2025-06-14T04:03:12","guid":{"rendered":"https:\/\/jobstore.cl\/?post_type=product&#038;p=17015"},"modified":"2025-07-28T14:28:05","modified_gmt":"2025-07-28T17:28:05","slug":"tarjeta-find-my","status":"publish","type":"product","link":"https:\/\/jobstore.cl\/index.php\/product\/tarjeta-find-my\/","title":{"rendered":"TARJETA FIND MY"},"content":{"rendered":"<h3 data-start=\"137\" data-end=\"169\"> Especificaciones T\u00e9cnicas<\/h3>\n<ul data-start=\"171\" data-end=\"859\">\n<li data-start=\"171\" data-end=\"222\">\n<p data-start=\"173\" data-end=\"222\"><strong data-start=\"173\" data-end=\"183\">Modelo<\/strong>: <span class=\"relative -mx-px my-[-0.2rem] rounded px-px py-[0.2rem] transition-colors duration-100 ease-in-out\">Baseus T1 Intelligent Tile<\/span><\/p>\n<\/li>\n<li data-start=\"223\" data-end=\"280\">\n<p data-start=\"225\" data-end=\"280\"><strong data-start=\"225\" data-end=\"241\">Conectividad<\/strong>: <span class=\"relative -mx-px my-[-0.2rem] rounded px-px py-[0.2rem] transition-colors duration-100 ease-in-out\">Bluetooth Low Energy (BLE)<\/span><\/p>\n<\/li>\n<li data-start=\"281\" data-end=\"332\">\n<p data-start=\"283\" data-end=\"332\"><strong data-start=\"283\" data-end=\"293\">Alarma<\/strong>: <span class=\"relative -mx-px my-[-0.2rem] rounded px-px py-[0.2rem] transition-colors duration-100 ease-in-out\">Hasta 90 dB<\/span><\/p>\n<\/li>\n<li data-start=\"333\" data-end=\"401\">\n<p data-start=\"335\" data-end=\"401\"><strong data-start=\"335\" data-end=\"360\">Rango de localizaci\u00f3n<\/strong>: <span class=\"relative -mx-px my-[-0.2rem] rounded px-px py-[0.2rem] transition-colors duration-100 ease-in-out\">Hasta 30 metros en espacios abiertos<\/span><\/p>\n<\/li>\n<li data-start=\"402\" data-end=\"456\">\n<p data-start=\"404\" data-end=\"456\"><strong data-start=\"404\" data-end=\"415\">Bater\u00eda<\/strong>: <span class=\"relative -mx-px my-[-0.2rem] rounded px-px py-[0.2rem] transition-colors duration-100 ease-in-out\">Vida \u00fatil de hasta 12 meses (no recargable)<\/span><\/p>\n<\/li>\n<li data-start=\"457\" data-end=\"515\">\n<p data-start=\"459\" data-end=\"515\"><strong data-start=\"459\" data-end=\"474\">Dimensiones<\/strong>: <span class=\"relative -mx-px my-[-0.2rem] rounded px-px py-[0.2rem] transition-colors duration-100 ease-in-out\">54 x 54 x 2.7 mm<\/span><\/p>\n<\/li>\n<li data-start=\"516\" data-end=\"567\">\n<p data-start=\"518\" data-end=\"567\"><strong data-start=\"518\" data-end=\"526\">Peso<\/strong>: <span class=\"relative -mx-px my-[-0.2rem] rounded px-px py-[0.2rem] transition-colors duration-100 ease-in-out\">Aproximadamente 8 g<\/span><\/p>\n<\/li>\n<li data-start=\"568\" data-end=\"620\">\n<p data-start=\"570\" data-end=\"620\"><strong data-start=\"570\" data-end=\"579\">Color<\/strong>: <span class=\"relative -mx-px my-[-0.2rem] rounded px-px py-[0.2rem] transition-colors duration-100 ease-in-out\">Blanco<\/span><\/p>\n<\/li>\n<li data-start=\"621\" data-end=\"752\">\n<p data-start=\"623\" data-end=\"642\"><strong data-start=\"623\" data-end=\"641\">Compatibilidad<\/strong>:<\/p>\n<ul data-start=\"645\" data-end=\"752\">\n<li data-start=\"645\" data-end=\"695\">\n<p data-start=\"647\" data-end=\"695\"><strong data-start=\"647\" data-end=\"654\">iOS<\/strong>: <span class=\"relative -mx-px my-[-0.2rem] rounded px-px py-[0.2rem] transition-colors duration-100 ease-in-out\">iOS 11.0 o superior<\/span><\/p>\n<\/li>\n<li data-start=\"698\" data-end=\"752\">\n<p data-start=\"700\" data-end=\"752\"><strong data-start=\"700\" data-end=\"711\">Android<\/strong>: <span class=\"relative -mx-px my-[-0.2rem] rounded px-px py-[0.2rem] transition-colors duration-100 ease-in-out\">Android 5.0 o superior<\/span><\/p>\n<\/li>\n<\/ul>\n<\/li>\n<li data-start=\"753\" data-end=\"859\">\n<p data-start=\"755\" data-end=\"859\"><strong data-start=\"755\" data-end=\"779\">Aplicaci\u00f3n requerida<\/strong>: <span class=\"relative -mx-px my-[-0.2rem] rounded px-px py-[0.2rem] transition-colors duration-100 ease-in-out\">Aplicaci\u00f3n Baseus (disponible en App Store y Google Play)<\/span><span class=\"\" data-state=\"closed\"><span class=\"ms-1 inline-flex max-w-full items-center relative top-[-0.094rem] animate-[show_150ms_ease-in]\"><a class=\"flex h-4.5 overflow-hidden rounded-xl px-2 text-[0.5625em] font-medium text-token-text-secondary! bg-[#F4F4F4]! dark:bg-[#303030]! transition-colors duration-150 ease-in-out\" href=\"https:\/\/www.gadgets4geeks.com.au\/baseus-t1-intelligent-anti-loss-bluetooth-tracker-alarm-card?utm_source=chatgpt.com\" target=\"_blank\" rel=\"noopener\"><span class=\"relative start-0 bottom-0 flex h-full w-full items-center\"><span class=\"flex h-4 w-full items-center justify-between\"><span class=\"max-w-full grow truncate overflow-hidden text-center\">gadgets4geeks.com.au<\/span><span class=\"-me-1 flex h-full items-center rounded-full px-1 text-[#8F8F8F]\">+1<\/span><\/span><span class=\"flex h-4 w-full items-center justify-between absolute\"><span class=\"max-w-full grow truncate overflow-hidden text-center\">ebay.com<\/span><span class=\"-me-1 flex h-full items-center rounded-full px-1 text-[#8F8F8F]\">+1<\/span><\/span><\/span><\/a><\/span><\/span><\/p>\n<\/li>\n<\/ul>\n<h3 data-start=\"866\" data-end=\"893\">\ufe0f Uso y Funcionalidad<\/h3>\n<ul data-start=\"895\" data-end=\"1198\">\n<li data-start=\"895\" data-end=\"965\">\n<p data-start=\"897\" data-end=\"965\"><strong data-start=\"897\" data-end=\"924\">Localizaci\u00f3n de objetos<\/strong>: <span class=\"relative -mx-px my-[-0.2rem] rounded px-px py-[0.2rem] transition-colors duration-100 ease-in-out\">Adhiere la tarjeta a tus pertenencias (como billeteras, mochilas o llaves) para localizarlas f\u00e1cilmente mediante la aplicaci\u00f3n Baseus.<\/span><\/p>\n<\/li>\n<li data-start=\"966\" data-end=\"1033\">\n<p data-start=\"968\" data-end=\"1033\"><strong data-start=\"968\" data-end=\"992\">Alarma bidireccional<\/strong>: <span class=\"relative -mx-px my-[-0.2rem] rounded px-px py-[0.2rem] transition-colors duration-100 ease-in-out\">Activa una alarma en la tarjeta desde la aplicaci\u00f3n para encontrar objetos perdidos, o utiliza el bot\u00f3n de la tarjeta para hacer sonar el tel\u00e9fono si est\u00e1 cerca.<\/span><\/p>\n<\/li>\n<li data-start=\"1034\" data-end=\"1092\">\n<p data-start=\"1036\" data-end=\"1092\"><strong data-start=\"1036\" data-end=\"1051\">Red Find My<\/strong>: <span class=\"relative -mx-px my-[-0.2rem] rounded px-px py-[0.2rem] transition-colors duration-100 ease-in-out\">La tarjeta puede conectarse a la red Find My de Apple, permitiendo que otros dispositivos Apple ayuden a localizarla si est\u00e1 fuera de tu alcance.<\/span><\/p>\n<\/li>\n<li data-start=\"1093\" data-end=\"1198\">\n<p data-start=\"1095\" data-end=\"1198\"><strong data-start=\"1095\" data-end=\"1118\">Dise\u00f1o ultradelgado<\/strong>: <span class=\"relative -mx-px my-[-0.2rem] rounded px-px py-[0.2rem] transition-colors duration-100 ease-in-out\">Con un grosor de solo 2.7 mm, es f\u00e1cil de integrar en billeteras o colgar en llaveros sin ocupar espacio adicional.<\/span><\/p>\n<\/li>\n<\/ul>\n<h3 data-start=\"1205\" data-end=\"1225\">\u2705 Compatibilidad<\/h3>\n<ul data-start=\"1227\" data-end=\"1439\">\n<li data-start=\"1227\" data-end=\"1280\">\n<p data-start=\"1229\" data-end=\"1280\"><strong data-start=\"1229\" data-end=\"1239\">iPhone<\/strong>: <span class=\"relative -mx-px my-[-0.2rem] rounded px-px py-[0.2rem] transition-colors duration-100 ease-in-out\">Modelos con iOS 11.0 o superior<\/span><\/p>\n<\/li>\n<li data-start=\"1281\" data-end=\"1335\">\n<p data-start=\"1283\" data-end=\"1335\"><strong data-start=\"1283\" data-end=\"1294\">Android<\/strong>: <span class=\"relative -mx-px my-[-0.2rem] rounded px-px py-[0.2rem] transition-colors duration-100 ease-in-out\">Dispositivos con Android 5.0 o superior<\/span><\/p>\n<\/li>\n<li data-start=\"1336\" data-end=\"1439\">\n<p data-start=\"1338\" data-end=\"1439\"><strong data-start=\"1338\" data-end=\"1359\">Aplicaci\u00f3n Baseus<\/strong>: <span class=\"relative -mx-px my-[-0.2rem] rounded px-px py-[0.2rem] transition-colors duration-100 ease-in-out\">Disponible para su descarga en App Store y Google Play<\/span><\/p>\n<\/li>\n<\/ul>\n","protected":false},"excerpt":{"rendered":"<p>Especificaciones T\u00e9cnicas Modelo: Baseus T1 Intelligent Tile Conectividad: Bluetooth Low Energy (BLE) Alarma: Hasta 90 dB Rango de localizaci\u00f3n: Hasta 30 metros en espacios abiertos Bater\u00eda:<span class=\"excerpt-hellip\"> [\u2026]<\/span><\/p>\n","protected":false},"featured_media":17016,"comment_status":"open","ping_status":"closed","template":"","meta":{"_joinchat":[]},"product_cat":[192],"product_tag":[],"class_list":{"0":"post-17015","1":"product","2":"type-product","3":"status-publish","4":"has-post-thumbnail","6":"product_cat-accesorios","8":"first","9":"instock","10":"sale","11":"shipping-taxable","12":"purchasable","13":"product-type-simple"},"_links":{"self":[{"href":"https:\/\/jobstore.cl\/index.php\/wp-json\/wp\/v2\/product\/17015","targetHints":{"allow":["GET"]}}],"collection":[{"href":"https:\/\/jobstore.cl\/index.php\/wp-json\/wp\/v2\/product"}],"about":[{"href":"https:\/\/jobstore.cl\/index.php\/wp-json\/wp\/v2\/types\/product"}],"replies":[{"embeddable":true,"href":"https:\/\/jobstore.cl\/index.php\/wp-json\/wp\/v2\/comments?post=17015"}],"version-history":[{"count":1,"href":"https:\/\/jobstore.cl\/index.php\/wp-json\/wp\/v2\/product\/17015\/revisions"}],"predecessor-version":[{"id":17019,"href":"https:\/\/jobstore.cl\/index.php\/wp-json\/wp\/v2\/product\/17015\/revisions\/17019"}],"wp:featuredmedia":[{"embeddable":true,"href":"https:\/\/jobstore.cl\/index.php\/wp-json\/wp\/v2\/media\/17016"}],"wp:attachment":[{"href":"https:\/\/jobstore.cl\/index.php\/wp-json\/wp\/v2\/media?parent=17015"}],"wp:term":[{"taxonomy":"product_cat","embeddable":true,"href":"https:\/\/jobstore.cl\/index.php\/wp-json\/wp\/v2\/product_cat?post=17015"},{"taxonomy":"product_tag","embeddable":true,"href":"https:\/\/jobstore.cl\/index.php\/wp-json\/wp\/v2\/product_tag?post=17015"}],"curies":[{"name":"wp","href":"https:\/\/api.w.org\/{rel}","templated":true}]}}