{"id":17005,"date":"2025-06-14T00:48:08","date_gmt":"2025-06-14T03:48:08","guid":{"rendered":"https:\/\/jobstore.cl\/?post_type=product&#038;p=17005"},"modified":"2026-04-10T13:14:41","modified_gmt":"2026-04-10T16:14:41","slug":"cargador-inalambrico-con-pantalla-led-digital","status":"publish","type":"product","link":"https:\/\/jobstore.cl\/index.php\/product\/cargador-inalambrico-con-pantalla-led-digital\/","title":{"rendered":"CARGADOR INALAMBRICO CON PANTALLA LED DIGITAL"},"content":{"rendered":"<h3 data-start=\"109\" data-end=\"141\">Especificaciones T\u00e9cnicas<\/h3>\n<ul data-start=\"143\" data-end=\"752\">\n<li data-start=\"143\" data-end=\"194\">\n<p data-start=\"145\" data-end=\"194\"><strong data-start=\"145\" data-end=\"155\">Modelo<\/strong>: <span class=\"relative -mx-px my-[-0.2rem] rounded px-px py-[0.2rem] transition-colors duration-100 ease-in-out\">BS-W526<\/span><\/p>\n<\/li>\n<li data-start=\"195\" data-end=\"247\">\n<p data-start=\"197\" data-end=\"247\"><strong data-start=\"197\" data-end=\"208\">Entrada<\/strong>: <span class=\"relative -mx-px my-[-0.2rem] rounded px-px py-[0.2rem] transition-colors duration-100 ease-in-out\">5V\/2A, 9V\/2A, 12V\/2A<\/span><\/p>\n<\/li>\n<li data-start=\"248\" data-end=\"306\">\n<p data-start=\"250\" data-end=\"306\"><strong data-start=\"250\" data-end=\"267\">Salida m\u00e1xima<\/strong>: <span class=\"relative -mx-px my-[-0.2rem] rounded px-px py-[0.2rem] transition-colors duration-100 ease-in-out\">15W (compatible con 10W, 7.5W y 5W)<\/span><\/p>\n<\/li>\n<li data-start=\"307\" data-end=\"379\">\n<p data-start=\"309\" data-end=\"379\"><strong data-start=\"309\" data-end=\"338\">Frecuencia de transmisi\u00f3n<\/strong>: <span class=\"relative -mx-px my-[-0.2rem] rounded px-px py-[0.2rem] transition-colors duration-100 ease-in-out\">115\u2013205 kHz<\/span><\/p>\n<\/li>\n<li data-start=\"380\" data-end=\"449\">\n<p data-start=\"382\" data-end=\"449\"><strong data-start=\"382\" data-end=\"408\">Distancia de inducci\u00f3n<\/strong>: <span class=\"relative -mx-px my-[-0.2rem] rounded px-px py-[0.2rem] transition-colors duration-100 ease-in-out\">\u22648 mm (puede cargar con funda delgada)<\/span><\/p>\n<\/li>\n<li data-start=\"450\" data-end=\"503\">\n<p data-start=\"452\" data-end=\"503\"><strong data-start=\"452\" data-end=\"462\">Tama\u00f1o<\/strong>: <span class=\"relative -mx-px my-[-0.2rem] rounded px-px py-[0.2rem] transition-colors duration-100 ease-in-out\">112 x 100 x 7 mm<\/span><\/p>\n<\/li>\n<li data-start=\"504\" data-end=\"555\">\n<p data-start=\"506\" data-end=\"555\"><strong data-start=\"506\" data-end=\"514\">Peso<\/strong>: <span class=\"relative -mx-px my-[-0.2rem] rounded px-px py-[0.2rem] transition-colors duration-100 ease-in-out\">85.5 g<\/span><\/p>\n<\/li>\n<li data-start=\"556\" data-end=\"611\">\n<p data-start=\"558\" data-end=\"611\"><strong data-start=\"558\" data-end=\"570\">Material<\/strong>: <span class=\"relative -mx-px my-[-0.2rem] rounded px-px py-[0.2rem] transition-colors duration-100 ease-in-out\">Pl\u00e1stico PC<\/span><\/p>\n<\/li>\n<li data-start=\"612\" data-end=\"752\">\n<p data-start=\"614\" data-end=\"752\"><strong data-start=\"614\" data-end=\"632\">Cable incluido<\/strong>: <span class=\"relative -mx-px my-[-0.2rem] rounded px-px py-[0.2rem] transition-colors duration-100 ease-in-out\">USB-C de 1.5 m<\/span><\/p>\n<\/li>\n<\/ul>\n<h3 data-start=\"759\" data-end=\"792\">Caracter\u00edsticas Destacadas<\/h3>\n<ul data-start=\"794\" data-end=\"1227\">\n<li data-start=\"794\" data-end=\"861\">\n<p data-start=\"796\" data-end=\"861\"><strong data-start=\"796\" data-end=\"820\">Pantalla LED digital<\/strong>: <span class=\"relative -mx-px my-[-0.2rem] rounded px-px py-[0.2rem] transition-colors duration-100 ease-in-out\">Muestra en tiempo real el voltaje y la potencia de carga.<\/span><\/p>\n<\/li>\n<li data-start=\"862\" data-end=\"928\">\n<p data-start=\"864\" data-end=\"928\"><strong data-start=\"864\" data-end=\"887\">Carga r\u00e1pida de 15W<\/strong>: <span class=\"relative -mx-px my-[-0.2rem] rounded px-px py-[0.2rem] transition-colors duration-100 ease-in-out\">Ideal para smartphones y dispositivos compatibles con Qi.<\/span><\/p>\n<\/li>\n<li data-start=\"929\" data-end=\"1009\">\n<p data-start=\"931\" data-end=\"1009\"><strong data-start=\"931\" data-end=\"968\">Carga de goteo (Trickle Charging)<\/strong>: <span class=\"relative -mx-px my-[-0.2rem] rounded px-px py-[0.2rem] transition-colors duration-100 ease-in-out\">Protege contra sobrecargas al reducir la velocidad de carga cuando la bater\u00eda est\u00e1 llena.<\/span><\/p>\n<\/li>\n<li data-start=\"1010\" data-end=\"1079\">\n<p data-start=\"1012\" data-end=\"1079\"><strong data-start=\"1012\" data-end=\"1038\">Protecci\u00f3n inteligente<\/strong>: <span class=\"relative -mx-px my-[-0.2rem] rounded px-px py-[0.2rem] transition-colors duration-100 ease-in-out\">Detecta objetos extra\u00f1os (FOD) y cuenta con protecci\u00f3n contra sobrecalentamiento, sobrecorriente y sobretensi\u00f3n.<\/span><\/p>\n<\/li>\n<li data-start=\"1080\" data-end=\"1227\">\n<p data-start=\"1082\" data-end=\"1227\"><strong data-start=\"1082\" data-end=\"1107\">Compatibilidad amplia<\/strong>: <span class=\"relative -mx-px my-[-0.2rem] rounded px-px py-[0.2rem] transition-colors duration-100 ease-in-out\">Compatible con iPhone, Samsung, Xiaomi, Huawei, AirPods Pro y otros dispositivos con carga inal\u00e1mbrica.<\/span><\/p>\n<\/li>\n<\/ul>\n","protected":false},"excerpt":{"rendered":"<p>NO INCLUYE CELULAR<\/p>\n","protected":false},"featured_media":17006,"comment_status":"open","ping_status":"closed","template":"","meta":{"_joinchat":[]},"product_cat":[192,280],"product_tag":[],"class_list":{"0":"post-17005","1":"product","2":"type-product","3":"status-publish","4":"has-post-thumbnail","6":"product_cat-accesorios","7":"product_cat-accesorios-iphone-accesorios-iphone","9":"first","10":"outofstock","11":"sale","12":"shipping-taxable","13":"purchasable","14":"product-type-simple"},"_links":{"self":[{"href":"https:\/\/jobstore.cl\/index.php\/wp-json\/wp\/v2\/product\/17005","targetHints":{"allow":["GET"]}}],"collection":[{"href":"https:\/\/jobstore.cl\/index.php\/wp-json\/wp\/v2\/product"}],"about":[{"href":"https:\/\/jobstore.cl\/index.php\/wp-json\/wp\/v2\/types\/product"}],"replies":[{"embeddable":true,"href":"https:\/\/jobstore.cl\/index.php\/wp-json\/wp\/v2\/comments?post=17005"}],"version-history":[{"count":4,"href":"https:\/\/jobstore.cl\/index.php\/wp-json\/wp\/v2\/product\/17005\/revisions"}],"predecessor-version":[{"id":17014,"href":"https:\/\/jobstore.cl\/index.php\/wp-json\/wp\/v2\/product\/17005\/revisions\/17014"}],"wp:featuredmedia":[{"embeddable":true,"href":"https:\/\/jobstore.cl\/index.php\/wp-json\/wp\/v2\/media\/17006"}],"wp:attachment":[{"href":"https:\/\/jobstore.cl\/index.php\/wp-json\/wp\/v2\/media?parent=17005"}],"wp:term":[{"taxonomy":"product_cat","embeddable":true,"href":"https:\/\/jobstore.cl\/index.php\/wp-json\/wp\/v2\/product_cat?post=17005"},{"taxonomy":"product_tag","embeddable":true,"href":"https:\/\/jobstore.cl\/index.php\/wp-json\/wp\/v2\/product_tag?post=17005"}],"curies":[{"name":"wp","href":"https:\/\/api.w.org\/{rel}","templated":true}]}}