{"id":16958,"date":"2025-05-29T14:04:06","date_gmt":"2025-05-29T17:04:06","guid":{"rendered":"https:\/\/jobstore.cl\/?post_type=product&#038;p=16958"},"modified":"2025-05-29T14:04:07","modified_gmt":"2025-05-29T17:04:07","slug":"carcasa-dura-para-iphone-13-y-14-negro","status":"publish","type":"product","link":"https:\/\/jobstore.cl\/index.php\/product\/carcasa-dura-para-iphone-13-y-14-negro\/","title":{"rendered":"CARCASA DURA PARA IPHONE 13 Y 14 NEGRO"},"content":{"rendered":"<table class=\"Fractal-SpecTable--table\" style=\"height: 341px;\" width=\"623\">\n<thead>\n<tr>\n<th><span class=\"Fractal-Typography--base Fractal-Typography__typography--body Fractal-Typography__typography--default   Fractal-Typography__typography--left \" data-fractalds=\"t:a|n:typography|v:body,default,left,span\">Caracter\u00edsticas<\/span><\/th>\n<\/tr>\n<\/thead>\n<tbody>\n<tr>\n<td><span class=\"Fractal-Typography--base Fractal-Typography__typography--body Fractal-Typography__typography--default   Fractal-Typography__typography--left \" data-fractalds=\"t:a|n:typography|v:body,default,left,span\">Tama\u00f1o m\u00e1ximo de pantalla<\/span><\/td>\n<td><span class=\"Fractal-Typography--base Fractal-Typography__typography--body Fractal-Typography__typography--default   Fractal-Typography__typography--left \" data-fractalds=\"t:a|n:typography|v:body,default,left,span\">15,5 cm (6.1\u2033)<\/span><\/td>\n<\/tr>\n<tr>\n<td><span class=\"Fractal-Typography--base Fractal-Typography__typography--body Fractal-Typography__typography--default   Fractal-Typography__typography--left \" data-fractalds=\"t:a|n:typography|v:body,default,left,span\">Tipo de funda<\/span><\/td>\n<td><span class=\"Fractal-Typography--base Fractal-Typography__typography--body Fractal-Typography__typography--default   Fractal-Typography__typography--left \" data-fractalds=\"t:a|n:typography|v:body,default,left,span\">Funda<\/span><\/td>\n<\/tr>\n<tr>\n<td><span class=\"Fractal-Typography--base Fractal-Typography__typography--body Fractal-Typography__typography--default   Fractal-Typography__typography--left \" data-fractalds=\"t:a|n:typography|v:body,default,left,span\">Material<\/span><\/td>\n<td><span class=\"Fractal-Typography--base Fractal-Typography__typography--body Fractal-Typography__typography--default   Fractal-Typography__typography--left \" data-fractalds=\"t:a|n:typography|v:body,default,left,span\">Piel aut\u00e9ntica<\/span><\/td>\n<\/tr>\n<tr>\n<td><span class=\"Fractal-Typography--base Fractal-Typography__typography--body Fractal-Typography__typography--default   Fractal-Typography__typography--left \" data-fractalds=\"t:a|n:typography|v:body,default,left,span\">Color del producto<\/span><\/td>\n<td><span class=\"Fractal-Typography--base Fractal-Typography__typography--body Fractal-Typography__typography--default   Fractal-Typography__typography--left \" data-fractalds=\"t:a|n:typography|v:body,default,left,span\">Negro<\/span><\/td>\n<\/tr>\n<tr>\n<td><span class=\"Fractal-Typography--base Fractal-Typography__typography--body Fractal-Typography__typography--default   Fractal-Typography__typography--left \" data-fractalds=\"t:a|n:typography|v:body,default,left,span\">Marca compatible<\/span><\/td>\n<td><span class=\"Fractal-Typography--base Fractal-Typography__typography--body Fractal-Typography__typography--default   Fractal-Typography__typography--left \" data-fractalds=\"t:a|n:typography|v:body,default,left,span\">Apple<\/span><\/td>\n<\/tr>\n<tr>\n<td><span class=\"Fractal-Typography--base Fractal-Typography__typography--body Fractal-Typography__typography--default   Fractal-Typography__typography--left \" data-fractalds=\"t:a|n:typography|v:body,default,left,span\">Compatibilidad<\/span><\/td>\n<td><span class=\"Fractal-Typography--base Fractal-Typography__typography--body Fractal-Typography__typography--default   Fractal-Typography__typography--left \" data-fractalds=\"t:a|n:typography|v:body,default,left,span\">iPhone 14<\/span><\/td>\n<\/tr>\n<tr>\n<td><span class=\"Fractal-Typography--base Fractal-Typography__typography--body Fractal-Typography__typography--default   Fractal-Typography__typography--left \" data-fractalds=\"t:a|n:typography|v:body,default,left,span\">Coloraci\u00f3n de superficie<\/span><\/td>\n<td><span class=\"Fractal-Typography--base Fractal-Typography__typography--body Fractal-Typography__typography--default   Fractal-Typography__typography--left \" data-fractalds=\"t:a|n:typography|v:body,default,left,span\">Monocromo<\/span><\/td>\n<\/tr>\n<tr>\n<td><span class=\"Fractal-Typography--base Fractal-Typography__typography--body Fractal-Typography__typography--default   Fractal-Typography__typography--left \" data-fractalds=\"t:a|n:typography|v:body,default,left,span\">Compatible con MagSafe<\/span><\/td>\n<td><span class=\"Fractal-Typography--base Fractal-Typography__typography--body Fractal-Typography__typography--default   Fractal-Typography__typography--left \" data-fractalds=\"t:a|n:typography|v:body,default,left,span\">Si<\/span><\/td>\n<\/tr>\n<tr>\n<td><span class=\"Fractal-Typography--base Fractal-Typography__typography--body Fractal-Typography__typography--default   Fractal-Typography__typography--left \" data-fractalds=\"t:a|n:typography|v:body,default,left,span\">Tipo de cierre<\/span><\/td>\n<td><span class=\"Fractal-Typography--base Fractal-Typography__typography--body Fractal-Typography__typography--default   Fractal-Typography__typography--left \" data-fractalds=\"t:a|n:typography|v:body,default,left,span\">No aplicable<\/span><\/td>\n<\/tr>\n<tr>\n<td><span class=\"Fractal-Typography--base Fractal-Typography__typography--body Fractal-Typography__typography--default   Fractal-Typography__typography--left \" data-fractalds=\"t:a|n:typography|v:body,default,left,span\">Funciones de protecci\u00f3n<\/span><\/td>\n<td><span class=\"Fractal-Typography--base Fractal-Typography__typography--body Fractal-Typography__typography--default   Fractal-Typography__typography--left \" data-fractalds=\"t:a|n:typography|v:body,default,left,span\">Protecci\u00f3n contra ca\u00eddas, Resistente a rayones<\/span><\/td>\n<\/tr>\n<\/tbody>\n<\/table>\n","protected":false},"excerpt":{"rendered":"<p>Caracter\u00edsticas Tama\u00f1o m\u00e1ximo de pantalla 15,5 cm (6.1\u2033) Tipo de funda Funda Material Piel aut\u00e9ntica Color del producto Negro Marca compatible Apple Compatibilidad iPhone 14 Coloraci\u00f3n<span class=\"excerpt-hellip\"> [\u2026]<\/span><\/p>\n","protected":false},"featured_media":16961,"comment_status":"open","ping_status":"closed","template":"","meta":{"_joinchat":[]},"product_cat":[192,627,394,588],"product_tag":[],"class_list":{"0":"post-16958","1":"product","2":"type-product","3":"status-publish","4":"has-post-thumbnail","6":"product_cat-accesorios","7":"product_cat-carcasa","8":"product_cat-iphone-13","9":"product_cat-iphone-14-carcasas","11":"first","12":"instock","13":"sale","14":"shipping-taxable","15":"purchasable","16":"product-type-simple"},"_links":{"self":[{"href":"https:\/\/jobstore.cl\/index.php\/wp-json\/wp\/v2\/product\/16958","targetHints":{"allow":["GET"]}}],"collection":[{"href":"https:\/\/jobstore.cl\/index.php\/wp-json\/wp\/v2\/product"}],"about":[{"href":"https:\/\/jobstore.cl\/index.php\/wp-json\/wp\/v2\/types\/product"}],"replies":[{"embeddable":true,"href":"https:\/\/jobstore.cl\/index.php\/wp-json\/wp\/v2\/comments?post=16958"}],"version-history":[{"count":1,"href":"https:\/\/jobstore.cl\/index.php\/wp-json\/wp\/v2\/product\/16958\/revisions"}],"predecessor-version":[{"id":16962,"href":"https:\/\/jobstore.cl\/index.php\/wp-json\/wp\/v2\/product\/16958\/revisions\/16962"}],"wp:featuredmedia":[{"embeddable":true,"href":"https:\/\/jobstore.cl\/index.php\/wp-json\/wp\/v2\/media\/16961"}],"wp:attachment":[{"href":"https:\/\/jobstore.cl\/index.php\/wp-json\/wp\/v2\/media?parent=16958"}],"wp:term":[{"taxonomy":"product_cat","embeddable":true,"href":"https:\/\/jobstore.cl\/index.php\/wp-json\/wp\/v2\/product_cat?post=16958"},{"taxonomy":"product_tag","embeddable":true,"href":"https:\/\/jobstore.cl\/index.php\/wp-json\/wp\/v2\/product_tag?post=16958"}],"curies":[{"name":"wp","href":"https:\/\/api.w.org\/{rel}","templated":true}]}}