{"id":16797,"date":"2025-03-20T13:12:00","date_gmt":"2025-03-20T16:12:00","guid":{"rendered":"https:\/\/jobstore.cl\/?post_type=product&#038;p=16797"},"modified":"2025-07-28T12:26:09","modified_gmt":"2025-07-28T15:26:09","slug":"carcasa-magsafe-iphone-16-pro-decoded","status":"publish","type":"product","link":"https:\/\/jobstore.cl\/index.php\/product\/carcasa-magsafe-iphone-16-pro-decoded\/","title":{"rendered":"CARCASA MAGSAFE IPHONE 16 PRO DECODED"},"content":{"rendered":"<p>\u00a0<\/p>\n<h4 style=\"text-align: center;\">Funda transparente compatible con MagSafe para una carga sin esfuerzo<\/h4>\n<p>Funda transparente compatible con MagSafe para el iPhone 16 Pro garantiza una carga magn\u00e9tica e inal\u00e1mbrica sin problemas. Experimente la comodidad de una carga r\u00e1pida y sin complicaciones con este estuche. La alineaci\u00f3n magn\u00e9tica est\u00e1 optimizada para tu iPhone 16 Pro, lo que garantiza una conexi\u00f3n segura en todo momento. Compatible con una variedad de accesorios MagSafe, como carteras, soportes para autom\u00f3viles y soportes de carga, ofrece opciones vers\u00e1tiles para sus necesidades<\/p>\n","protected":false},"excerpt":{"rendered":"<p style=\"text-align: center;\">Cuidadosamente dise\u00f1ada para ofrecer estilo y protecci\u00f3n para tu iPhone 16 Pro, la funda transparente cuenta con policarbonato reciclado 100% GRS. Esta funda transparente no solo muestra el dise\u00f1o elegante de tu iPhone 16 Pro, sino que tambi\u00e9n proporciona una protecci\u00f3n robusta. El material reciclado enfatiza la sostenibilidad sin comprometer la durabilidad.<\/p>\n","protected":false},"featured_media":16798,"comment_status":"open","ping_status":"closed","template":"","meta":{"_joinchat":[]},"product_cat":[192,627,629],"product_tag":[],"class_list":{"0":"post-16797","1":"product","2":"type-product","3":"status-publish","4":"has-post-thumbnail","6":"product_cat-accesorios","7":"product_cat-carcasa","8":"product_cat-iphone-16-pro-carcasa","10":"first","11":"instock","12":"sale","13":"shipping-taxable","14":"purchasable","15":"product-type-simple"},"_links":{"self":[{"href":"https:\/\/jobstore.cl\/index.php\/wp-json\/wp\/v2\/product\/16797","targetHints":{"allow":["GET"]}}],"collection":[{"href":"https:\/\/jobstore.cl\/index.php\/wp-json\/wp\/v2\/product"}],"about":[{"href":"https:\/\/jobstore.cl\/index.php\/wp-json\/wp\/v2\/types\/product"}],"replies":[{"embeddable":true,"href":"https:\/\/jobstore.cl\/index.php\/wp-json\/wp\/v2\/comments?post=16797"}],"version-history":[{"count":2,"href":"https:\/\/jobstore.cl\/index.php\/wp-json\/wp\/v2\/product\/16797\/revisions"}],"predecessor-version":[{"id":16801,"href":"https:\/\/jobstore.cl\/index.php\/wp-json\/wp\/v2\/product\/16797\/revisions\/16801"}],"wp:featuredmedia":[{"embeddable":true,"href":"https:\/\/jobstore.cl\/index.php\/wp-json\/wp\/v2\/media\/16798"}],"wp:attachment":[{"href":"https:\/\/jobstore.cl\/index.php\/wp-json\/wp\/v2\/media?parent=16797"}],"wp:term":[{"taxonomy":"product_cat","embeddable":true,"href":"https:\/\/jobstore.cl\/index.php\/wp-json\/wp\/v2\/product_cat?post=16797"},{"taxonomy":"product_tag","embeddable":true,"href":"https:\/\/jobstore.cl\/index.php\/wp-json\/wp\/v2\/product_tag?post=16797"}],"curies":[{"name":"wp","href":"https:\/\/api.w.org\/{rel}","templated":true}]}}