{"id":16776,"date":"2025-03-20T11:25:16","date_gmt":"2025-03-20T14:25:16","guid":{"rendered":"https:\/\/jobstore.cl\/?post_type=product&#038;p=16776"},"modified":"2025-09-05T20:34:48","modified_gmt":"2025-09-05T23:34:48","slug":"carcasa-decoded-transparente-iphone-16-pro","status":"publish","type":"product","link":"https:\/\/jobstore.cl\/index.php\/product\/carcasa-decoded-transparente-iphone-16-pro\/","title":{"rendered":"CARCASA DECODED TRANSPARENTE IPHONE 16 PRO"},"content":{"rendered":"<h2 style=\"text-align: center;\"><span style=\"font-size: 30px;\">Presentamos la funda de pl\u00e1stico reciclado transparente para el iPhone 16 Pro de DECODED<\/span><\/h2>\n<div class=\"cc-accordion-item__panel\">\n<div class=\"cc-accordion-item__content rte cf\">\n<p>Cuidadosamente dise\u00f1ada para ofrecer estilo y protecci\u00f3n para tu iPhone 16 Pro, la funda transparente cuenta con policarbonato reciclado 100% GRS. Esta funda transparente no solo muestra el dise\u00f1o elegante de tu iPhone 16 Pro, sino que tambi\u00e9n proporciona una protecci\u00f3n robusta. El material reciclado enfatiza la sostenibilidad sin comprometer la durabilidad.<\/p>\n<p>Nuestra funda transparente compatible con MagSafe para el iPhone 16 Pro garantiza una carga magn\u00e9tica e inal\u00e1mbrica sin problemas. Experimente la comodidad de una carga r\u00e1pida y sin complicaciones con este estuche. La alineaci\u00f3n magn\u00e9tica est\u00e1 optimizada para tu iPhone 16 Pro, lo que garantiza una conexi\u00f3n segura en todo momento. Compatible con una variedad de accesorios MagSafe, como carteras, soportes para autom\u00f3viles y soportes de carga, ofrece opciones vers\u00e1tiles para sus necesidades diarias.<\/p>\n<h5><strong>CARACTERISTICAS<\/strong><\/h5>\n<p>\u2022 Dise\u00f1ado para el iPhone 16 Pro<br \/>\n\u2022 Estuche transparente transparente de policarbonato reciclado 100% GRS<br \/>\n\u2022 Acabado esmerilado para un aspecto premium<br \/>\n\u2022 Anti-amarilleo: Protege contra la decoloraci\u00f3n UV<br \/>\n\u2022 El material antiara\u00f1azos mantiene el estuche con un aspecto nuevo<br \/>\n\u2022 Hecho de pl\u00e1stico reciclado duradero<br \/>\n\u2022 Dise\u00f1o delgado y ligero: nuestra funda m\u00e1s delgada de la historia<br \/>\n\u2022 Compatible con MagSafe para carga magn\u00e9tica e inal\u00e1mbrica<br \/>\n\u2022 C\u00e1maras de aire laterales para mayor protecci\u00f3n<br \/>\n\u2022 Anillo de c\u00e1mara de metal elevado para la protecci\u00f3n de la lente<br \/>\n\u2022 Bordes elevados alrededor de la pantalla para evitar ara\u00f1azos<br \/>\n\u2022 Botones de metal para una funcionalidad suave<br \/>\n\u2022 Ajuste perfectamente adaptado, f\u00e1cil de instalar y quitar<br \/>\n\u2022 Embalaje hecho de material reciclado, sin pl\u00e1stico<\/p>\n<\/div>\n<\/div>\n","protected":false},"excerpt":{"rendered":"<p>Presentamos la funda de pl\u00e1stico reciclado transparente para el iPhone 16 Pro de DECODED Cuidadosamente dise\u00f1ada para ofrecer estilo y protecci\u00f3n para tu iPhone 16 Pro,<span class=\"excerpt-hellip\"> [\u2026]<\/span><\/p>\n","protected":false},"featured_media":16782,"comment_status":"open","ping_status":"closed","template":"","meta":{"_joinchat":[]},"product_cat":[192,627,629],"product_tag":[],"class_list":{"0":"post-16776","1":"product","2":"type-product","3":"status-publish","4":"has-post-thumbnail","6":"product_cat-accesorios","7":"product_cat-carcasa","8":"product_cat-iphone-16-pro-carcasa","10":"first","11":"outofstock","12":"sale","13":"shipping-taxable","14":"purchasable","15":"product-type-simple"},"_links":{"self":[{"href":"https:\/\/jobstore.cl\/index.php\/wp-json\/wp\/v2\/product\/16776","targetHints":{"allow":["GET"]}}],"collection":[{"href":"https:\/\/jobstore.cl\/index.php\/wp-json\/wp\/v2\/product"}],"about":[{"href":"https:\/\/jobstore.cl\/index.php\/wp-json\/wp\/v2\/types\/product"}],"replies":[{"embeddable":true,"href":"https:\/\/jobstore.cl\/index.php\/wp-json\/wp\/v2\/comments?post=16776"}],"version-history":[{"count":6,"href":"https:\/\/jobstore.cl\/index.php\/wp-json\/wp\/v2\/product\/16776\/revisions"}],"predecessor-version":[{"id":16785,"href":"https:\/\/jobstore.cl\/index.php\/wp-json\/wp\/v2\/product\/16776\/revisions\/16785"}],"wp:featuredmedia":[{"embeddable":true,"href":"https:\/\/jobstore.cl\/index.php\/wp-json\/wp\/v2\/media\/16782"}],"wp:attachment":[{"href":"https:\/\/jobstore.cl\/index.php\/wp-json\/wp\/v2\/media?parent=16776"}],"wp:term":[{"taxonomy":"product_cat","embeddable":true,"href":"https:\/\/jobstore.cl\/index.php\/wp-json\/wp\/v2\/product_cat?post=16776"},{"taxonomy":"product_tag","embeddable":true,"href":"https:\/\/jobstore.cl\/index.php\/wp-json\/wp\/v2\/product_tag?post=16776"}],"curies":[{"name":"wp","href":"https:\/\/api.w.org\/{rel}","templated":true}]}}