{"id":16449,"date":"2024-12-12T10:24:12","date_gmt":"2024-12-12T13:24:12","guid":{"rendered":"https:\/\/jobstore.cl\/?post_type=product&#038;p=16449"},"modified":"2026-04-13T14:07:35","modified_gmt":"2026-04-13T17:07:35","slug":"magic-keyboard-ipad-smart-no-incluye-ipad","status":"publish","type":"product","link":"https:\/\/jobstore.cl\/index.php\/product\/magic-keyboard-ipad-smart-no-incluye-ipad\/","title":{"rendered":"MAGIC KEYBOARD IPAD SMART (No incluye iPad)"},"content":{"rendered":"<p>\u00a0<\/p>\n<p>El Smart Keyboard Folio para el iPad Pro de 12.9 pulgadas es un teclado completo cuando lo necesitas, una elegante funda que lo protege por ambos lados cuando no lo est\u00e1s usando y te permite colocar el iPad Pro en dos \u00e1ngulos de visi\u00f3n diferentes. Como no necesita cargarse ni enlazarse, s\u00f3lo tienes que conectarlo para empezar a escribir.<\/p>\n","protected":false},"excerpt":{"rendered":"<table style=\"height: 192px;\" width=\"726\">\n<tbody>\n<tr>\n<td><strong>Compatibilidad<\/strong><\/td>\n<td>iPad Pro de 12,9 pulgadas (6\u00aa generaci\u00f3n)<\/p>\n<p>iPad Pro de 12,9 pulgadas (5\u00aa generaci\u00f3n)<\/p>\n<p>iPad Pro de 12,9 pulgadas (4\u00aa generaci\u00f3n)<\/p>\n<p>iPad Pro de 12,9 pulgadas (3\u00aa generaci\u00f3n)<\/td>\n<\/tr>\n<\/tbody>\n<\/table>\n","protected":false},"featured_media":17716,"comment_status":"open","ping_status":"closed","template":"","meta":{"_joinchat":[]},"product_cat":[192,283],"product_tag":[],"class_list":{"0":"post-16449","1":"product","2":"type-product","3":"status-publish","4":"has-post-thumbnail","6":"product_brand-apple","7":"product_cat-accesorios","8":"product_cat-accesorios-ipad","10":"first","11":"instock","12":"sale","13":"shipping-taxable","14":"purchasable","15":"product-type-simple"},"_links":{"self":[{"href":"https:\/\/jobstore.cl\/index.php\/wp-json\/wp\/v2\/product\/16449","targetHints":{"allow":["GET"]}}],"collection":[{"href":"https:\/\/jobstore.cl\/index.php\/wp-json\/wp\/v2\/product"}],"about":[{"href":"https:\/\/jobstore.cl\/index.php\/wp-json\/wp\/v2\/types\/product"}],"replies":[{"embeddable":true,"href":"https:\/\/jobstore.cl\/index.php\/wp-json\/wp\/v2\/comments?post=16449"}],"version-history":[{"count":4,"href":"https:\/\/jobstore.cl\/index.php\/wp-json\/wp\/v2\/product\/16449\/revisions"}],"predecessor-version":[{"id":17719,"href":"https:\/\/jobstore.cl\/index.php\/wp-json\/wp\/v2\/product\/16449\/revisions\/17719"}],"wp:featuredmedia":[{"embeddable":true,"href":"https:\/\/jobstore.cl\/index.php\/wp-json\/wp\/v2\/media\/17716"}],"wp:attachment":[{"href":"https:\/\/jobstore.cl\/index.php\/wp-json\/wp\/v2\/media?parent=16449"}],"wp:term":[{"taxonomy":"product_cat","embeddable":true,"href":"https:\/\/jobstore.cl\/index.php\/wp-json\/wp\/v2\/product_cat?post=16449"},{"taxonomy":"product_tag","embeddable":true,"href":"https:\/\/jobstore.cl\/index.php\/wp-json\/wp\/v2\/product_tag?post=16449"}],"curies":[{"name":"wp","href":"https:\/\/api.w.org\/{rel}","templated":true}]}}