{"id":16440,"date":"2024-12-11T10:35:10","date_gmt":"2024-12-11T13:35:10","guid":{"rendered":"https:\/\/jobstore.cl\/?post_type=product&#038;p=16440"},"modified":"2024-12-11T10:35:11","modified_gmt":"2024-12-11T13:35:11","slug":"carcasa-silicona-magsafe-iphone-12-12-pro-decoded-rosada","status":"publish","type":"product","link":"https:\/\/jobstore.cl\/index.php\/product\/carcasa-silicona-magsafe-iphone-12-12-pro-decoded-rosada\/","title":{"rendered":"CARCASA SILICONA MAGSAFE IPHONE 12\/12 PRO DECODED ROSADA"},"content":{"rendered":"<p>La funda Back Cover de Decoded est\u00e1 hecha con silicona de alto rendimiento y asegura un buen agarre con una textura suave como la seda. Ha sido dise\u00f1ada para proteger tu iPhone de golpes y ca\u00eddas y tiene un bisel elevado para ayudar a prevenir rayones en la pantalla. Hecha para una protecci\u00f3n m\u00e1xima, tiene una parte inferior completamente cubierta que asegura un ajuste firme.<\/p>\n<ul>\n<li>Hecha de silicona de alto rendimiento para un mejor agarre<\/li>\n<li>Bisel levantado ayuda a prevenir rayones<\/li>\n<li>Cubre completamente la parte inferior para un ajuste firme<\/li>\n<li>Compatible con cargadores inal\u00e1mbricos y MagSafe<\/li>\n<li>Forro interior de microfibra<\/li>\n<\/ul>\n","protected":false},"excerpt":{"rendered":"<p>La funda Back Cover de Decoded est\u00e1 hecha con silicona de alto rendimiento y asegura un buen agarre con una textura suave como la seda. Ha<span class=\"excerpt-hellip\"> [\u2026]<\/span><\/p>\n","protected":false},"featured_media":16441,"comment_status":"open","ping_status":"closed","template":"","meta":{"_joinchat":[]},"product_cat":[192,627,390],"product_tag":[],"class_list":{"0":"post-16440","1":"product","2":"type-product","3":"status-publish","4":"has-post-thumbnail","6":"product_cat-accesorios","7":"product_cat-carcasa","8":"product_cat-ipone-12","10":"first","11":"instock","12":"sale","13":"shipping-taxable","14":"purchasable","15":"product-type-simple"},"_links":{"self":[{"href":"https:\/\/jobstore.cl\/index.php\/wp-json\/wp\/v2\/product\/16440","targetHints":{"allow":["GET"]}}],"collection":[{"href":"https:\/\/jobstore.cl\/index.php\/wp-json\/wp\/v2\/product"}],"about":[{"href":"https:\/\/jobstore.cl\/index.php\/wp-json\/wp\/v2\/types\/product"}],"replies":[{"embeddable":true,"href":"https:\/\/jobstore.cl\/index.php\/wp-json\/wp\/v2\/comments?post=16440"}],"version-history":[{"count":1,"href":"https:\/\/jobstore.cl\/index.php\/wp-json\/wp\/v2\/product\/16440\/revisions"}],"predecessor-version":[{"id":16442,"href":"https:\/\/jobstore.cl\/index.php\/wp-json\/wp\/v2\/product\/16440\/revisions\/16442"}],"wp:featuredmedia":[{"embeddable":true,"href":"https:\/\/jobstore.cl\/index.php\/wp-json\/wp\/v2\/media\/16441"}],"wp:attachment":[{"href":"https:\/\/jobstore.cl\/index.php\/wp-json\/wp\/v2\/media?parent=16440"}],"wp:term":[{"taxonomy":"product_cat","embeddable":true,"href":"https:\/\/jobstore.cl\/index.php\/wp-json\/wp\/v2\/product_cat?post=16440"},{"taxonomy":"product_tag","embeddable":true,"href":"https:\/\/jobstore.cl\/index.php\/wp-json\/wp\/v2\/product_tag?post=16440"}],"curies":[{"name":"wp","href":"https:\/\/api.w.org\/{rel}","templated":true}]}}