{"id":16431,"date":"2024-12-11T10:10:24","date_gmt":"2024-12-11T13:10:24","guid":{"rendered":"https:\/\/jobstore.cl\/?post_type=product&#038;p=16431"},"modified":"2024-12-11T10:15:58","modified_gmt":"2024-12-11T13:15:58","slug":"carcasa-dura-denali-magsafe-iphone-15-pro-zagg-negra","status":"publish","type":"product","link":"https:\/\/jobstore.cl\/index.php\/product\/carcasa-dura-denali-magsafe-iphone-15-pro-zagg-negra\/","title":{"rendered":"Carcasa dura Denali MagSafe iPhone 15 Pro Zagg negra"},"content":{"rendered":"<p>Compatible con MagSafe. Llamamos a esta carcasa \u00abDenali\u00bb en honor al esp\u00edritu duro e indomable de la monta\u00f1a. El Denali Snap compatible con MagSafe y Kickstand te da una protecci\u00f3n contra ca\u00eddas significativas \u2013 5 metros, y cuenta con un agarre antideslizante y acabado texturizado (1). Esta carcasa de doble capa est\u00e1 reforzada con grafeno, uno de los materiales m\u00e1s fuertes del mundo. Hemos agregado un Kickstand o pie de apoyo integrado, para facilitar la visualizaci\u00f3n. Cuando no lo est\u00e1n usando solo precisas plegarlo y queda guardado en la carcasa. La carcasa Denali Snap con Kickstand est\u00e1 siempre listo para afrontar aventuras. Contiene hasta un 92% de contenidos reciclados, lo que te permite cuidar el medio ambiente (2).<br \/>\n*Protecci\u00f3n contra ca\u00eddas de 5m: ha sido testeada y probada para proteger su tel\u00e9fono de ca\u00eddas de hasta 5 metros (1).<br \/>\n*Reforzada con Grafeno: el grafeno es m\u00e1s duro que un diamante, pero m\u00e1s el\u00e1stico que el caucho, y hasta 200 veces m\u00e1s fuerte que el acero.<br \/>\n*Protecci\u00f3n de Doble Capa: la doble capa te permite conseguir una protecci\u00f3n extrema contra ca\u00eddas de 5 metros.<br \/>\n*Kickstand Integrado: el pie de apoyo te permite la visualizaci\u00f3n con manos libres y se pliega sobre la carcasa cu\u00e1ndo no las est\u00e1s usando.<br \/>\n*Compatible con MagSafe: Denali Snap con Kickstand es compatible con MagSafe y funciona con la mayor\u00eda de los cargadores inal\u00e1mbricos compatibles con esta tecnolog\u00eda.<br \/>\n*92% de Contenidos Reciclados (2): est\u00e1 hecho con hasta un 92% de contenido reciclado post-consumo.<br \/>\n*Acabado Texturizado: cuenta con un agarre antideslizante.<br \/>\n*Tratamiento Antimicrobiano: contiene un agente antimicrobiano con propiedades intr\u00ednsecas que protegen tu carcasa al inhibir el crecimiento de bacterias que causan el mal olor.3<br \/>\n(1) Mil Std 810G 516.<br \/>\n(2) El contenido de material reciclado es verificado por un tercero independiente.<br \/>\n(3) Contiene un agente antimicrobiano con propiedades incorporadas para proteger su caso al inhibir el crecimiento de bacterias que causan olores y proteger contra la degradaci\u00f3n de microorganismos.<\/p>\n","protected":false},"excerpt":{"rendered":"<p>Compatible con MagSafe. Pie de apoyo integrado.<\/p>\n<p>La carcasa Denali Snap con Kickstand cuenta con una doble capa que te proporciona hasta 5 metros de protecci\u00f3n contra ca\u00eddas.<\/p>\n","protected":false},"featured_media":16434,"comment_status":"open","ping_status":"closed","template":"","meta":{"_joinchat":[]},"product_cat":[192,627,612],"product_tag":[],"class_list":{"0":"post-16431","1":"product","2":"type-product","3":"status-publish","4":"has-post-thumbnail","6":"product_cat-accesorios","7":"product_cat-carcasa","8":"product_cat-iphone-15-pro","10":"first","11":"instock","12":"sale","13":"shipping-taxable","14":"purchasable","15":"product-type-simple"},"_links":{"self":[{"href":"https:\/\/jobstore.cl\/index.php\/wp-json\/wp\/v2\/product\/16431","targetHints":{"allow":["GET"]}}],"collection":[{"href":"https:\/\/jobstore.cl\/index.php\/wp-json\/wp\/v2\/product"}],"about":[{"href":"https:\/\/jobstore.cl\/index.php\/wp-json\/wp\/v2\/types\/product"}],"replies":[{"embeddable":true,"href":"https:\/\/jobstore.cl\/index.php\/wp-json\/wp\/v2\/comments?post=16431"}],"version-history":[{"count":1,"href":"https:\/\/jobstore.cl\/index.php\/wp-json\/wp\/v2\/product\/16431\/revisions"}],"predecessor-version":[{"id":16433,"href":"https:\/\/jobstore.cl\/index.php\/wp-json\/wp\/v2\/product\/16431\/revisions\/16433"}],"wp:featuredmedia":[{"embeddable":true,"href":"https:\/\/jobstore.cl\/index.php\/wp-json\/wp\/v2\/media\/16434"}],"wp:attachment":[{"href":"https:\/\/jobstore.cl\/index.php\/wp-json\/wp\/v2\/media?parent=16431"}],"wp:term":[{"taxonomy":"product_cat","embeddable":true,"href":"https:\/\/jobstore.cl\/index.php\/wp-json\/wp\/v2\/product_cat?post=16431"},{"taxonomy":"product_tag","embeddable":true,"href":"https:\/\/jobstore.cl\/index.php\/wp-json\/wp\/v2\/product_tag?post=16431"}],"curies":[{"name":"wp","href":"https:\/\/api.w.org\/{rel}","templated":true}]}}