{"id":16399,"date":"2024-12-04T11:58:36","date_gmt":"2024-12-04T14:58:36","guid":{"rendered":"https:\/\/jobstore.cl\/?post_type=product&#038;p=16399"},"modified":"2024-12-04T11:59:13","modified_gmt":"2024-12-04T14:59:13","slug":"carcasa-iphone-16","status":"publish","type":"product","link":"https:\/\/jobstore.cl\/index.php\/product\/carcasa-iphone-16\/","title":{"rendered":"Carcasa iPhone 16"},"content":{"rendered":"<p>Es una carcasa fina, que no a\u00f1ade mucho peso ni volumen a tu equipo. Cualquier dise\u00f1o o modelo de nuestra tienda de fundas online es una elecci\u00f3n perfecta.<\/p>\n","protected":false},"excerpt":{"rendered":"<p>Es una carcasa fina, que no a\u00f1ade mucho peso ni volumen a tu equipo. Cualquier dise\u00f1o o modelo de nuestra tienda de fundas online es una<span class=\"excerpt-hellip\"> [\u2026]<\/span><\/p>\n","protected":false},"featured_media":0,"comment_status":"open","ping_status":"closed","template":"","meta":{"_joinchat":[]},"product_cat":[192,627,626],"product_tag":[],"class_list":{"0":"post-16399","1":"product","2":"type-product","3":"status-publish","5":"product_cat-accesorios","6":"product_cat-carcasa","7":"product_cat-iphone-16","9":"first","10":"instock","11":"sale","12":"shipping-taxable","13":"purchasable","14":"product-type-simple"},"_links":{"self":[{"href":"https:\/\/jobstore.cl\/index.php\/wp-json\/wp\/v2\/product\/16399","targetHints":{"allow":["GET"]}}],"collection":[{"href":"https:\/\/jobstore.cl\/index.php\/wp-json\/wp\/v2\/product"}],"about":[{"href":"https:\/\/jobstore.cl\/index.php\/wp-json\/wp\/v2\/types\/product"}],"replies":[{"embeddable":true,"href":"https:\/\/jobstore.cl\/index.php\/wp-json\/wp\/v2\/comments?post=16399"}],"version-history":[{"count":2,"href":"https:\/\/jobstore.cl\/index.php\/wp-json\/wp\/v2\/product\/16399\/revisions"}],"predecessor-version":[{"id":16401,"href":"https:\/\/jobstore.cl\/index.php\/wp-json\/wp\/v2\/product\/16399\/revisions\/16401"}],"wp:attachment":[{"href":"https:\/\/jobstore.cl\/index.php\/wp-json\/wp\/v2\/media?parent=16399"}],"wp:term":[{"taxonomy":"product_cat","embeddable":true,"href":"https:\/\/jobstore.cl\/index.php\/wp-json\/wp\/v2\/product_cat?post=16399"},{"taxonomy":"product_tag","embeddable":true,"href":"https:\/\/jobstore.cl\/index.php\/wp-json\/wp\/v2\/product_tag?post=16399"}],"curies":[{"name":"wp","href":"https:\/\/api.w.org\/{rel}","templated":true}]}}