{"id":16253,"date":"2024-11-19T17:31:16","date_gmt":"2024-11-19T20:31:16","guid":{"rendered":"https:\/\/jobstore.cl\/?post_type=product&#038;p=16253"},"modified":"2025-01-03T19:04:24","modified_gmt":"2025-01-03T22:04:24","slug":"vidrio-templado-iphone-16-plus","status":"publish","type":"product","link":"https:\/\/jobstore.cl\/index.php\/product\/vidrio-templado-iphone-16-plus\/","title":{"rendered":"Vidrio Templado iPhone 16 Plus"},"content":{"rendered":"<div class=\"para-list as-pdp-lastparalist\">\n<p>El protector de pantalla antirreflejo \u00a0brinda una m\u00e1xima protecci\u00f3n y pr\u00edstina visibilidad para la pantalla de tu iPhone. Esto es posible al reducir los reflejos tanto de la luz del sol como de la luz artificial, te permite apreciar la pantalla de forma m\u00e1s c\u00f3moda incluso en entornos luminosos y brillantes.<\/p>\n<\/div>\n<div class=\"para-list as-pdp-lastparalist\">\n<p>Modelo:9d<\/p>\n<\/div>\n<p>Protecci\u00f3n 9h anti rallas<\/p>\n<p>99% Anti reflejo<\/p>\n<p>98 % Anti UVA UVB<\/p>\n","protected":false},"excerpt":{"rendered":"<div class=\"para-list as-pdp-lastparalist\">\n<p>El protector de pantalla antirreflejo \u00a0brinda una m\u00e1xima protecci\u00f3n y pr\u00edstina visibilidad para la pantalla de tu iPhone. Esto es posible al reducir los reflejos tanto de la luz del sol como de la luz artificial, te permite apreciar la pantalla de forma m\u00e1s c\u00f3moda incluso en entornos luminosos y brillantes.<\/p>\n<\/div>\n<div class=\"para-list as-pdp-lastparalist\">\n<p>Protecci\u00f3n mejorada<\/p>\n<\/div>\n<div class=\"para-list as-pdp-lastparalist\">\n<p>El protector no s\u00f3lo evita da\u00f1os visuales y mantiene el aspecto de tu iPhone como nuevo, tambi\u00e9n conserva la funcionalidad de la pantalla Multi-Touch.<\/p>\n<\/div>\n<h4 class=\"h4-para-title\">Ultra Thin (delgado)<\/h4>\n<div class=\"para-list as-pdp-lastparalist\">\n<p>El grosor del protector de pantalla antirreflejo de Dotfes para iPhone es ultra delgado manteniendo una\u00a0Protecci\u00f3n 9h anti rallas ( Mohs, una escala de dureza de materiales que va del 1 al 10), es ligero y \u00a0conserva la sensibilidad de la pantalla Multi-Touch. Reduce las posibilidades de da\u00f1ar tu iPhone ante rallas y reducir los da\u00f1os ante ca\u00eddas *<\/p>\n<p>&nbsp;<\/p>\n<\/div>\n<ul>\n<li>El producto no garantiza quebraduras ante ca\u00eddas.<\/li>\n<li>iPhone No incluido<\/li>\n<\/ul>\n<p>99% Anti reflejo<\/p>\n<p>98 % Anti UVA UVB<\/p>\n","protected":false},"featured_media":16251,"comment_status":"open","ping_status":"closed","template":"","meta":{"_joinchat":[]},"product_cat":[624,611],"product_tag":[],"class_list":{"0":"post-16253","1":"product","2":"type-product","3":"status-publish","4":"has-post-thumbnail","6":"product_cat-16-plus","7":"product_cat-tempered-glass","9":"first","10":"instock","11":"shipping-taxable","12":"purchasable","13":"product-type-simple"},"_links":{"self":[{"href":"https:\/\/jobstore.cl\/index.php\/wp-json\/wp\/v2\/product\/16253","targetHints":{"allow":["GET"]}}],"collection":[{"href":"https:\/\/jobstore.cl\/index.php\/wp-json\/wp\/v2\/product"}],"about":[{"href":"https:\/\/jobstore.cl\/index.php\/wp-json\/wp\/v2\/types\/product"}],"replies":[{"embeddable":true,"href":"https:\/\/jobstore.cl\/index.php\/wp-json\/wp\/v2\/comments?post=16253"}],"version-history":[{"count":2,"href":"https:\/\/jobstore.cl\/index.php\/wp-json\/wp\/v2\/product\/16253\/revisions"}],"predecessor-version":[{"id":16255,"href":"https:\/\/jobstore.cl\/index.php\/wp-json\/wp\/v2\/product\/16253\/revisions\/16255"}],"wp:featuredmedia":[{"embeddable":true,"href":"https:\/\/jobstore.cl\/index.php\/wp-json\/wp\/v2\/media\/16251"}],"wp:attachment":[{"href":"https:\/\/jobstore.cl\/index.php\/wp-json\/wp\/v2\/media?parent=16253"}],"wp:term":[{"taxonomy":"product_cat","embeddable":true,"href":"https:\/\/jobstore.cl\/index.php\/wp-json\/wp\/v2\/product_cat?post=16253"},{"taxonomy":"product_tag","embeddable":true,"href":"https:\/\/jobstore.cl\/index.php\/wp-json\/wp\/v2\/product_tag?post=16253"}],"curies":[{"name":"wp","href":"https:\/\/api.w.org\/{rel}","templated":true}]}}