{"id":16203,"date":"2024-11-12T11:24:32","date_gmt":"2024-11-12T14:24:32","guid":{"rendered":"https:\/\/jobstore.cl\/?post_type=product&#038;p=16203"},"modified":"2025-12-04T13:34:55","modified_gmt":"2025-12-04T16:34:55","slug":"vidrio-templado-iphone-14-13-13-pro-belkin-anti-microbial","status":"publish","type":"product","link":"https:\/\/jobstore.cl\/index.php\/product\/vidrio-templado-iphone-14-13-13-pro-belkin-anti-microbial\/","title":{"rendered":"Vidrio Templado iPhone 14-13-13 PRO Belkin ANTI MICROBIAL"},"content":{"rendered":"<pre class=\"tw-data-text tw-text-large tw-ta\" dir=\"ltr\" data-placeholder=\"Traducci\u00f3n\" data-ved=\"2ahUKEwjG_9CXgNeJAxU3pZUCHZMnETQQ3ewLegQICRAU\" aria-label=\"Texto traducido: Proteja su nuevo iPhone con un protector de pantalla resistente que es hasta 2 veces m\u00e1s fuerte que el vidrio templado.* El vidrio dise\u00f1ado por SCHOTT AG ha sido doblemente intercambiado con iones para una mejor protecci\u00f3n contra ca\u00eddas e impactos. El protector tambi\u00e9n contiene un filtro de luz azul\u2020 para disfrutar m\u00e1s del tiempo frente a la pantalla.\"><span class=\"Y2IQFc\" lang=\"es\">Proteja su nuevo iPhone con un protector de pantalla resistente que es hasta 2 veces m\u00e1s fuerte que el vidrio templado.\r\n* El vidrio dise\u00f1ado por SCHOTT AG ha sido doblemente intercambiado con iones para una mejor protecci\u00f3n contra ca\u00eddas e impactos. \r\nEl protector tambi\u00e9n contiene un filtro de luz azul para disfrutar m\u00e1s del tiempo frente a la pantalla.\r\n\r\n<\/span><\/pre>\n<ul>\n<li id=\"tw-target-text\" class=\"tw-data-text tw-text-large tw-ta\" dir=\"ltr\" data-placeholder=\"Traducci\u00f3n\" data-ved=\"2ahUKEwjG_9CXgNeJAxU3pZUCHZMnETQQ3ewLegQICRAU\" aria-label=\"Texto traducido: Reduce hasta un 20% de la luz azul\u2020 \nVidrio alem\u00e1n de primera calidad dise\u00f1ado qu\u00edmicamente \n2 veces m\u00e1s fuerte para protecci\u00f3n contra ca\u00eddas \nMayor resistencia del borde para una mayor durabilidad. \nFlexibilidad mejorada \n50% m\u00e1s resistente al desgaste \nEl vidrio contiene un agente antimicrobiano para proteger el protector de pantalla del crecimiento microbiano. \nBandeja Easy Align para una aplicaci\u00f3n sencilla, precisa y sin burbujas. \nEnvases de pl\u00e1stico 100% reciclado**\"><span class=\"Y2IQFc\" lang=\"es\">Reduce hasta un 20% de la luz azul <\/span><\/li>\n<li class=\"tw-data-text tw-text-large tw-ta\" dir=\"ltr\" data-placeholder=\"Traducci\u00f3n\" data-ved=\"2ahUKEwjG_9CXgNeJAxU3pZUCHZMnETQQ3ewLegQICRAU\" aria-label=\"Texto traducido: Reduce hasta un 20% de la luz azul\u2020 \nVidrio alem\u00e1n de primera calidad dise\u00f1ado qu\u00edmicamente \n2 veces m\u00e1s fuerte para protecci\u00f3n contra ca\u00eddas \nMayor resistencia del borde para una mayor durabilidad. \nFlexibilidad mejorada \n50% m\u00e1s resistente al desgaste \nEl vidrio contiene un agente antimicrobiano para proteger el protector de pantalla del crecimiento microbiano. \nBandeja Easy Align para una aplicaci\u00f3n sencilla, precisa y sin burbujas. \nEnvases de pl\u00e1stico 100% reciclado**\"><span class=\"Y2IQFc\" lang=\"es\">Vidrio alem\u00e1n de primera calidad <\/span><\/li>\n<li class=\"tw-data-text tw-text-large tw-ta\" dir=\"ltr\" data-placeholder=\"Traducci\u00f3n\" data-ved=\"2ahUKEwjG_9CXgNeJAxU3pZUCHZMnETQQ3ewLegQICRAU\" aria-label=\"Texto traducido: Reduce hasta un 20% de la luz azul\u2020 \nVidrio alem\u00e1n de primera calidad dise\u00f1ado qu\u00edmicamente \n2 veces m\u00e1s fuerte para protecci\u00f3n contra ca\u00eddas \nMayor resistencia del borde para una mayor durabilidad. \nFlexibilidad mejorada \n50% m\u00e1s resistente al desgaste \nEl vidrio contiene un agente antimicrobiano para proteger el protector de pantalla del crecimiento microbiano. \nBandeja Easy Align para una aplicaci\u00f3n sencilla, precisa y sin burbujas. \nEnvases de pl\u00e1stico 100% reciclado**\"><span class=\"Y2IQFc\" lang=\"es\">dise\u00f1ado qu\u00edmicamente 2 veces m\u00e1s fuerte para protecci\u00f3n contra ca\u00eddas <\/span><\/li>\n<li class=\"tw-data-text tw-text-large tw-ta\" dir=\"ltr\" data-placeholder=\"Traducci\u00f3n\" data-ved=\"2ahUKEwjG_9CXgNeJAxU3pZUCHZMnETQQ3ewLegQICRAU\" aria-label=\"Texto traducido: Reduce hasta un 20% de la luz azul\u2020 \nVidrio alem\u00e1n de primera calidad dise\u00f1ado qu\u00edmicamente \n2 veces m\u00e1s fuerte para protecci\u00f3n contra ca\u00eddas \nMayor resistencia del borde para una mayor durabilidad. \nFlexibilidad mejorada \n50% m\u00e1s resistente al desgaste \nEl vidrio contiene un agente antimicrobiano para proteger el protector de pantalla del crecimiento microbiano. \nBandeja Easy Align para una aplicaci\u00f3n sencilla, precisa y sin burbujas. \nEnvases de pl\u00e1stico 100% reciclado**\"><span class=\"Y2IQFc\" lang=\"es\">Mayor resistencia del borde para una mayor durabilidad. <\/span><\/li>\n<li class=\"tw-data-text tw-text-large tw-ta\" dir=\"ltr\" data-placeholder=\"Traducci\u00f3n\" data-ved=\"2ahUKEwjG_9CXgNeJAxU3pZUCHZMnETQQ3ewLegQICRAU\" aria-label=\"Texto traducido: Reduce hasta un 20% de la luz azul\u2020 \nVidrio alem\u00e1n de primera calidad dise\u00f1ado qu\u00edmicamente \n2 veces m\u00e1s fuerte para protecci\u00f3n contra ca\u00eddas \nMayor resistencia del borde para una mayor durabilidad. \nFlexibilidad mejorada \n50% m\u00e1s resistente al desgaste \nEl vidrio contiene un agente antimicrobiano para proteger el protector de pantalla del crecimiento microbiano. \nBandeja Easy Align para una aplicaci\u00f3n sencilla, precisa y sin burbujas. \nEnvases de pl\u00e1stico 100% reciclado**\"><span class=\"Y2IQFc\" lang=\"es\">Flexibilidad mejorada 50% m\u00e1s resistente al desgaste <\/span><\/li>\n<li class=\"tw-data-text tw-text-large tw-ta\" dir=\"ltr\" data-placeholder=\"Traducci\u00f3n\" data-ved=\"2ahUKEwjG_9CXgNeJAxU3pZUCHZMnETQQ3ewLegQICRAU\" aria-label=\"Texto traducido: Reduce hasta un 20% de la luz azul\u2020 \nVidrio alem\u00e1n de primera calidad dise\u00f1ado qu\u00edmicamente \n2 veces m\u00e1s fuerte para protecci\u00f3n contra ca\u00eddas \nMayor resistencia del borde para una mayor durabilidad. \nFlexibilidad mejorada \n50% m\u00e1s resistente al desgaste \nEl vidrio contiene un agente antimicrobiano para proteger el protector de pantalla del crecimiento microbiano. \nBandeja Easy Align para una aplicaci\u00f3n sencilla, precisa y sin burbujas. \nEnvases de pl\u00e1stico 100% reciclado**\"><span class=\"Y2IQFc\" lang=\"es\">El vidrio contiene un agente antimicrobiano para proteger el protector de pantalla del crecimiento microbiano. <\/span><\/li>\n<\/ul>\n<p>\u00a0<\/p>\n<pre id=\"tw-target-text\" class=\"tw-data-text tw-text-large tw-ta\" dir=\"ltr\" data-placeholder=\"Traducci\u00f3n\" data-ved=\"2ahUKEwjG_9CXgNeJAxU3pZUCHZMnETQQ3ewLegQICRAU\" aria-label=\"Texto traducido: Proteja su nuevo iPhone con un protector de pantalla resistente que es hasta 2 veces m\u00e1s fuerte que el vidrio templado.* El vidrio dise\u00f1ado por SCHOTT AG ha sido doblemente intercambiado con iones para una mejor protecci\u00f3n contra ca\u00eddas e impactos. El protector tambi\u00e9n contiene un filtro de luz azul\u2020 para disfrutar m\u00e1s del tiempo frente a la pantalla.\"><span class=\"Y2IQFc\" lang=\"es\">\u00a0<\/span><\/pre>\n","protected":false},"excerpt":{"rendered":"<ul>\n<li id=\"tw-target-text\" class=\"tw-data-text tw-text-large tw-ta\" dir=\"ltr\" data-placeholder=\"Traducci\u00f3n\" data-ved=\"2ahUKEwjG_9CXgNeJAxU3pZUCHZMnETQQ3ewLegQICRAU\" aria-label=\"Texto traducido: Reduce hasta un 20% de la luz azul\u2020 \nVidrio alem\u00e1n de primera calidad dise\u00f1ado qu\u00edmicamente \n2 veces m\u00e1s fuerte para protecci\u00f3n contra ca\u00eddas \nMayor resistencia del borde para una mayor durabilidad. \nFlexibilidad mejorada \n50% m\u00e1s resistente al desgaste \nEl vidrio contiene un agente antimicrobiano para proteger el protector de pantalla del crecimiento microbiano. \nBandeja Easy Align para una aplicaci\u00f3n sencilla, precisa y sin burbujas. \nEnvases de pl\u00e1stico 100% reciclado**\"><span class=\"Y2IQFc\" lang=\"es\">Reduce hasta un 20% de la luz azul <\/span><\/li>\n<li class=\"tw-data-text tw-text-large tw-ta\" dir=\"ltr\" data-placeholder=\"Traducci\u00f3n\" data-ved=\"2ahUKEwjG_9CXgNeJAxU3pZUCHZMnETQQ3ewLegQICRAU\" aria-label=\"Texto traducido: Reduce hasta un 20% de la luz azul\u2020 \nVidrio alem\u00e1n de primera calidad dise\u00f1ado qu\u00edmicamente \n2 veces m\u00e1s fuerte para protecci\u00f3n contra ca\u00eddas \nMayor resistencia del borde para una mayor durabilidad. \nFlexibilidad mejorada \n50% m\u00e1s resistente al desgaste \nEl vidrio contiene un agente antimicrobiano para proteger el protector de pantalla del crecimiento microbiano. \nBandeja Easy Align para una aplicaci\u00f3n sencilla, precisa y sin burbujas. \nEnvases de pl\u00e1stico 100% reciclado**\"><span class=\"Y2IQFc\" lang=\"es\">Vidrio alem\u00e1n de primera calidad <\/span><\/li>\n<li class=\"tw-data-text tw-text-large tw-ta\" dir=\"ltr\" data-placeholder=\"Traducci\u00f3n\" data-ved=\"2ahUKEwjG_9CXgNeJAxU3pZUCHZMnETQQ3ewLegQICRAU\" aria-label=\"Texto traducido: Reduce hasta un 20% de la luz azul\u2020 \nVidrio alem\u00e1n de primera calidad dise\u00f1ado qu\u00edmicamente \n2 veces m\u00e1s fuerte para protecci\u00f3n contra ca\u00eddas \nMayor resistencia del borde para una mayor durabilidad. \nFlexibilidad mejorada \n50% m\u00e1s resistente al desgaste \nEl vidrio contiene un agente antimicrobiano para proteger el protector de pantalla del crecimiento microbiano. \nBandeja Easy Align para una aplicaci\u00f3n sencilla, precisa y sin burbujas. \nEnvases de pl\u00e1stico 100% reciclado**\"><span class=\"Y2IQFc\" lang=\"es\">dise\u00f1ado qu\u00edmicamente 2 veces m\u00e1s fuerte para protecci\u00f3n contra ca\u00eddas <\/span><\/li>\n<li class=\"tw-data-text tw-text-large tw-ta\" dir=\"ltr\" data-placeholder=\"Traducci\u00f3n\" data-ved=\"2ahUKEwjG_9CXgNeJAxU3pZUCHZMnETQQ3ewLegQICRAU\" aria-label=\"Texto traducido: Reduce hasta un 20% de la luz azul\u2020 \nVidrio alem\u00e1n de primera calidad dise\u00f1ado qu\u00edmicamente \n2 veces m\u00e1s fuerte para protecci\u00f3n contra ca\u00eddas \nMayor resistencia del borde para una mayor durabilidad. \nFlexibilidad mejorada \n50% m\u00e1s resistente al desgaste \nEl vidrio contiene un agente antimicrobiano para proteger el protector de pantalla del crecimiento microbiano. \nBandeja Easy Align para una aplicaci\u00f3n sencilla, precisa y sin burbujas. \nEnvases de pl\u00e1stico 100% reciclado**\"><span class=\"Y2IQFc\" lang=\"es\">Mayor resistencia del borde para una mayor durabilidad. <\/span><\/li>\n<li class=\"tw-data-text tw-text-large tw-ta\" dir=\"ltr\" data-placeholder=\"Traducci\u00f3n\" data-ved=\"2ahUKEwjG_9CXgNeJAxU3pZUCHZMnETQQ3ewLegQICRAU\" aria-label=\"Texto traducido: Reduce hasta un 20% de la luz azul\u2020 \nVidrio alem\u00e1n de primera calidad dise\u00f1ado qu\u00edmicamente \n2 veces m\u00e1s fuerte para protecci\u00f3n contra ca\u00eddas \nMayor resistencia del borde para una mayor durabilidad. \nFlexibilidad mejorada \n50% m\u00e1s resistente al desgaste \nEl vidrio contiene un agente antimicrobiano para proteger el protector de pantalla del crecimiento microbiano. \nBandeja Easy Align para una aplicaci\u00f3n sencilla, precisa y sin burbujas. \nEnvases de pl\u00e1stico 100% reciclado**\"><span class=\"Y2IQFc\" lang=\"es\">Flexibilidad mejorada 50% m\u00e1s resistente al desgaste <\/span><\/li>\n<li class=\"tw-data-text tw-text-large tw-ta\" dir=\"ltr\" data-placeholder=\"Traducci\u00f3n\" data-ved=\"2ahUKEwjG_9CXgNeJAxU3pZUCHZMnETQQ3ewLegQICRAU\" aria-label=\"Texto traducido: Reduce hasta un 20% de la luz azul\u2020 \nVidrio alem\u00e1n de primera calidad dise\u00f1ado qu\u00edmicamente \n2 veces m\u00e1s fuerte para protecci\u00f3n contra ca\u00eddas \nMayor resistencia del borde para una mayor durabilidad. \nFlexibilidad mejorada \n50% m\u00e1s resistente al desgaste \nEl vidrio contiene un agente antimicrobiano para proteger el protector de pantalla del crecimiento microbiano. \nBandeja Easy Align para una aplicaci\u00f3n sencilla, precisa y sin burbujas. \nEnvases de pl\u00e1stico 100% reciclado**\"><span class=\"Y2IQFc\" lang=\"es\">El vidrio contiene un agente antimicrobiano para proteger el protector de pantalla del crecimiento microbiano.<\/span><\/li>\n<\/ul>\n","protected":false},"featured_media":15555,"comment_status":"open","ping_status":"closed","template":"","meta":{"_joinchat":[]},"product_cat":[192,279,611,436],"product_tag":[],"class_list":{"0":"post-16203","1":"product","2":"type-product","3":"status-publish","4":"has-post-thumbnail","6":"product_brand-belkin","7":"product_cat-accesorios","8":"product_cat-accesorios-iphone","9":"product_cat-tempered-glass","10":"product_cat-laminas-de-vidrio-templado","12":"first","13":"instock","14":"shipping-taxable","15":"purchasable","16":"product-type-simple"},"_links":{"self":[{"href":"https:\/\/jobstore.cl\/index.php\/wp-json\/wp\/v2\/product\/16203","targetHints":{"allow":["GET"]}}],"collection":[{"href":"https:\/\/jobstore.cl\/index.php\/wp-json\/wp\/v2\/product"}],"about":[{"href":"https:\/\/jobstore.cl\/index.php\/wp-json\/wp\/v2\/types\/product"}],"replies":[{"embeddable":true,"href":"https:\/\/jobstore.cl\/index.php\/wp-json\/wp\/v2\/comments?post=16203"}],"version-history":[{"count":2,"href":"https:\/\/jobstore.cl\/index.php\/wp-json\/wp\/v2\/product\/16203\/revisions"}],"predecessor-version":[{"id":16205,"href":"https:\/\/jobstore.cl\/index.php\/wp-json\/wp\/v2\/product\/16203\/revisions\/16205"}],"wp:featuredmedia":[{"embeddable":true,"href":"https:\/\/jobstore.cl\/index.php\/wp-json\/wp\/v2\/media\/15555"}],"wp:attachment":[{"href":"https:\/\/jobstore.cl\/index.php\/wp-json\/wp\/v2\/media?parent=16203"}],"wp:term":[{"taxonomy":"product_cat","embeddable":true,"href":"https:\/\/jobstore.cl\/index.php\/wp-json\/wp\/v2\/product_cat?post=16203"},{"taxonomy":"product_tag","embeddable":true,"href":"https:\/\/jobstore.cl\/index.php\/wp-json\/wp\/v2\/product_tag?post=16203"}],"curies":[{"name":"wp","href":"https:\/\/api.w.org\/{rel}","templated":true}]}}