{"id":16185,"date":"2024-11-12T10:21:33","date_gmt":"2024-11-12T13:21:33","guid":{"rendered":"https:\/\/jobstore.cl\/?post_type=product&#038;p=16185"},"modified":"2025-03-01T10:11:14","modified_gmt":"2025-03-01T13:11:14","slug":"usb-c-to-usb-a-05-mt","status":"publish","type":"product","link":"https:\/\/jobstore.cl\/index.php\/product\/usb-c-to-usb-a-05-mt\/","title":{"rendered":"USB-C to USB-A 0,5 mt"},"content":{"rendered":"<h2>Cargue y sincronice sus dispositivos m\u00f3viles mientras se desplaza o viaja<\/h2>\n<p>&nbsp;<\/p>\n<p>&nbsp;<\/p>\n<p>Este cable no est\u00e1ndar de 0,5m resulta ideal para conexiones de distancia corta y para la carga y sincronizaci\u00f3n de sus dispositivos m\u00f3viles USB Type-C\u2122 desde su notebook.Tambi\u00e9n puede utilizar el cable para cargar sus dispositivos USB-C desde un cargador USB-A de pared, de auto o una bater\u00eda de carga. Resulta ideal para usuarios que se desplazan en auto o que desean reducir el desorden de cables al sincronizar con su notebook.<\/p>\n<h2>Ideal como accesorio complementario al viajar<\/h2>\n<p>Reemplace el cable USB-C de carga incluido con su dispositivo o gu\u00e1rdelo como accesorio complementario en la bolsa o mochila de transporte de su notebook u otra bolsa.<\/p>\n<h2>Aplicaciones<\/h2>\n<p>&nbsp;<\/p>\n<ul>\n<li>Cargue y sincronice sus dispositivos digitales m\u00f3viles USB-C<\/li>\n<li>Cargue sus dispositivos USB-C con un cargador USB-A de pared, de auto o una bater\u00eda de carga<\/li>\n<\/ul>\n","protected":false},"excerpt":{"rendered":"<div class=\"column mcb-column mcb-item-nfcqi2ibt one laptop-one tablet-one mobile-one column_heading\">\n<div class=\"mcb-column-inner mfn-module-wrapper mcb-column-inner-nfcqi2ibt mcb-item-heading-inner\">\n<h2 class=\"title\">Caracter\u00edsticas<\/h2>\n<\/div>\n<\/div>\n<div class=\"column mcb-column mcb-item-yql5bvsen one laptop-one tablet-one mobile-one column_product_short_description\">\n<div class=\"mcb-column-inner mfn-module-wrapper mcb-column-inner-yql5bvsen mcb-item-product_short_description-inner\">\n<div class=\"woocommerce-product-details__short-description\">\n<ul>\n<li>Conecte sus dispositivos USB Type-C a su computador, sin estorbo de cables<\/li>\n<li>Cable de 0,5m de longitud, para conexiones de distancia corta<\/li>\n<li>Pr\u00e1ctico conector USB-C con cara reversible que facilita las conexiones<\/li>\n<li>Confiabilidad garantizada<\/li>\n<li>StarTech<\/li>\n<\/ul>\n<\/div>\n<\/div>\n<\/div>\n","protected":false},"featured_media":16188,"comment_status":"open","ping_status":"closed","template":"","meta":{"_joinchat":[]},"product_cat":[69],"product_tag":[],"class_list":{"0":"post-16185","1":"product","2":"type-product","3":"status-publish","4":"has-post-thumbnail","6":"product_cat-mac","8":"first","9":"instock","10":"sale","11":"shipping-taxable","12":"purchasable","13":"product-type-simple"},"_links":{"self":[{"href":"https:\/\/jobstore.cl\/index.php\/wp-json\/wp\/v2\/product\/16185","targetHints":{"allow":["GET"]}}],"collection":[{"href":"https:\/\/jobstore.cl\/index.php\/wp-json\/wp\/v2\/product"}],"about":[{"href":"https:\/\/jobstore.cl\/index.php\/wp-json\/wp\/v2\/types\/product"}],"replies":[{"embeddable":true,"href":"https:\/\/jobstore.cl\/index.php\/wp-json\/wp\/v2\/comments?post=16185"}],"version-history":[{"count":1,"href":"https:\/\/jobstore.cl\/index.php\/wp-json\/wp\/v2\/product\/16185\/revisions"}],"predecessor-version":[{"id":16189,"href":"https:\/\/jobstore.cl\/index.php\/wp-json\/wp\/v2\/product\/16185\/revisions\/16189"}],"wp:featuredmedia":[{"embeddable":true,"href":"https:\/\/jobstore.cl\/index.php\/wp-json\/wp\/v2\/media\/16188"}],"wp:attachment":[{"href":"https:\/\/jobstore.cl\/index.php\/wp-json\/wp\/v2\/media?parent=16185"}],"wp:term":[{"taxonomy":"product_cat","embeddable":true,"href":"https:\/\/jobstore.cl\/index.php\/wp-json\/wp\/v2\/product_cat?post=16185"},{"taxonomy":"product_tag","embeddable":true,"href":"https:\/\/jobstore.cl\/index.php\/wp-json\/wp\/v2\/product_tag?post=16185"}],"curies":[{"name":"wp","href":"https:\/\/api.w.org\/{rel}","templated":true}]}}