{"id":16071,"date":"2024-10-16T13:12:54","date_gmt":"2024-10-16T16:12:54","guid":{"rendered":"https:\/\/jobstore.cl\/?post_type=product&#038;p=16071"},"modified":"2025-05-08T18:58:53","modified_gmt":"2025-05-08T21:58:53","slug":"funda-plastico-clear-case-para-iphone-11","status":"publish","type":"product","link":"https:\/\/jobstore.cl\/index.php\/product\/funda-plastico-clear-case-para-iphone-11\/","title":{"rendered":"FUNDA PLASTICO CLEAR CASE PARA IPHONE 11"},"content":{"rendered":"<p>Perfectamente compatible y segura en un ajuste apretado para la protecci\u00f3n vital contra rasgu\u00f1os, raspaduras, o golpes.<br \/>\nSimple y f\u00e1cil de poner.<\/p>\n","protected":false},"excerpt":{"rendered":"<p>No pierdas la elegancia de tu tel\u00e9fono.<br \/>\nDise\u00f1ado con PC cristalina con amortiguadores de TPU para mayor protecci\u00f3n. Delgado y refinado, con un ajuste perfecto, para una protecci\u00f3n total con un volumen m\u00ednimo.<\/p>\n<p>&nbsp;<\/p>\n","protected":false},"featured_media":0,"comment_status":"open","ping_status":"closed","template":"","meta":{"_joinchat":[]},"product_cat":[192,376,385],"product_tag":[],"class_list":{"0":"post-16071","1":"product","2":"type-product","3":"status-publish","5":"product_cat-accesorios","6":"product_cat-carcasas","7":"product_cat-iphone-11","9":"first","10":"outofstock","11":"sale","12":"shipping-taxable","13":"purchasable","14":"product-type-simple"},"_links":{"self":[{"href":"https:\/\/jobstore.cl\/index.php\/wp-json\/wp\/v2\/product\/16071","targetHints":{"allow":["GET"]}}],"collection":[{"href":"https:\/\/jobstore.cl\/index.php\/wp-json\/wp\/v2\/product"}],"about":[{"href":"https:\/\/jobstore.cl\/index.php\/wp-json\/wp\/v2\/types\/product"}],"replies":[{"embeddable":true,"href":"https:\/\/jobstore.cl\/index.php\/wp-json\/wp\/v2\/comments?post=16071"}],"version-history":[{"count":1,"href":"https:\/\/jobstore.cl\/index.php\/wp-json\/wp\/v2\/product\/16071\/revisions"}],"predecessor-version":[{"id":16073,"href":"https:\/\/jobstore.cl\/index.php\/wp-json\/wp\/v2\/product\/16071\/revisions\/16073"}],"wp:attachment":[{"href":"https:\/\/jobstore.cl\/index.php\/wp-json\/wp\/v2\/media?parent=16071"}],"wp:term":[{"taxonomy":"product_cat","embeddable":true,"href":"https:\/\/jobstore.cl\/index.php\/wp-json\/wp\/v2\/product_cat?post=16071"},{"taxonomy":"product_tag","embeddable":true,"href":"https:\/\/jobstore.cl\/index.php\/wp-json\/wp\/v2\/product_tag?post=16071"}],"curies":[{"name":"wp","href":"https:\/\/api.w.org\/{rel}","templated":true}]}}