{"id":15825,"date":"2024-08-23T19:36:10","date_gmt":"2024-08-23T22:36:10","guid":{"rendered":"https:\/\/jobstore.cl\/?post_type=product&#038;p=15825"},"modified":"2025-05-09T18:03:23","modified_gmt":"2025-05-09T21:03:23","slug":"lamina-glass-elite-iphone-15-pro-max","status":"publish","type":"product","link":"https:\/\/jobstore.cl\/index.php\/product\/lamina-glass-elite-iphone-15-pro-max\/","title":{"rendered":"Lamina Glass Elite iPhone 15 Pro Max"},"content":{"rendered":"<p>\u00a0<\/p>\n<ul>\n<li>SUPERFLUIDEZ, DISE\u00d1O PARA JUEGOS: Recubrimiento de SiO2 para m\u00e1xima sensibilidad t\u00e1ctil.<\/li>\n<li>TECNOLOGIA DE IMPACTO AVANZADA: Tecnolog\u00eda que absorbe impactos.<\/li>\n<\/ul>\n<p>\u00a0<\/p>\n","protected":false},"excerpt":{"rendered":"<p>Lamina con filtro azul Invisibleshield<\/p>\n<p>Imagen referencial<\/p>\n<p>No incluye iPhone<\/p>\n","protected":false},"featured_media":15829,"comment_status":"open","ping_status":"closed","template":"","meta":{"_joinchat":[]},"product_cat":[192,610],"product_tag":[],"class_list":{"0":"post-15825","1":"product","2":"type-product","3":"status-publish","4":"has-post-thumbnail","6":"product_cat-accesorios","7":"product_cat-iphone-15-pro-max","9":"first","10":"instock","11":"sale","12":"shipping-taxable","13":"purchasable","14":"product-type-simple"},"_links":{"self":[{"href":"https:\/\/jobstore.cl\/index.php\/wp-json\/wp\/v2\/product\/15825","targetHints":{"allow":["GET"]}}],"collection":[{"href":"https:\/\/jobstore.cl\/index.php\/wp-json\/wp\/v2\/product"}],"about":[{"href":"https:\/\/jobstore.cl\/index.php\/wp-json\/wp\/v2\/types\/product"}],"replies":[{"embeddable":true,"href":"https:\/\/jobstore.cl\/index.php\/wp-json\/wp\/v2\/comments?post=15825"}],"version-history":[{"count":2,"href":"https:\/\/jobstore.cl\/index.php\/wp-json\/wp\/v2\/product\/15825\/revisions"}],"predecessor-version":[{"id":15828,"href":"https:\/\/jobstore.cl\/index.php\/wp-json\/wp\/v2\/product\/15825\/revisions\/15828"}],"wp:featuredmedia":[{"embeddable":true,"href":"https:\/\/jobstore.cl\/index.php\/wp-json\/wp\/v2\/media\/15829"}],"wp:attachment":[{"href":"https:\/\/jobstore.cl\/index.php\/wp-json\/wp\/v2\/media?parent=15825"}],"wp:term":[{"taxonomy":"product_cat","embeddable":true,"href":"https:\/\/jobstore.cl\/index.php\/wp-json\/wp\/v2\/product_cat?post=15825"},{"taxonomy":"product_tag","embeddable":true,"href":"https:\/\/jobstore.cl\/index.php\/wp-json\/wp\/v2\/product_tag?post=15825"}],"curies":[{"name":"wp","href":"https:\/\/api.w.org\/{rel}","templated":true}]}}