{"id":15557,"date":"2024-06-26T17:02:41","date_gmt":"2024-06-26T20:02:41","guid":{"rendered":"https:\/\/jobstore.cl\/?post_type=product&#038;p=15557"},"modified":"2025-08-19T14:16:11","modified_gmt":"2025-08-19T17:16:11","slug":"funda-dura-iphone-15-pro-max-negra","status":"publish","type":"product","link":"https:\/\/jobstore.cl\/index.php\/product\/funda-dura-iphone-15-pro-max-negra\/","title":{"rendered":"Funda dura iPhone 15 Pro Max Negra"},"content":{"rendered":"<p>Esta carcasa compatible con MagSafe tiene una superficie transparente y resistente a las rayaduras y los toques de color le dan una onda divertida y elegante. Santa Cruz Snap contiene grafeno, uno de los materiales m\u00e1s fuertes del mundo. Sin embargo, debido a que el grafeno es asombrosamente ligero, este estuche conserva su sensaci\u00f3n ligera y se desliza f\u00e1cilmente en su bolsillo. Santa Cruz Snap est\u00e1 hecho con un 74% de contenido reciclado, por lo que es una protecci\u00f3n con la que puedes sentirte tranquilo.<\/p>\n<p>\u00ab*Protecci\u00f3n contra ca\u00eddas de 4 m: Santa Cruz Snap ha sido testeado y probado para proteger tu tel\u00e9fono de ca\u00eddas de hasta 4 metros.<\/p>\n<p>*Reforzado con Grafeno: El grafeno es m\u00e1s duro que un diamante, pero m\u00e1s el\u00e1stico que el caucho, y hasta 200 veces m\u00e1s fuerte que el acero.<\/p>\n<p>*Compatible con MagSafe: Santa Cruz Snap es compatible con MagSafe y funciona con la mayor\u00eda de los cargadores compatibles inal\u00e1mbricos. *74% de Contenidos Reciclados (2): Santa Cruz Snap contiene hasta un 74% de productos reciclados post-consumo.<\/p>\n<p>*Dise\u00f1o Delgado y Liviano: El dise\u00f1o delgado y liviano cabe f\u00e1cilmente en tu bolsillo y c\u00f3modamente en tu mano.<\/p>\n<p>*Acentos de Color: La carcasa transparente Santa Cruz Snap tiene una vibra divertido y elegante con color inyectado en los bordes de la carcasa, el borde de la c\u00e1mara y magneto snap.<\/p>\n<p>*Agarre Mejorado: Los bordes de la carcasa cuentan con una textura para un mejor agarre y una sujeci\u00f3n segura. *Tratamiento Antimicrobiano: Santa Cruz Snap contiene un agente antimicrobiano con propiedades intr\u00ednsecas para proteger su carcasa al inhibir el crecimiento de bacterias que causan malos olores y proteger contra la degradaci\u00f3n de microorganismos.<\/p>\n","protected":false},"excerpt":{"rendered":"<p>Esta carcasa compatible con MagSafe tiene una superficie transparente y resistente a las rayaduras y los toques de color le dan una onda divertida y elegante.<span class=\"excerpt-hellip\"> [\u2026]<\/span><\/p>\n","protected":false},"featured_media":15558,"comment_status":"open","ping_status":"closed","template":"","meta":{"_joinchat":[]},"product_cat":[192,376,610],"product_tag":[],"class_list":{"0":"post-15557","1":"product","2":"type-product","3":"status-publish","4":"has-post-thumbnail","6":"product_cat-accesorios","7":"product_cat-carcasas","8":"product_cat-iphone-15-pro-max","10":"first","11":"instock","12":"sale","13":"shipping-taxable","14":"purchasable","15":"product-type-simple"},"_links":{"self":[{"href":"https:\/\/jobstore.cl\/index.php\/wp-json\/wp\/v2\/product\/15557","targetHints":{"allow":["GET"]}}],"collection":[{"href":"https:\/\/jobstore.cl\/index.php\/wp-json\/wp\/v2\/product"}],"about":[{"href":"https:\/\/jobstore.cl\/index.php\/wp-json\/wp\/v2\/types\/product"}],"replies":[{"embeddable":true,"href":"https:\/\/jobstore.cl\/index.php\/wp-json\/wp\/v2\/comments?post=15557"}],"version-history":[{"count":2,"href":"https:\/\/jobstore.cl\/index.php\/wp-json\/wp\/v2\/product\/15557\/revisions"}],"predecessor-version":[{"id":17242,"href":"https:\/\/jobstore.cl\/index.php\/wp-json\/wp\/v2\/product\/15557\/revisions\/17242"}],"wp:featuredmedia":[{"embeddable":true,"href":"https:\/\/jobstore.cl\/index.php\/wp-json\/wp\/v2\/media\/15558"}],"wp:attachment":[{"href":"https:\/\/jobstore.cl\/index.php\/wp-json\/wp\/v2\/media?parent=15557"}],"wp:term":[{"taxonomy":"product_cat","embeddable":true,"href":"https:\/\/jobstore.cl\/index.php\/wp-json\/wp\/v2\/product_cat?post=15557"},{"taxonomy":"product_tag","embeddable":true,"href":"https:\/\/jobstore.cl\/index.php\/wp-json\/wp\/v2\/product_tag?post=15557"}],"curies":[{"name":"wp","href":"https:\/\/api.w.org\/{rel}","templated":true}]}}