{"id":15552,"date":"2024-06-26T16:40:13","date_gmt":"2024-06-26T19:40:13","guid":{"rendered":"https:\/\/jobstore.cl\/?post_type=product&#038;p=15552"},"modified":"2025-12-31T09:48:54","modified_gmt":"2025-12-31T12:48:54","slug":"lamina-glass-iphone-15-pro-max","status":"publish","type":"product","link":"https:\/\/jobstore.cl\/index.php\/product\/lamina-glass-iphone-15-pro-max\/","title":{"rendered":"Vidrio Templado iPhone 15 Pro Max Belkin"},"content":{"rendered":"<p>5x M\u00e1s Resistente: Glass Elite Privacy es cinco veces m\u00e1s fuerte que los protectores de pantalla tradicionales.<\/p>\n<p>*Privacidad Bidireccional, Vista Lateral: El filtro de privacidad bidireccional protege tu pantalla desde los costados. *M\u00e1xima Resistencia contra Rayaduras: el vidrio de aluminosilicato se refuerza con la tecnolog\u00eda de intercambio de iones que aumenta la compresi\u00f3n de la superficie incrementando la fuerza y la resistencia al rayado.<\/p>\n<p>*Pantalla Limpia y Sin Manchas: el tratamiento de la superficie ClearPrint\u2122 dispersa el aceite de las yemas de los dedos, las huellas se tornan casi invisibles cuando la pantalla est\u00e1 encendida. *Bordes reforzados: los bordes reforzados evitan que se produzcan y propaguen las astillas y grietas.<\/p>\n<p>*Suave y Sedoso al Tacto: la superficie se siente suave y sedosa como la pantalla original de tu celular.<\/p>\n<p>*Tratamiento Antimicrobiano: cuenta con un tratamiento antimicrobiano que la cuida al inhibir el crecimiento de bacterias que causan malos olores . *Contiene Vidrio Reciclado: Glass Elite Privacy es 30% de vidrio reciclado post-consumo .<\/p>\n","protected":false},"excerpt":{"rendered":"<p>Glass Elite Privacy tiene un filtro de privacidad de 2 lados que evita que los curiosos vean tu pantalla desde un lado. Este protector de pantalla est\u00e1 fabricado con vidrio de aluminosilicato ultra resistente que es cinco veces m\u00e1s resistente que la protecci\u00f3n de pantalla de vidrio tradicional.<\/p>\n","protected":false},"featured_media":15555,"comment_status":"open","ping_status":"closed","template":"","meta":{"_joinchat":[]},"product_cat":[192,279,611,436],"product_tag":[621],"class_list":{"0":"post-15552","1":"product","2":"type-product","3":"status-publish","4":"has-post-thumbnail","6":"product_brand-belkin","7":"product_cat-accesorios","8":"product_cat-accesorios-iphone","9":"product_cat-tempered-glass","10":"product_cat-laminas-de-vidrio-templado","11":"product_tag-screenforce-application-system","13":"first","14":"outofstock","15":"sale","16":"shipping-taxable","17":"purchasable","18":"product-type-simple"},"_links":{"self":[{"href":"https:\/\/jobstore.cl\/index.php\/wp-json\/wp\/v2\/product\/15552","targetHints":{"allow":["GET"]}}],"collection":[{"href":"https:\/\/jobstore.cl\/index.php\/wp-json\/wp\/v2\/product"}],"about":[{"href":"https:\/\/jobstore.cl\/index.php\/wp-json\/wp\/v2\/types\/product"}],"replies":[{"embeddable":true,"href":"https:\/\/jobstore.cl\/index.php\/wp-json\/wp\/v2\/comments?post=15552"}],"version-history":[{"count":4,"href":"https:\/\/jobstore.cl\/index.php\/wp-json\/wp\/v2\/product\/15552\/revisions"}],"predecessor-version":[{"id":18243,"href":"https:\/\/jobstore.cl\/index.php\/wp-json\/wp\/v2\/product\/15552\/revisions\/18243"}],"wp:featuredmedia":[{"embeddable":true,"href":"https:\/\/jobstore.cl\/index.php\/wp-json\/wp\/v2\/media\/15555"}],"wp:attachment":[{"href":"https:\/\/jobstore.cl\/index.php\/wp-json\/wp\/v2\/media?parent=15552"}],"wp:term":[{"taxonomy":"product_cat","embeddable":true,"href":"https:\/\/jobstore.cl\/index.php\/wp-json\/wp\/v2\/product_cat?post=15552"},{"taxonomy":"product_tag","embeddable":true,"href":"https:\/\/jobstore.cl\/index.php\/wp-json\/wp\/v2\/product_tag?post=15552"}],"curies":[{"name":"wp","href":"https:\/\/api.w.org\/{rel}","templated":true}]}}