{"id":15509,"date":"2024-06-14T12:15:29","date_gmt":"2024-06-14T15:15:29","guid":{"rendered":"https:\/\/jobstore.cl\/?post_type=product&#038;p=15509"},"modified":"2024-06-24T15:37:01","modified_gmt":"2024-06-24T18:37:01","slug":"funda-cuero-para-iphone-11-apple-exclusive-decoded-black","status":"publish","type":"product","link":"https:\/\/jobstore.cl\/index.php\/product\/funda-cuero-para-iphone-11-apple-exclusive-decoded-black\/","title":{"rendered":"Funda cuero para iPhone 11 Apple exclusive Decoded Black"},"content":{"rendered":"<pre id=\"tw-target-text\" class=\"tw-data-text tw-text-large tw-ta\" dir=\"ltr\" data-placeholder=\"Translation\" aria-label=\"Translated text\" data-ved=\"2ahUKEwigorqKq9uGAxX3qJUCHTMTCs8Q3ewLegQIDBAU\"><span class=\"Y2IQFc\" lang=\"es\">Descripci\u00f3n del producto La carcasa trasera DECODED para iPhone 11, en color negro, \r\nest\u00e1 fabricada en cuero Full Grain de alta calidad. La funda de cuero para tel\u00e9fono \r\nes liviana, delgada y protege su iPhone 11. El interior est\u00e1 hecho de TPU, \r\nque protege contra ca\u00eddas leves y golpes. El borde de la funda tiene una elevaci\u00f3n m\u00ednima, \r\nlo que protege su pantalla contra rasgu\u00f1os. Gracias a la pr\u00e1ctica ranura para tarjetas \r\nen la parte posterior, puede llevar f\u00e1cilmente una tarjeta bancaria o un documento de identidad. \r\nEl estuche para tarjetasDECODED negro para iPhone 11 est\u00e1 envuelto a mano. \r\nEnvoltura completa en cuero de plena flor de primera calidad Ranura para tarjetas \r\nen la parte posterior: identificaci\u00f3n\/tarjeta bancaria f\u00e1cil de guardar Borde elevado: \r\nevita rayones en la pantalla Incrustaciones de gamuza de alta calidad para protecci\u00f3n \r\ncontra rayones.<\/span><\/pre>\n","protected":false},"excerpt":{"rendered":"<p>Descripci\u00f3n del producto La carcasa trasera DECODED para iPhone 11, en color negro, est\u00e1 fabricada en cuero Full Grain de alta calidad. La funda de cuero<span class=\"excerpt-hellip\"> [\u2026]<\/span><\/p>\n","protected":false},"featured_media":15510,"comment_status":"open","ping_status":"closed","template":"","meta":{"_joinchat":[]},"product_cat":[192,376,385],"product_tag":[],"class_list":{"0":"post-15509","1":"product","2":"type-product","3":"status-publish","4":"has-post-thumbnail","6":"product_cat-accesorios","7":"product_cat-carcasas","8":"product_cat-iphone-11","10":"first","11":"outofstock","12":"shipping-taxable","13":"purchasable","14":"product-type-simple"},"_links":{"self":[{"href":"https:\/\/jobstore.cl\/index.php\/wp-json\/wp\/v2\/product\/15509","targetHints":{"allow":["GET"]}}],"collection":[{"href":"https:\/\/jobstore.cl\/index.php\/wp-json\/wp\/v2\/product"}],"about":[{"href":"https:\/\/jobstore.cl\/index.php\/wp-json\/wp\/v2\/types\/product"}],"replies":[{"embeddable":true,"href":"https:\/\/jobstore.cl\/index.php\/wp-json\/wp\/v2\/comments?post=15509"}],"version-history":[{"count":1,"href":"https:\/\/jobstore.cl\/index.php\/wp-json\/wp\/v2\/product\/15509\/revisions"}],"predecessor-version":[{"id":15511,"href":"https:\/\/jobstore.cl\/index.php\/wp-json\/wp\/v2\/product\/15509\/revisions\/15511"}],"wp:featuredmedia":[{"embeddable":true,"href":"https:\/\/jobstore.cl\/index.php\/wp-json\/wp\/v2\/media\/15510"}],"wp:attachment":[{"href":"https:\/\/jobstore.cl\/index.php\/wp-json\/wp\/v2\/media?parent=15509"}],"wp:term":[{"taxonomy":"product_cat","embeddable":true,"href":"https:\/\/jobstore.cl\/index.php\/wp-json\/wp\/v2\/product_cat?post=15509"},{"taxonomy":"product_tag","embeddable":true,"href":"https:\/\/jobstore.cl\/index.php\/wp-json\/wp\/v2\/product_tag?post=15509"}],"curies":[{"name":"wp","href":"https:\/\/api.w.org\/{rel}","templated":true}]}}