{"id":15505,"date":"2024-06-14T12:06:17","date_gmt":"2024-06-14T15:06:17","guid":{"rendered":"https:\/\/jobstore.cl\/?post_type=product&#038;p=15505"},"modified":"2024-12-05T12:59:00","modified_gmt":"2024-12-05T15:59:00","slug":"kensington-foam-mouse-wristrest-alfombrilla-de-raton-con-apoyamunecas-negro","status":"publish","type":"product","link":"https:\/\/jobstore.cl\/index.php\/product\/kensington-foam-mouse-wristrest-alfombrilla-de-raton-con-apoyamunecas-negro\/","title":{"rendered":"Kensington Foam Mouse Wristrest Alfombrilla de rat\u00f3n con apoyamu\u00f1ecas negro"},"content":{"rendered":"<p>Mouse Pad con reposa mu\u00f1eca<\/p>\n<p>Dimensiones: 20cm de ancho x 18cm de alto<\/p>\n<p>Material: G\u00e9nero y goma antideslizante<\/p>\n<p>Color: Negro<\/p>\n","protected":false},"excerpt":{"rendered":"<pre id=\"tw-target-text\" class=\"tw-data-text tw-text-large tw-ta\" dir=\"ltr\" data-placeholder=\"Translation\" aria-label=\"Translated text\" data-ved=\"2ahUKEwigorqKq9uGAxX3qJUCHTMTCs8Q3ewLegQIDBAU\"><span class=\"Y2IQFc\" lang=\"es\">KENSINGTON 62384 Alfombrilla para rat\u00f3n con reposamu\u00f1ecas espuma color\r\nBASE ANTIDESLIZANTE: la base antideslizante ayuda a mantener la alfombrilla del mouse firmemente en su lugar; se puede usar con ratones l\u00e1ser u \u00f3pticos.\r\nSOPORTE ERGON\u00d3MICO: este reposamu\u00f1ecas duradero brinda mayor comodidad y soporte a la mu\u00f1eca, lo que reduce el riesgo de RSI y s\u00edndrome del t\u00fanel carpiano.\r\nReposamu\u00f1ecas incorporado: el acolchado de espuma en la base de la alfombrilla del mouse ayuda a elevar la mu\u00f1eca y a mantener una postura ergon\u00f3mica.\r\nDise\u00f1o duradero y ergon\u00f3mico - Dise\u00f1ado para sujetar la mu\u00f1eca en una posici\u00f3n c\u00f3moda - Color negro profesional ideal para usar en la oficina o en casa<\/span><\/pre>\n","protected":false},"featured_media":15506,"comment_status":"open","ping_status":"closed","template":"","meta":{"_joinchat":[]},"product_cat":[192],"product_tag":[],"class_list":{"0":"post-15505","1":"product","2":"type-product","3":"status-publish","4":"has-post-thumbnail","6":"product_cat-accesorios","8":"first","9":"instock","10":"shipping-taxable","11":"purchasable","12":"product-type-simple"},"_links":{"self":[{"href":"https:\/\/jobstore.cl\/index.php\/wp-json\/wp\/v2\/product\/15505","targetHints":{"allow":["GET"]}}],"collection":[{"href":"https:\/\/jobstore.cl\/index.php\/wp-json\/wp\/v2\/product"}],"about":[{"href":"https:\/\/jobstore.cl\/index.php\/wp-json\/wp\/v2\/types\/product"}],"replies":[{"embeddable":true,"href":"https:\/\/jobstore.cl\/index.php\/wp-json\/wp\/v2\/comments?post=15505"}],"version-history":[{"count":1,"href":"https:\/\/jobstore.cl\/index.php\/wp-json\/wp\/v2\/product\/15505\/revisions"}],"predecessor-version":[{"id":15508,"href":"https:\/\/jobstore.cl\/index.php\/wp-json\/wp\/v2\/product\/15505\/revisions\/15508"}],"wp:featuredmedia":[{"embeddable":true,"href":"https:\/\/jobstore.cl\/index.php\/wp-json\/wp\/v2\/media\/15506"}],"wp:attachment":[{"href":"https:\/\/jobstore.cl\/index.php\/wp-json\/wp\/v2\/media?parent=15505"}],"wp:term":[{"taxonomy":"product_cat","embeddable":true,"href":"https:\/\/jobstore.cl\/index.php\/wp-json\/wp\/v2\/product_cat?post=15505"},{"taxonomy":"product_tag","embeddable":true,"href":"https:\/\/jobstore.cl\/index.php\/wp-json\/wp\/v2\/product_tag?post=15505"}],"curies":[{"name":"wp","href":"https:\/\/api.w.org\/{rel}","templated":true}]}}