{"id":15501,"date":"2024-06-14T11:53:52","date_gmt":"2024-06-14T14:53:52","guid":{"rendered":"https:\/\/jobstore.cl\/?post_type=product&#038;p=15501"},"modified":"2024-08-21T11:40:17","modified_gmt":"2024-08-21T14:40:17","slug":"mouse-inalambrico-dell-ms3320w-optico-1600dpi-3botones-1xaacolor-midnight-green","status":"publish","type":"product","link":"https:\/\/jobstore.cl\/index.php\/product\/mouse-inalambrico-dell-ms3320w-optico-1600dpi-3botones-1xaacolor-midnight-green\/","title":{"rendered":"Mouse Inal\u00e1mbrico Dell MS3320W, \u00d3ptico 1600DPI 3Botones 1xAAColor Midnight Green"},"content":{"rendered":"<p class=\"text-blue-900 text-2xl mb-4 font-medium\">Descripci\u00f3n<\/p>\n<div class=\"trix-content\">El Mouse Inal\u00e1mbrico Dell MS3320W es la elecci\u00f3n perfecta para tu oficina, con tecnolog\u00eda inal\u00e1mbrica RF y Bluetooth para una conectividad vers\u00e1til. Con tecnolog\u00eda de detecci\u00f3n de movimientos \u00f3pticos y una resoluci\u00f3n de movimiento de 1600 DPI, este mouse ofrece un rendimiento preciso y suave. Cuenta con 3 botones de presi\u00f3n y una rueda de desplazamiento para una navegaci\u00f3n sencilla.<\/p>\n<p>Este mouse ambidiestro en color Midnight Green es elegante y funcional, con un alcance inal\u00e1mbrico de hasta 10 metros para mayor libertad de movimiento. Funciona con una pila AA con una vida \u00fatil de hasta 36 meses, lo que garantiza un uso prolongado sin interrupciones.<\/p>\n<p>Compatible con una amplia gama de sistemas operativos, incluyendo Windows, Mac, Linux, Android y ChromeOS, este mouse se adapta a tus necesidades tecnol\u00f3gicas. Con un dise\u00f1o compacto y ligero, este mouse es c\u00f3modo de usar durante horas. \u00a1Hazte con el Mouse Inal\u00e1mbrico Dell MS3320W y lleva tu productividad al siguiente nivel!<\/p>\n<p><b>Caracter\u00edsticas:<\/b><\/p>\n<p><b>&#8211; Prop\u00f3sito:<\/b> Oficina<br \/>\n<b>&#8211; Interfaz del dispositivo:<\/b> RF Wireless + Bluetooth<br \/>\n<b>&#8211; Tecnolog\u00eda de detecci\u00f3n de movimientos:<\/b> \u00d3ptico<br \/>\n<b>&#8211; Resoluci\u00f3n de movimiento:<\/b> 1600 DPI<br \/>\n<b>&#8211; Tipo de botones:<\/b> Botones de presi\u00f3n<br \/>\n<b>&#8211; Tipo de desplazamiento:<\/b> Rueda<br \/>\n<b>&#8211; Cantidad de botones:<\/b> 3<br \/>\n<b>&#8211; Cantidad de ruedas de desplazamiento:<\/b> 1<br \/>\n<b>&#8211; Frecuencia de banda:<\/b> 2.4 GHz<br \/>\n<b>&#8211; Versi\u00f3n de Bluetooth:<\/b> 5.0<br \/>\n<b>&#8211; Factor de forma:<\/b> Ambidiestro<br \/>\n<b>&#8211; Color del producto:<\/b> Verde<br \/>\n<b>&#8211; Alcance inal\u00e1mbrico:<\/b> 10 m<br \/>\n<b>&#8211; Fuente de energ\u00eda:<\/b> Pilas<br \/>\n<b>&#8211; Cantidad de bater\u00edas soportadas:<\/b> 1<br \/>\n<b>&#8211; Tipo de bater\u00eda:<\/b> AA<br \/>\n<b>&#8211; Vida de bater\u00eda en servicio:<\/b> 36 meses<br \/>\n<b>&#8211; Compatibilidad con sistemas operativos:<\/b> Windows 10, Windows 7, Windows 8, Windows 8.1, Mac, Linux, Android, ChromeOS<br \/>\n<b>&#8211; Temperatura de operaci\u00f3n:<\/b> -10 &#8211; 50 \u00b0C<br \/>\n<b>&#8211; Temperatura de almacenamiento:<\/b> -40 &#8211; 65 \u00b0C<br \/>\n<b>&#8211; Humedad relativa de almacenamiento:<\/b> 0 &#8211; 95%<br \/>\n<b>&#8211; Dimensiones:<\/b> 67 mm x 104,4 mm x 38,3 mm<br \/>\n<b>&#8211; Peso:<\/b> 65 g<br \/>\n<b>&#8211; Cantidad por paquete:<\/b> 1 pieza<br \/>\n<b>&#8211; Dimensiones del paquete:<\/b> 87 mm x 46,5 mm x 133 mm<br \/>\n<b>&#8211; Peso del paquete:<\/b> 151,5 g<\/div>\n","protected":false},"excerpt":{"rendered":"<p class=\"text-blue-900 text-2xl mb-4 font-medium\">Descripci\u00f3n<\/p>\n<div class=\"trix-content\">El Mouse Inal\u00e1mbrico Dell MS3320W es la elecci\u00f3n perfecta para tu oficina, con tecnolog\u00eda inal\u00e1mbrica RF y Bluetooth para una conectividad vers\u00e1til. Con tecnolog\u00eda de detecci\u00f3n de movimientos \u00f3pticos y una resoluci\u00f3n de movimiento de 1600 DPI, este mouse ofrece un rendimiento preciso y suave. Cuenta con 3 botones de presi\u00f3n y una rueda de desplazamiento para una navegaci\u00f3n sencilla.<\/div>\n","protected":false},"featured_media":15502,"comment_status":"open","ping_status":"closed","template":"","meta":{"_joinchat":[]},"product_cat":[192],"product_tag":[],"class_list":{"0":"post-15501","1":"product","2":"type-product","3":"status-publish","4":"has-post-thumbnail","6":"product_cat-accesorios","8":"first","9":"outofstock","10":"shipping-taxable","11":"purchasable","12":"product-type-simple"},"_links":{"self":[{"href":"https:\/\/jobstore.cl\/index.php\/wp-json\/wp\/v2\/product\/15501","targetHints":{"allow":["GET"]}}],"collection":[{"href":"https:\/\/jobstore.cl\/index.php\/wp-json\/wp\/v2\/product"}],"about":[{"href":"https:\/\/jobstore.cl\/index.php\/wp-json\/wp\/v2\/types\/product"}],"replies":[{"embeddable":true,"href":"https:\/\/jobstore.cl\/index.php\/wp-json\/wp\/v2\/comments?post=15501"}],"version-history":[{"count":1,"href":"https:\/\/jobstore.cl\/index.php\/wp-json\/wp\/v2\/product\/15501\/revisions"}],"predecessor-version":[{"id":15504,"href":"https:\/\/jobstore.cl\/index.php\/wp-json\/wp\/v2\/product\/15501\/revisions\/15504"}],"wp:featuredmedia":[{"embeddable":true,"href":"https:\/\/jobstore.cl\/index.php\/wp-json\/wp\/v2\/media\/15502"}],"wp:attachment":[{"href":"https:\/\/jobstore.cl\/index.php\/wp-json\/wp\/v2\/media?parent=15501"}],"wp:term":[{"taxonomy":"product_cat","embeddable":true,"href":"https:\/\/jobstore.cl\/index.php\/wp-json\/wp\/v2\/product_cat?post=15501"},{"taxonomy":"product_tag","embeddable":true,"href":"https:\/\/jobstore.cl\/index.php\/wp-json\/wp\/v2\/product_tag?post=15501"}],"curies":[{"name":"wp","href":"https:\/\/api.w.org\/{rel}","templated":true}]}}