{"id":15496,"date":"2024-06-14T11:48:08","date_gmt":"2024-06-14T14:48:08","guid":{"rendered":"https:\/\/jobstore.cl\/?post_type=product&#038;p=15496"},"modified":"2024-06-29T13:07:39","modified_gmt":"2024-06-29T16:07:39","slug":"case-de-silicona-antimicrobiana-decoded-para-iphone-15-negro","status":"publish","type":"product","link":"https:\/\/jobstore.cl\/index.php\/product\/case-de-silicona-antimicrobiana-decoded-para-iphone-15-negro\/","title":{"rendered":"Case de silicona antimicrobiana DECODED para iPhone 15 &#8211; Negro"},"content":{"rendered":"<p><span class=\"Y2IQFc\" lang=\"es\">Adopte la elegancia y la durabilidad con la cubierta trasera de silicona DECODED para iPhone 15. Fabricada con poliuretano de alta calidad e infundida con material antimicrobiano, esta funda ofrece perfecta compatibilidad con MagSafe y protecci\u00f3n mejorada contra ca\u00eddas. Disfrute de una funcionalidad superior con botones met\u00e1licos y protecci\u00f3n adicional para la pantalla y la c\u00e1mara. Se presenta en envases ecol\u00f3gicos y sin pl\u00e1stico. Mejora tu experiencia con el iPhone 15 en estilo, higiene y utilidad.<\/span><\/p>\n","protected":false},"excerpt":{"rendered":"<p>iPhone no incluido.<\/p>\n","protected":false},"featured_media":15499,"comment_status":"open","ping_status":"closed","template":"","meta":{"_joinchat":[]},"product_cat":[69],"product_tag":[609,448,607,583,608],"class_list":{"0":"post-15496","1":"product","2":"type-product","3":"status-publish","4":"has-post-thumbnail","6":"product_cat-mac","7":"product_tag-black","8":"product_tag-carcasa","9":"product_tag-decoded","10":"product_tag-iphone-15","11":"product_tag-micro-bacteriana","13":"first","14":"instock","15":"shipping-taxable","16":"purchasable","17":"product-type-simple"},"_links":{"self":[{"href":"https:\/\/jobstore.cl\/index.php\/wp-json\/wp\/v2\/product\/15496","targetHints":{"allow":["GET"]}}],"collection":[{"href":"https:\/\/jobstore.cl\/index.php\/wp-json\/wp\/v2\/product"}],"about":[{"href":"https:\/\/jobstore.cl\/index.php\/wp-json\/wp\/v2\/types\/product"}],"replies":[{"embeddable":true,"href":"https:\/\/jobstore.cl\/index.php\/wp-json\/wp\/v2\/comments?post=15496"}],"version-history":[{"count":1,"href":"https:\/\/jobstore.cl\/index.php\/wp-json\/wp\/v2\/product\/15496\/revisions"}],"predecessor-version":[{"id":15500,"href":"https:\/\/jobstore.cl\/index.php\/wp-json\/wp\/v2\/product\/15496\/revisions\/15500"}],"wp:featuredmedia":[{"embeddable":true,"href":"https:\/\/jobstore.cl\/index.php\/wp-json\/wp\/v2\/media\/15499"}],"wp:attachment":[{"href":"https:\/\/jobstore.cl\/index.php\/wp-json\/wp\/v2\/media?parent=15496"}],"wp:term":[{"taxonomy":"product_cat","embeddable":true,"href":"https:\/\/jobstore.cl\/index.php\/wp-json\/wp\/v2\/product_cat?post=15496"},{"taxonomy":"product_tag","embeddable":true,"href":"https:\/\/jobstore.cl\/index.php\/wp-json\/wp\/v2\/product_tag?post=15496"}],"curies":[{"name":"wp","href":"https:\/\/api.w.org\/{rel}","templated":true}]}}