{"id":15352,"date":"2024-05-03T17:33:24","date_gmt":"2024-05-03T20:33:24","guid":{"rendered":"https:\/\/jobstore.cl\/?post_type=product&#038;p=15352"},"modified":"2025-12-31T09:52:25","modified_gmt":"2025-12-31T12:52:25","slug":"decoded-funda-piel-magsafe-con-billetera-iphone-13-pro-brown-chocolat","status":"publish","type":"product","link":"https:\/\/jobstore.cl\/index.php\/product\/decoded-funda-piel-magsafe-con-billetera-iphone-13-pro-brown-chocolat\/","title":{"rendered":"DECODED FUNDA PIEL MAGSAFE CON BILLETERA IPHONE 13 PRO BROWN CHOCOLAT"},"content":{"rendered":"<p>Practicidad y elegancia en el d\u00eda a d\u00eda gracias a esta funda de piel desmontable con billetera incorporada de Decoded para iPhone 13 Pro. Un tacto inconfundible gracias al uso de las pieles nobles de los maestros de ECCO Leather<\/p>\n","protected":false},"excerpt":{"rendered":"<h4><strong>ELEGANCIA PARA EL D\u00cdA A D\u00cdA<\/strong><\/h4>\n<p>Las fundas con billetera de DECODED son un aut\u00e9ntico \u00e9xito gracias a que combinan la practicidad de poder desmontar la carcasa cuando lo necesites y la nobleza de la piel aut\u00e9ntica de ECCO Leather utilizada en su fabricaci\u00f3n.<\/p>\n<p>El acabado en piel de grano completo de primera calidad presenta un aspecto cl\u00e1sico que combina a la perfecci\u00f3n en cualquier situaci\u00f3n. Tienes disponible esta billetera en 3 colores cl\u00e1sicos pero s\u00faper elegantes: negro, marr\u00f3n, azul marino y rosa.<\/p>\n<h4><strong>TODO EN UN \u00daNICO LUGAR<\/strong><\/h4>\n<p>La funda incorpora 3 ranuras para guardar diferentes tipos de tarjetas (tarjetas de cr\u00e9dito, tarjetas de identificaci\u00f3n, transporte, etc.), adem\u00e1s de espacio suficiente para guardar efectivo en billetes. Con el uso cada vez m\u00e1s normalizado del pago a trav\u00e9s del Apple Pay o el uso del Wallet, es una soluci\u00f3n ideal tambi\u00e9n para aquellos que quieran llevarlo todo en un \u00fanico lugar, sin preocuparse de nada m\u00e1s.<\/p>\n","protected":false},"featured_media":15355,"comment_status":"open","ping_status":"closed","template":"","meta":{"_joinchat":[]},"product_cat":[394,395],"product_tag":[],"class_list":{"0":"post-15352","1":"product","2":"type-product","3":"status-publish","4":"has-post-thumbnail","6":"product_cat-iphone-13","7":"product_cat-iphone-13-pro","9":"first","10":"outofstock","11":"shipping-taxable","12":"purchasable","13":"product-type-simple"},"_links":{"self":[{"href":"https:\/\/jobstore.cl\/index.php\/wp-json\/wp\/v2\/product\/15352","targetHints":{"allow":["GET"]}}],"collection":[{"href":"https:\/\/jobstore.cl\/index.php\/wp-json\/wp\/v2\/product"}],"about":[{"href":"https:\/\/jobstore.cl\/index.php\/wp-json\/wp\/v2\/types\/product"}],"replies":[{"embeddable":true,"href":"https:\/\/jobstore.cl\/index.php\/wp-json\/wp\/v2\/comments?post=15352"}],"version-history":[{"count":2,"href":"https:\/\/jobstore.cl\/index.php\/wp-json\/wp\/v2\/product\/15352\/revisions"}],"predecessor-version":[{"id":15358,"href":"https:\/\/jobstore.cl\/index.php\/wp-json\/wp\/v2\/product\/15352\/revisions\/15358"}],"wp:featuredmedia":[{"embeddable":true,"href":"https:\/\/jobstore.cl\/index.php\/wp-json\/wp\/v2\/media\/15355"}],"wp:attachment":[{"href":"https:\/\/jobstore.cl\/index.php\/wp-json\/wp\/v2\/media?parent=15352"}],"wp:term":[{"taxonomy":"product_cat","embeddable":true,"href":"https:\/\/jobstore.cl\/index.php\/wp-json\/wp\/v2\/product_cat?post=15352"},{"taxonomy":"product_tag","embeddable":true,"href":"https:\/\/jobstore.cl\/index.php\/wp-json\/wp\/v2\/product_tag?post=15352"}],"curies":[{"name":"wp","href":"https:\/\/api.w.org\/{rel}","templated":true}]}}