{"id":15143,"date":"2024-02-28T12:03:18","date_gmt":"2024-02-28T15:03:18","guid":{"rendered":"https:\/\/jobstore.cl\/?post_type=product&#038;p=15143"},"modified":"2026-01-02T10:27:17","modified_gmt":"2026-01-02T13:27:17","slug":"audifonos-apple-earpods-con-conector-usb-c","status":"publish","type":"product","link":"https:\/\/jobstore.cl\/index.php\/product\/audifonos-apple-earpods-con-conector-usb-c\/","title":{"rendered":"Aud\u00edfonos Apple EarPods con Conector USB-C"},"content":{"rendered":"<div class=\"para-list as-pdp-lastparalist\">\n<p>A diferencia de los aud\u00edfonos circulares tradicionales, el dise\u00f1o de los EarPods se basa en la geometr\u00eda del o\u00eddo, lo que los hace m\u00e1s c\u00f3modos de usar que cualquier otro aud\u00edfono similar.<\/p>\n<\/div>\n<div class=\"para-list as-pdp-lastparalist\">\n<p>Los parlantes del interior de los EarPods se dise\u00f1aron para mejorar la calidad del sonido. \u00bfEl resultado? Un audio de alta calidad.<\/p>\n<\/div>\n<div class=\"para-list as-pdp-lastparalist\">\n<p>Los EarPods con conector USB-C tambi\u00e9n incluyen un control remoto integrado que te permite ajustar el volumen, controlar la reproducci\u00f3n de musica y videos, y contestar o finalizar llamadas con s\u00f3lo presionar un bot\u00f3n.<\/p>\n<\/div>\n<span style='display:inline;'><input type='hidden' bg_collapse_expand='69e4c1a96e1874047753591' value='69e4c1a96e1874047753591'><input type='hidden' id='bg-show-more-text-69e4c1a96e1874047753591' value='Ver Mas'><input type='hidden' id='bg-show-less-text-69e4c1a96e1874047753591' value='Ver Menos'><a id='bg-showmore-action-69e4c1a96e1874047753591' class='bg-showmore-plg-link  '  style=\" color:#FF0000;\" href='#'>Ver Mas<\/a><span id='bg-showmore-hidden-69e4c1a96e1874047753591' ><\/span><\/span>\n<p>&nbsp;<\/p>\n","protected":false},"excerpt":{"rendered":"<ul>\n<li>\n<div class=\"rc-pdsection-panel Highlights-panel row\">\n<div class=\"rc-pdsection-sidepanel column large-3 small-12\">\n<h3 class=\"rc-pdsection-title\" data-autom=\"sectionTitle\">Caracter\u00edsticas principales<\/h3>\n<\/div>\n<div class=\"rc-pdsection-mainpanel column large-9 small-12\">\n<div class=\"para-list\">\n<p>Dise\u00f1ados por Apple<\/p>\n<\/div>\n<div class=\"para-list\">\n<p>Graves profundos y ricos<\/p>\n<\/div>\n<div class=\"para-list\">\n<p>Resistencia al sudor y al agua<\/p>\n<\/div>\n<div class=\"para-list\">\n<p>Control de m\u00fasica y reproducci\u00f3n de videos<\/p>\n<\/div>\n<div class=\"para-list as-pdp-lastparalist\">\n<p>Contesta y finaliza llamadas<\/p>\n<\/div>\n<\/div>\n<\/div>\n<div class=\"rc-pdsection-panel WhatsInTheBox-panel row\">\n<div class=\"rc-pdsection-sidepanel column large-3 small-12\">\n<h3 class=\"rc-pdsection-title\" data-autom=\"sectionTitle\">\u00bfQu\u00e9 hay en la caja?<\/h3>\n<\/div>\n<div class=\"rc-pdsection-mainpanel column large-9 small-12\">\n<div class=\"para-list as-pdp-lastparalist\">\n<p>EarPods con conector USB-C<\/p>\n<\/div>\n<\/div>\n<\/div>\n<div class=\"rc-pdsection-panel SystemRequirements-panel row\">\n<div class=\"rc-pdsection-sidepanel column large-3 small-12\">\n<h3 class=\"rc-pdsection-title\" data-autom=\"sectionTitle\">Requisitos del sistema<\/h3>\n<\/div>\n<div class=\"rc-pdsection-mainpanel column large-9 small-12 rc-pdsection-mainpanel-nobullets\">\n<h4 class=\"h4-para-title\">Informaci\u00f3n sobre compatibilidad<\/h4>\n<div class=\"para-list\">\n<p>Modelos de Mac con USB-C y macOS Monterey 12.6 o posterior.<\/p>\n<\/div>\n<div class=\"para-list\">\n<p>Modelos de iPad con USB-C y iPadOS 16.4 o posterior.<\/p>\n<\/div>\n<div class=\"para-list as-pdp-lastparalist\">\n<p>Modelos de iPhone con USB-C y iOS 17 o posterior.<\/p>\n<\/div>\n<\/div>\n<\/div>\n<\/li>\n<\/ul>\n<p>&nbsp;<\/p>\n","protected":false},"featured_media":15150,"comment_status":"open","ping_status":"closed","template":"","meta":{"_joinchat":[]},"product_cat":[192,593,280,397],"product_tag":[],"class_list":{"0":"post-15143","1":"product","2":"type-product","3":"status-publish","4":"has-post-thumbnail","6":"product_brand-apple","7":"product_cat-accesorios","8":"product_cat-accesorios-apple","9":"product_cat-accesorios-iphone-accesorios-iphone","10":"product_cat-audio","12":"first","13":"outofstock","14":"sale","15":"featured","16":"shipping-taxable","17":"purchasable","18":"product-type-simple"},"_links":{"self":[{"href":"https:\/\/jobstore.cl\/index.php\/wp-json\/wp\/v2\/product\/15143","targetHints":{"allow":["GET"]}}],"collection":[{"href":"https:\/\/jobstore.cl\/index.php\/wp-json\/wp\/v2\/product"}],"about":[{"href":"https:\/\/jobstore.cl\/index.php\/wp-json\/wp\/v2\/types\/product"}],"replies":[{"embeddable":true,"href":"https:\/\/jobstore.cl\/index.php\/wp-json\/wp\/v2\/comments?post=15143"}],"version-history":[{"count":2,"href":"https:\/\/jobstore.cl\/index.php\/wp-json\/wp\/v2\/product\/15143\/revisions"}],"predecessor-version":[{"id":15151,"href":"https:\/\/jobstore.cl\/index.php\/wp-json\/wp\/v2\/product\/15143\/revisions\/15151"}],"wp:featuredmedia":[{"embeddable":true,"href":"https:\/\/jobstore.cl\/index.php\/wp-json\/wp\/v2\/media\/15150"}],"wp:attachment":[{"href":"https:\/\/jobstore.cl\/index.php\/wp-json\/wp\/v2\/media?parent=15143"}],"wp:term":[{"taxonomy":"product_cat","embeddable":true,"href":"https:\/\/jobstore.cl\/index.php\/wp-json\/wp\/v2\/product_cat?post=15143"},{"taxonomy":"product_tag","embeddable":true,"href":"https:\/\/jobstore.cl\/index.php\/wp-json\/wp\/v2\/product_tag?post=15143"}],"curies":[{"name":"wp","href":"https:\/\/api.w.org\/{rel}","templated":true}]}}