{"id":15037,"date":"2023-12-23T12:11:22","date_gmt":"2023-12-23T15:11:22","guid":{"rendered":"https:\/\/jobstore.cl\/?post_type=product&#038;p=15037"},"modified":"2026-04-13T14:43:19","modified_gmt":"2026-04-13T17:43:19","slug":"adaptador-de-usb-c-a-lightning-apple","status":"publish","type":"product","link":"https:\/\/jobstore.cl\/index.php\/product\/adaptador-de-usb-c-a-lightning-apple\/","title":{"rendered":"Adaptador de USB-C a Lightning Apple"},"content":{"rendered":"<p>El adaptador de USB-C a Lightning te permite conectar el iPhone o iPad con puerto USB-C a varios accesorios Lightning para cargarlos y transferir datos y audio con un solo adaptador. Adem\u00e1s, tiene un cable trenzado que le brinda mayor resistencia.<\/p>\n<p>Conecta el extremo USB-C del adaptador al puerto USB-C de tu iPhone o iPad y luego conecta tu accesorio Lightning.<\/p>\n<p>Este adaptador es compatible con la mayor\u00eda de los autos, incluso los que tienen CarPlay. Tambi\u00e9n puedes conectar directamente un cable USB de tu auto al USB-C del iPhone. Obt\u00e9n m\u00e1s informaci\u00f3n sobre la compatibilidad en <a href=\"https:\/\/support.apple.com\/es-cl\/HT213889\">este art\u00edculo<\/a>.<\/p>\n","protected":false},"excerpt":{"rendered":"<p>El adaptador de USB-C a Lightning te permite conectar el iPhone o iPad con puerto USB-C a varios accesorios Lightning para cargarlos y transferir datos y audio con un solo adaptador. Adem\u00e1s, tiene un cable trenzado que le brinda mayor resistencia.<\/p>\n<p>Conecta el extremo USB-C del adaptador al puerto USB-C de tu iPhone o iPad y luego conecta tu accesorio Lightning.<\/p>\n<p>Este adaptador es compatible con la mayor\u00eda de los autos, incluso los que tienen CarPlay. Tambi\u00e9n puedes conectar directamente un cable USB de tu auto al USB-C del iPhone. Obt\u00e9n m\u00e1s informaci\u00f3n sobre la compatibilidad en <a href=\"https:\/\/support.apple.com\/es-cl\/HT213889\">este art\u00edculo<\/a>.<\/p>\n","protected":false},"featured_media":15039,"comment_status":"open","ping_status":"closed","template":"","meta":{"_joinchat":[]},"product_cat":[192,593],"product_tag":[594,563,595,596],"class_list":{"0":"post-15037","1":"product","2":"type-product","3":"status-publish","4":"has-post-thumbnail","6":"product_brand-apple","7":"product_cat-accesorios","8":"product_cat-accesorios-apple","9":"product_tag-adaptador","10":"product_tag-apple","11":"product_tag-car-play","12":"product_tag-lightning","14":"first","15":"outofstock","16":"sale","17":"shipping-taxable","18":"purchasable","19":"product-type-simple"},"_links":{"self":[{"href":"https:\/\/jobstore.cl\/index.php\/wp-json\/wp\/v2\/product\/15037","targetHints":{"allow":["GET"]}}],"collection":[{"href":"https:\/\/jobstore.cl\/index.php\/wp-json\/wp\/v2\/product"}],"about":[{"href":"https:\/\/jobstore.cl\/index.php\/wp-json\/wp\/v2\/types\/product"}],"replies":[{"embeddable":true,"href":"https:\/\/jobstore.cl\/index.php\/wp-json\/wp\/v2\/comments?post=15037"}],"version-history":[{"count":1,"href":"https:\/\/jobstore.cl\/index.php\/wp-json\/wp\/v2\/product\/15037\/revisions"}],"predecessor-version":[{"id":15041,"href":"https:\/\/jobstore.cl\/index.php\/wp-json\/wp\/v2\/product\/15037\/revisions\/15041"}],"wp:featuredmedia":[{"embeddable":true,"href":"https:\/\/jobstore.cl\/index.php\/wp-json\/wp\/v2\/media\/15039"}],"wp:attachment":[{"href":"https:\/\/jobstore.cl\/index.php\/wp-json\/wp\/v2\/media?parent=15037"}],"wp:term":[{"taxonomy":"product_cat","embeddable":true,"href":"https:\/\/jobstore.cl\/index.php\/wp-json\/wp\/v2\/product_cat?post=15037"},{"taxonomy":"product_tag","embeddable":true,"href":"https:\/\/jobstore.cl\/index.php\/wp-json\/wp\/v2\/product_tag?post=15037"}],"curies":[{"name":"wp","href":"https:\/\/api.w.org\/{rel}","templated":true}]}}