{"id":15009,"date":"2023-12-23T11:25:52","date_gmt":"2023-12-23T14:25:52","guid":{"rendered":"https:\/\/jobstore.cl\/?post_type=product&#038;p=15009"},"modified":"2026-01-07T11:19:13","modified_gmt":"2026-01-07T14:19:13","slug":"funda-silicona-con-magsafe-para-iphone-15-plus-graphito","status":"publish","type":"product","link":"https:\/\/jobstore.cl\/index.php\/product\/funda-silicona-con-magsafe-para-iphone-15-plus-graphito\/","title":{"rendered":"Funda silicona con MagSafe para iPhone 15 Plus Graphito"},"content":{"rendered":"<table>\n<tbody>\n<tr>\n<td><strong>Compatibilidad<\/strong><\/td>\n<td>iPhone 15\u00a0Plus<\/p>\n<p>&nbsp;<\/td>\n<\/tr>\n<tr>\n<td><strong>Pa\u00eds de origen<\/strong><\/td>\n<td>China<\/p>\n<p>&nbsp;<\/td>\n<\/tr>\n<\/tbody>\n<\/table>\n","protected":false},"excerpt":{"rendered":"<p>La funda Back Cover de Decoded est\u00e1 hecha con silicona de alto rendimiento y asegura un buen agarre con una textura suave como la seda. Ha sido dise\u00f1ada para proteger tu iPhone de golpes y ca\u00eddas y tiene un bisel elevado para ayudar a prevenir rayones en la pantalla. Hecha para una protecci\u00f3n m\u00e1xima, tiene una parte inferior completamente cubierta que asegura un ajuste firme.<\/p>\n<ul>\n<li>Hecha de silicona de alto rendimiento para un mejor agarre<\/li>\n<li>Protecci\u00f3n antibacteriana integrada<\/li>\n<li>Bisel levantado ayuda a prevenir rayones<\/li>\n<li>Cubre completamente la parte inferior para un ajuste firme<\/li>\n<li>Compatible con cargadores inal\u00e1mbricos y MagSafe<\/li>\n<li>Forro interior de microfibra<\/li>\n<\/ul>\n<p>&nbsp;<\/p>\n<p>Accesorios MagSafe se venden por separado.<\/p>\n","protected":false},"featured_media":15015,"comment_status":"open","ping_status":"closed","template":"","meta":{"_joinchat":[]},"product_cat":[192],"product_tag":[448,586,587,585,584],"class_list":{"0":"post-15009","1":"product","2":"type-product","3":"status-publish","4":"has-post-thumbnail","6":"product_cat-accesorios","7":"product_tag-carcasa","8":"product_tag-case","9":"product_tag-compatible","10":"product_tag-iphone-15-plus","11":"product_tag-magsafe","13":"first","14":"outofstock","15":"sale","16":"shipping-taxable","17":"purchasable","18":"product-type-simple"},"_links":{"self":[{"href":"https:\/\/jobstore.cl\/index.php\/wp-json\/wp\/v2\/product\/15009","targetHints":{"allow":["GET"]}}],"collection":[{"href":"https:\/\/jobstore.cl\/index.php\/wp-json\/wp\/v2\/product"}],"about":[{"href":"https:\/\/jobstore.cl\/index.php\/wp-json\/wp\/v2\/types\/product"}],"replies":[{"embeddable":true,"href":"https:\/\/jobstore.cl\/index.php\/wp-json\/wp\/v2\/comments?post=15009"}],"version-history":[{"count":1,"href":"https:\/\/jobstore.cl\/index.php\/wp-json\/wp\/v2\/product\/15009\/revisions"}],"predecessor-version":[{"id":15016,"href":"https:\/\/jobstore.cl\/index.php\/wp-json\/wp\/v2\/product\/15009\/revisions\/15016"}],"wp:featuredmedia":[{"embeddable":true,"href":"https:\/\/jobstore.cl\/index.php\/wp-json\/wp\/v2\/media\/15015"}],"wp:attachment":[{"href":"https:\/\/jobstore.cl\/index.php\/wp-json\/wp\/v2\/media?parent=15009"}],"wp:term":[{"taxonomy":"product_cat","embeddable":true,"href":"https:\/\/jobstore.cl\/index.php\/wp-json\/wp\/v2\/product_cat?post=15009"},{"taxonomy":"product_tag","embeddable":true,"href":"https:\/\/jobstore.cl\/index.php\/wp-json\/wp\/v2\/product_tag?post=15009"}],"curies":[{"name":"wp","href":"https:\/\/api.w.org\/{rel}","templated":true}]}}