{"id":14302,"date":"2023-05-23T15:21:53","date_gmt":"2023-05-23T18:21:53","guid":{"rendered":"https:\/\/jobstore.cl\/?post_type=product&#038;p=14302"},"modified":"2025-03-06T18:25:21","modified_gmt":"2025-03-06T21:25:21","slug":"carcasa-iphone-14-pro-clear-case","status":"publish","type":"product","link":"https:\/\/jobstore.cl\/index.php\/product\/carcasa-iphone-14-pro-clear-case\/","title":{"rendered":"Carcasa iPhone 14 Pro Clear Case"},"content":{"rendered":"<p>La funda Clear Case de Woodcessories est\u00e1 fabricada con una mezcla de almid\u00f3n vegetal, trigo y paja\u00a0que\u00a0protegen tu iPhone de forma natural. La parte trasera transparente est\u00e1 hecha de material vegetal 100% natural y es completamente compostable. Adem\u00e1s, el marco est\u00e1 reforzado con un 15% de poliuretano\u00a0reciclado para que la funda siga siendo robusta y pueda acompa\u00f1arte en el d\u00eda a d\u00eda durante mucho tiempo.<\/p>\n<ul>\n<li>Funda fabricada\u00a0conmateriales org\u00e1nicos\u00a0(trigo y paja)<\/li>\n<li>Compatible con accesorios MagSafe<\/li>\n<li>Innovadora capa protectora contra ara\u00f1azos y da\u00f1os<\/li>\n<li>Protecci\u00f3n certificada contra ca\u00eddas con reducci\u00f3n de golpes<\/li>\n<li>Dise\u00f1o personalizable\u00a0gracias a los botones intercambiables<\/li>\n<\/ul>\n<h1><\/h1>\n<h1 class=\"product-title\"><\/h1>\n","protected":false},"excerpt":{"rendered":"<h1 class=\"product-title\">Funda Woodcessories Clear Case MagSafe para iPhone 14 Pro &#8211; Blanco hueso \/ Transparente<\/h1>\n","protected":false},"featured_media":14303,"comment_status":"open","ping_status":"closed","template":"","meta":{"_joinchat":[]},"product_cat":[280],"product_tag":[],"class_list":{"0":"post-14302","1":"product","2":"type-product","3":"status-publish","4":"has-post-thumbnail","6":"product_cat-accesorios-iphone-accesorios-iphone","8":"first","9":"instock","10":"sale","11":"shipping-taxable","12":"purchasable","13":"product-type-simple"},"_links":{"self":[{"href":"https:\/\/jobstore.cl\/index.php\/wp-json\/wp\/v2\/product\/14302","targetHints":{"allow":["GET"]}}],"collection":[{"href":"https:\/\/jobstore.cl\/index.php\/wp-json\/wp\/v2\/product"}],"about":[{"href":"https:\/\/jobstore.cl\/index.php\/wp-json\/wp\/v2\/types\/product"}],"replies":[{"embeddable":true,"href":"https:\/\/jobstore.cl\/index.php\/wp-json\/wp\/v2\/comments?post=14302"}],"version-history":[{"count":3,"href":"https:\/\/jobstore.cl\/index.php\/wp-json\/wp\/v2\/product\/14302\/revisions"}],"predecessor-version":[{"id":14436,"href":"https:\/\/jobstore.cl\/index.php\/wp-json\/wp\/v2\/product\/14302\/revisions\/14436"}],"wp:featuredmedia":[{"embeddable":true,"href":"https:\/\/jobstore.cl\/index.php\/wp-json\/wp\/v2\/media\/14303"}],"wp:attachment":[{"href":"https:\/\/jobstore.cl\/index.php\/wp-json\/wp\/v2\/media?parent=14302"}],"wp:term":[{"taxonomy":"product_cat","embeddable":true,"href":"https:\/\/jobstore.cl\/index.php\/wp-json\/wp\/v2\/product_cat?post=14302"},{"taxonomy":"product_tag","embeddable":true,"href":"https:\/\/jobstore.cl\/index.php\/wp-json\/wp\/v2\/product_tag?post=14302"}],"curies":[{"name":"wp","href":"https:\/\/api.w.org\/{rel}","templated":true}]}}