{"id":12674,"date":"2023-02-23T15:42:48","date_gmt":"2023-02-23T18:42:48","guid":{"rendered":"https:\/\/jobstore.cl\/?post_type=product&#038;p=12674"},"modified":"2023-03-17T17:12:22","modified_gmt":"2023-03-17T20:12:22","slug":"carcasa-para-iphone-13-transparente","status":"publish","type":"product","link":"https:\/\/jobstore.cl\/index.php\/product\/carcasa-para-iphone-13-transparente\/","title":{"rendered":"Carcasa para iPhone 13 &#8211; Transparente"},"content":{"rendered":"<h3 id=\"tw-target-text\" class=\"tw-data-text tw-text-large tw-ta\" dir=\"ltr\" data-placeholder=\"Traducci\u00f3n\"><span class=\"Y2IQFc\" lang=\"es\">\u2013 Protecci\u00f3n contra ca\u00eddas de 13 pies (4 m) <\/span><\/h3>\n<h3 class=\"tw-data-text tw-text-large tw-ta\" dir=\"ltr\" data-placeholder=\"Traducci\u00f3n\"><span class=\"Y2IQFc\" lang=\"es\">\u2013 Compatible con carga inal\u00e1mbrica <\/span><\/h3>\n<h3 class=\"tw-data-text tw-text-large tw-ta\" dir=\"ltr\" data-placeholder=\"Traducci\u00f3n\"><span class=\"Y2IQFc\" lang=\"es\">\u2013 Dise\u00f1o delgado: cabe f\u00e1cilmente en su bolsillo y c\u00f3modamente en su mano. <\/span><\/h3>\n<h3 class=\"tw-data-text tw-text-large tw-ta\" dir=\"ltr\" data-placeholder=\"Traducci\u00f3n\"><span class=\"Y2IQFc\" lang=\"es\">\u2013 Contiene pl\u00e1sticos reciclados <\/span><\/h3>\n<h3 class=\"tw-data-text tw-text-large tw-ta\" dir=\"ltr\" data-placeholder=\"Traducci\u00f3n\"><span class=\"Y2IQFc\" lang=\"es\">\u2013 Tratamiento Antimicrobiano <\/span><\/h3>\n<h3 class=\"tw-data-text tw-text-large tw-ta\" dir=\"ltr\" data-placeholder=\"Traducci\u00f3n\"><span class=\"Y2IQFc\" lang=\"es\">\u2013 Anti-amarilleo: esto asegura que su estuche se mantenga tan transparente como el d\u00eda que lo compr\u00f3.<\/span><\/h3>\n","protected":false},"excerpt":{"rendered":"<h3 id=\"tw-target-text\" class=\"tw-data-text tw-text-large tw-ta\" dir=\"ltr\" data-placeholder=\"Traducci\u00f3n\"><span class=\"Y2IQFc\" lang=\"es\">Crystal Palace es el material de protecci\u00f3n contra impactos m\u00e1s transparente, delgado y tiene el m\u00e1s avanzado del mundo (D30 Crystalex). Tambi\u00e9n contiene un agente antimicrobiano con propiedades integradas para proteger su estuche al inhibir el crecimiento de bacterias que causan olores y proteger contra la degradaci\u00f3n de los microorganismos.<\/span><\/h3>\n<h3 dir=\"ltr\" data-placeholder=\"Traducci\u00f3n\"><\/h3>\n<h3 dir=\"ltr\" data-placeholder=\"Traducci\u00f3n\"><\/h3>\n<h3 id=\"tw-target-text\" class=\"tw-data-text tw-text-large tw-ta\" dir=\"ltr\" data-placeholder=\"Traducci\u00f3n\"><\/h3>\n","protected":false},"featured_media":12681,"comment_status":"open","ping_status":"closed","template":"","meta":{"_joinchat":[]},"product_cat":[192,376,279,394],"product_tag":[],"class_list":{"0":"post-12674","1":"product","2":"type-product","3":"status-publish","4":"has-post-thumbnail","6":"product_cat-accesorios","7":"product_cat-carcasas","8":"product_cat-accesorios-iphone","9":"product_cat-iphone-13","11":"first","12":"instock","13":"sale","14":"shipping-taxable","15":"purchasable","16":"product-type-simple"},"_links":{"self":[{"href":"https:\/\/jobstore.cl\/index.php\/wp-json\/wp\/v2\/product\/12674","targetHints":{"allow":["GET"]}}],"collection":[{"href":"https:\/\/jobstore.cl\/index.php\/wp-json\/wp\/v2\/product"}],"about":[{"href":"https:\/\/jobstore.cl\/index.php\/wp-json\/wp\/v2\/types\/product"}],"replies":[{"embeddable":true,"href":"https:\/\/jobstore.cl\/index.php\/wp-json\/wp\/v2\/comments?post=12674"}],"version-history":[{"count":4,"href":"https:\/\/jobstore.cl\/index.php\/wp-json\/wp\/v2\/product\/12674\/revisions"}],"predecessor-version":[{"id":13520,"href":"https:\/\/jobstore.cl\/index.php\/wp-json\/wp\/v2\/product\/12674\/revisions\/13520"}],"wp:featuredmedia":[{"embeddable":true,"href":"https:\/\/jobstore.cl\/index.php\/wp-json\/wp\/v2\/media\/12681"}],"wp:attachment":[{"href":"https:\/\/jobstore.cl\/index.php\/wp-json\/wp\/v2\/media?parent=12674"}],"wp:term":[{"taxonomy":"product_cat","embeddable":true,"href":"https:\/\/jobstore.cl\/index.php\/wp-json\/wp\/v2\/product_cat?post=12674"},{"taxonomy":"product_tag","embeddable":true,"href":"https:\/\/jobstore.cl\/index.php\/wp-json\/wp\/v2\/product_tag?post=12674"}],"curies":[{"name":"wp","href":"https:\/\/api.w.org\/{rel}","templated":true}]}}