{"id":11776,"date":"2022-11-29T12:45:02","date_gmt":"2022-11-29T15:45:02","guid":{"rendered":"https:\/\/jobstore.cl\/?post_type=product&#038;p=11776"},"modified":"2023-03-17T12:18:43","modified_gmt":"2023-03-17T15:18:43","slug":"apple-watch-s8-gps-45mm-aluminium-case-plata-correa-deportiva-blanca","status":"publish","type":"product","link":"https:\/\/jobstore.cl\/index.php\/product\/apple-watch-s8-gps-45mm-aluminium-case-plata-correa-deportiva-blanca\/","title":{"rendered":"Apple\u00a0Watch Serie 8 con GPS &#8211; Caja de Aluminio Color Plata de 45 mm \/ Correa Deportiva Blanca"},"content":{"rendered":"<h4>Una evoluci\u00f3n muy saludable.<\/h4>\n<p>El Apple Watch Series 8 viene con apps y sensores de salud avanzados con los que puedes hacerte un electrocardiograma<sup>1<\/sup>, medir tu frecuencia cardiaca y nivel de ox\u00edgeno en sangre2, y registrar cambios de temperatura<sup>3<\/sup> para obtener informaci\u00f3n relevante sobre tu ciclo menstrual.<sup>4<\/sup> Adem\u00e1s, incluye Detecci\u00f3n de Choques, datos sobre las fases del sue\u00f1o y m\u00e9tricas avanzadas de entrenamiento para ayudarte a llevar una vida m\u00e1s activa, saludable, segura y conectada.<\/p>\n<input type='hidden' bg_collapse_expand='69e069322f5452002570295' value='69e069322f5452002570295'><input type='hidden' id='bg-show-more-text-69e069322f5452002570295' value='Show More'><input type='hidden' id='bg-show-less-text-69e069322f5452002570295' value='Show Less'><button id='bg-showmore-action-69e069322f5452002570295' class='bg-showmore-plg-button bg-orange-button  '   style=\" color:#4a4949;\">Show More<\/button><div id='bg-showmore-hidden-69e069322f5452002570295' ><\/div>\n<ul>\n<li>Nuevo sensor de temperatura<sup>3<\/sup> que ayuda a calcular ovulaciones anteriores y llevar un registro avanzado del ciclo menstrual<sup>4<\/sup><\/li>\n<li>Mide tu nivel de ox\u00edgeno en sangre con una app y un sensor revolucionarios<sup>2<\/sup><\/li>\n<li>Hazte un electrocardiograma a cualquier hora y en cualquier lugar<sup>1<\/sup><\/li>\n<li>Recibe notificaciones de frecuencia cardiaca alta y baja, y de ritmo irregular<sup>1<\/sup><\/li>\n<li>Funcionalidades de seguridad avanzadas como Detecci\u00f3n de Ca\u00eddas, Emergencia SOS5 y Detecci\u00f3n de Choques<\/li>\n<li>App Entrenamiento mejorada con nuevas formas de entrenar y m\u00e9tricas avanzadas<\/li>\n<li>App Br\u00fajula completamente redise\u00f1ada con las funcionalidades Puntos de Referencia y Retornar<\/li>\n<li>Monitorea tu actividad diaria en el Apple Watch y revisa tus tendencias en la app Fitness del iPhone<\/li>\n<li>El cristal frontal m\u00e1s resistente a los golpes en un Apple Watch, con certificaci\u00f3n IP6X de resistencia al polvo, una mayor resistencia para actividades deportivas y dise\u00f1ado para nadar<sup>6<\/sup><\/li>\n<li>Llama y manda emails y mensajes con unos pocos toques<\/li>\n<li>Sincroniza\u00a0tus canciones y podcasts favoritos<\/li>\n<li>Gran pantalla siempre activa con dise\u00f1o de borde a borde<\/li>\n<li>Bater\u00eda para todo el d\u00eda y carga r\u00e1pida<sup>7<\/sup><\/li>\n<li>Lleva un registro de tus h\u00e1bitos al dormir y descubre cu\u00e1nto tiempo pasas en cada fase del sue\u00f1o: REM, sue\u00f1o ligero y sue\u00f1o profundo<\/li>\n<li>watchOS 9 viene con una app Entrenamiento mejorada, una nueva app Medicamentos, datos sobre las fases del sue\u00f1o y m\u00e1s informaci\u00f3n sobre la salud del coraz\u00f3n<\/li>\n<\/ul>\n<p>&nbsp;<\/p>\n<p>El Apple Watch Series 8 requiere un iPhone 8 o posterior con iOS 16 o posterior.<\/p>\n<ol>\n<li>La app ECG y la notificaci\u00f3n de ritmo irregular requieren las \u00faltimas versiones de watchOS y iOS, y no fueron dise\u00f1adas para que las usen menores de 22 a\u00f1os. La app ECG est\u00e1 disponible en el Apple Watch Series 4 o posterior (con excepci\u00f3n del Apple Watch SE). La notificaci\u00f3n de ritmo irregular no fue dise\u00f1ada para personas que hayan sido diagnosticadas con fibrilaci\u00f3n auricular.<\/li>\n<li>Las mediciones de la app Ox\u00edgeno en Sangre no est\u00e1n pensadas para usarse con fines m\u00e9dicos, como autodiagnosticarse o consultar a un doctor, sino que est\u00e1n dise\u00f1adas exclusivamente para prop\u00f3sitos de fitness y bienestar.<\/li>\n<li>El sensor de temperatura no es un dispositivo m\u00e9dico y no fue dise\u00f1ado para diagn\u00f3stico, tratamiento ni ning\u00fan otro prop\u00f3sito m\u00e9dico.<\/li>\n<li>La app Control del Ciclo no fue dise\u00f1ada para diagn\u00f3stico, tratamiento ni ning\u00fan otro prop\u00f3sito m\u00e9dico, incluido su uso como m\u00e9todo anticonceptivo o para favorecer la concepci\u00f3n.<\/li>\n<li>Emergencia SOS requiere conexi\u00f3n celular o llamadas por Wi-Fi a trav\u00e9s de la conexi\u00f3n a Internet de tu Apple Watch o de tu iPhone, que debe estar cerca.<\/li>\n<li>El Apple Watch Series 8 tiene una clasificaci\u00f3n de resistencia al agua de 50 metros seg\u00fan la norma ISO 22810:2010. Esto significa que puede usarse para actividades en aguas poco profundas, como nadar en una piscina o en el mar. Sin embargo, el Apple Watch Series 8 no debe usarse para buceo, esqu\u00ed acu\u00e1tico u otras actividades que impliquen agua a alta velocidad o inmersi\u00f3n profunda. La resistencia al agua no es una condici\u00f3n permanente y puede disminuir con el tiempo. Consulta support.apple.com\/es-cl\/HT205000 para obtener m\u00e1s informaci\u00f3n.<\/li>\n<li>La duraci\u00f3n de la bater\u00eda var\u00eda seg\u00fan el uso y la configuraci\u00f3n. Para obtener m\u00e1s informaci\u00f3n, visita apple.com\/cl\/batteries.<\/li>\n<li>El servicio celular requiere un plan de servicio m\u00f3vil. Para obtener m\u00e1s informaci\u00f3n, comun\u00edcate con tu proveedor de servicio. La conexi\u00f3n puede variar seg\u00fan la disponibilidad de la red. Visita apple.com\/cl\/watch\/cellular para conocer los operadores de servicio m\u00f3vil participantes y los requisitos. Consulta support.apple.com\/es-cl\/HT207578 para obtener instrucciones adicionales sobre la configuraci\u00f3n.<\/li>\n<\/ol>\n<table>\n<tbody>\n<tr>\n<td><\/td>\n<td><strong>41 mm<\/strong><\/p>\n<p><strong>\u00a0<\/strong><\/td>\n<td><strong>45 mm<\/strong><\/p>\n<p><strong>\u00a0<\/strong><\/td>\n<\/tr>\n<tr>\n<td><strong>Acabado<\/strong><\/td>\n<td colspan=\"2\">Aluminio o Acero inoxidable<\/p>\n<p>&nbsp;<\/td>\n<\/tr>\n<tr>\n<td><strong>Tama\u00f1o (caja)<\/strong><\/td>\n<td>Alto: 41 mm<\/p>\n<p>Ancho: 35 mm<\/p>\n<p>Grosor: 10,7 mm<\/p>\n<p>&nbsp;<\/td>\n<td>Alto: 45 mm<\/p>\n<p>Ancho: 38 mm<\/p>\n<p>Grosor: 10,7 mm<\/p>\n<p>&nbsp;<\/td>\n<\/tr>\n<tr>\n<td><strong>Peso (caja)<\/strong><\/td>\n<td>Aluminio: 32\u00a0g<\/p>\n<p>Acero: 42,3\u00a0g<\/p>\n<p>&nbsp;<\/td>\n<td>Aluminio: 38,8 g<\/p>\n<p>Acero: 51,5\u00a0g<\/p>\n<p>&nbsp;<\/td>\n<\/tr>\n<tr>\n<td><strong>Pantalla<\/strong><\/td>\n<td>Pantalla Retina OLED LTPO siempre activa<\/p>\n<p>Brillo de 1.000 nits<\/p>\n<p>352\u00a0x 430\u00a0pixeles<\/p>\n<p>\u00c1rea de visualizaci\u00f3n de 904,3\u00a0mm\u00b2<\/p>\n<p>Modelos de Aluminio: Vidrio\u00a0Ion-X<\/p>\n<p>Modelos de Acero: Cristal de zafiro<\/p>\n<p>&nbsp;<\/td>\n<td>Pantalla Retina OLED LTPO siempre activa<\/p>\n<p>Brillo de 1.000 nits<\/p>\n<p>396\u00a0x 484 pixeles<\/p>\n<p>\u00c1rea de visualizaci\u00f3n de 1.143,1\u00a0mm\u00b2<\/p>\n<p>Modelos de Aluminio: Vidrio\u00a0Ion-X<\/p>\n<p>Modelos de Acero: Cristal de zafiro<\/p>\n<p>&nbsp;<\/td>\n<\/tr>\n<tr>\n<td><strong>Procesador<\/strong><\/td>\n<td colspan=\"2\">Chip Apple S8 SiP con procesador de doble n\u00facleo de 64 bits<\/p>\n<p>Procesador inal\u00e1mbrico Apple W3<\/p>\n<p>Chip de banda ultraancha Apple U1<sup>10<\/sup><\/p>\n<p>&nbsp;<\/td>\n<\/tr>\n<tr>\n<td><strong>Sensores<\/strong><\/td>\n<td colspan=\"2\">GPS (L1), GLONASS, Galileo, QZSS y BeiDou<\/p>\n<p>Br\u00fajula<\/p>\n<p>Alt\u00edmetro siempre activo<\/p>\n<p>Sensor de ox\u00edgeno en sangre\u00a0(App Ox\u00edgeno en Sangre)<sup>4<\/sup><\/p>\n<p>Sensor el\u00e9ctrico de frecuencia cardiaca\u00a0(App ECG)<sup>5<\/sup><\/p>\n<p>Sensor \u00f3ptico de frecuencia cardiaca\u00a0de tercera\u00a0generaci\u00f3n<\/p>\n<p>Aceler\u00f3metro de alta fuerza g (Hasta 256 fuerzas g con Detecci\u00f3n de Ca\u00eddas y Detecci\u00f3n de Choques)<\/p>\n<p>Giroscopio de alto rango din\u00e1mico<\/p>\n<p>Emergencia SOS<sup>1<\/sup><\/p>\n<p>Llamadas de emergencia en el extranjero<sup>6<\/sup><\/p>\n<p>Sensor de luz ambiental<\/p>\n<p>Parlante<\/p>\n<p>Micr\u00f3fono<\/p>\n<p>GymKit<\/p>\n<p>Cubierta posterior de cristal de zafiro y cer\u00e1mica<\/p>\n<p>&nbsp;<\/td>\n<\/tr>\n<tr>\n<td><strong>Almacenamiento<\/strong><\/td>\n<td colspan=\"2\">32\u00a0GB<\/p>\n<p>&nbsp;<\/td>\n<\/tr>\n<tr>\n<td><strong>Resistencia al agua y al polvo<\/strong><\/td>\n<td colspan=\"2\">Hasta 50 m<sup>3<\/sup><\/p>\n<p>Certificaci\u00f3n IP6X<sup>2<\/sup><\/p>\n<p>&nbsp;<\/td>\n<\/tr>\n<tr>\n<td><strong>Conectividad<\/strong><\/td>\n<td colspan=\"2\">Todos los modelos:<\/p>\n<p>Wi-Fi (802.11b\/g\/n de 2,4 y 5 GHz)<\/p>\n<p>Bluetooth 5.0<\/p>\n<p>&nbsp;<\/p>\n<p>Modelos GPS + Cellular:<\/p>\n<p>4G LTE (Banda 1, 2, 3, 4, 5, 6, 7, 8, 18, 19, 20, 25, 26, 28, 39, 40, 41, 66)<sup>7<\/sup><\/p>\n<p>UMTS (2100, 1900, 1700\/2100, 900, 850 MHz)<sup>7<\/sup><\/p>\n<p>&nbsp;<\/td>\n<\/tr>\n<tr>\n<td><strong>Operadores compatibles<sup>7<\/sup><\/strong><\/td>\n<td colspan=\"2\"><img decoding=\"async\" src=\"https:\/\/d3tctca4ed2xlu.cloudfront.net\/images\/sectionated\/images\/292826\/attachments\/original\/logo_movistar.png\" alt=\"Movistar\" width=\"150\" \/><\/p>\n<p>&nbsp;<\/td>\n<\/tr>\n<tr>\n<td><strong>Bater\u00eda<\/strong><\/td>\n<td colspan=\"2\">Bater\u00eda de iones de litio recargable integrada<\/p>\n<p>Hasta 18 horas de duraci\u00f3n<sup>8<\/sup><\/p>\n<p>Cable de carga r\u00e1pida magn\u00e9tica con conector USB\u2011C<\/p>\n<p>&nbsp;<\/td>\n<\/tr>\n<tr>\n<td><strong>Requerimientos<\/strong><\/td>\n<td colspan=\"2\">iPhone 8\u00a0o posterior ejecutando\u00a0iOS 16 o\u00a0una versi\u00f3n posterior.<\/p>\n<p>&nbsp;<\/td>\n<\/tr>\n<tr>\n<td><strong>Incluye<\/strong><\/td>\n<td colspan=\"2\">Apple Watch Series 8<\/p>\n<p>Correa<\/p>\n<p>Cable de carga magn\u00e9tica\u00a0r\u00e1pida a USB-C de 1 m<\/p>\n<p>&nbsp;<\/td>\n<\/tr>\n<tr>\n<td><strong>Pa\u00eds de origen<\/strong><\/td>\n<td colspan=\"2\">China<\/p>\n<p>&nbsp;<\/td>\n<\/tr>\n<\/tbody>\n<\/table>\n<ol>\n<li>Apple Watch Series 8 (GPS + Cellular) pueden usar una conexi\u00f3n celular para la funcionalidad Emergencia SOS. Para usar esta funcionalidad en un Apple Watch sin conexi\u00f3n celular, es necesario que tu iPhone est\u00e9 cerca. Si tu iPhone no est\u00e1 cerca, el Apple Watch debe estar conectado a una red Wi-Fi conocida y tener la funcionalidad de llamadas por Wi-Fi configurada.<\/li>\n<li>El Apple Watch Series 8 tiene una clasificaci\u00f3n IP6X de resistencia al polvo.<\/li>\n<li>El Apple Watch Series 8 tiene una clasificaci\u00f3n de resistencia al agua de 50 metros seg\u00fan la norma ISO 22810:2010. Esto significa que puede usarse para actividades en aguas poco profundas, como nadar en una piscina o en el mar. Sin embargo, el Apple Watch Series 8 no debe usarse para buceo, esqu\u00ed acu\u00e1tico u otras actividades que impliquen agua a alta velocidad o inmersi\u00f3n profunda. La resistencia al agua no es una condici\u00f3n permanente y puede disminuir con el tiempo. Consulta support.apple.com\/es-cl\/HT205000 para obtener m\u00e1s informaci\u00f3n.<\/li>\n<li>Las mediciones de la app Ox\u00edgeno en Sangre no est\u00e1n pensadas para usarse con fines m\u00e9dicos, como autodiagnosticarse o consultar a un doctor, sino que est\u00e1n dise\u00f1adas exclusivamente para prop\u00f3sitos de fitness y bienestar.<\/li>\n<li>La app ECG y la notificaci\u00f3n de ritmo irregular requieren las \u00faltimas versiones de watchOS y iOS, y no fueron dise\u00f1adas para que las usen menores de 22 a\u00f1os. La app ECG est\u00e1 disponible en el Apple Watch Series 4 o posterior (con excepci\u00f3n del Apple Watch SE). La notificaci\u00f3n de ritmo irregular no fue dise\u00f1ada para personas que hayan sido diagnosticadas con fibrilaci\u00f3n auricular.<\/li>\n<li>La funcionalidad de llamadas de emergencia en el extranjero requiere un Apple Watch Ultra (Cellular), Apple Watch Series 8 (GPS + Cellular), Apple Watch Series 7 (GPS + Cellular) o Apple Watch SE (GPS + Cellular). Para ver la lista de pa\u00edses y regiones donde est\u00e1 disponible esta funcionalidad, visita apple.com\/cl\/watchos\/feature-availability.<\/li>\n<li>El servicio celular requiere un plan de servicio m\u00f3vil. Para obtener m\u00e1s informaci\u00f3n, comun\u00edcate con tu proveedor de servicio. La conexi\u00f3n puede variar seg\u00fan la disponibilidad de la red. Visita apple.com\/cl\/watch\/cellular para conocer los operadores de servicio m\u00f3vil participantes y los requisitos. Consulta support.apple.com\/es-cl\/HT207578 para obtener instrucciones adicionales sobre la configuraci\u00f3n.<\/li>\n<li>La duraci\u00f3n de la bater\u00eda para todo el d\u00eda se basa en el siguiente uso: 90 consultas de hora, 90 notificaciones, 45 minutos de uso de apps y un entrenamiento de 60 minutos con reproducci\u00f3n de m\u00fasica desde el Apple Watch a trav\u00e9s de Bluetooth, durante 18 horas. El uso del Apple Watch Series 8 (GPS) incluye conexi\u00f3n a un iPhone a trav\u00e9s de Bluetooth durante la prueba completa de 18 horas. El uso del Apple Watch Series 8 (GPS + Cellular) incluye un total de 4 horas de conexi\u00f3n LTE y 14 horas de conexi\u00f3n a un iPhone a trav\u00e9s de Bluetooth durante 18 horas. Pruebas realizadas por Apple en agosto de 2022 con unidades Apple Watch Series 8 (GPS) y Apple Watch Series 8 (GPS + Cellular) en preproducci\u00f3n, cada una enlazada con un iPhone. Todos los dispositivos fueron probados con versiones preliminares de software. La duraci\u00f3n de la bater\u00eda var\u00eda seg\u00fan el uso, la configuraci\u00f3n, la red celular, la intensidad de la se\u00f1al y muchos otros factores; los resultados reales pueden ser diferentes.<\/li>\n<li>Una parte de lo recaudado con la venta de cada (PRODUCT)RED se destinar\u00e1 al Fondo Mundial de lucha contra el sida con (RED). A partir de ahora y hasta el 31 de diciembre de 2022, la mitad de estos ingresos se destinar\u00e1n al Fondo Mundial de respuesta al COVID-19 para mitigar el impacto del COVID-19 en la lucha contra el sida.<\/li>\n<li>La disponibilidad de la banda ultraancha var\u00eda seg\u00fan la regi\u00f3n.<\/li>\n<\/ol>\n","protected":false},"excerpt":{"rendered":"<p>Una evoluci\u00f3n muy saludable. El Apple Watch Series 8 viene con apps y sensores de salud avanzados con los que puedes hacerte un electrocardiograma1, medir tu<span class=\"excerpt-hellip\"> [\u2026]<\/span><\/p>\n","protected":false},"featured_media":11777,"comment_status":"open","ping_status":"closed","template":"","meta":{"_joinchat":[]},"product_cat":[458],"product_tag":[550,549],"class_list":{"0":"post-11776","1":"product","2":"type-product","3":"status-publish","4":"has-post-thumbnail","6":"product_cat-apple-watch","7":"product_tag-apple-watch-8","8":"product_tag-mp6n3be-a","10":"first","11":"outofstock","12":"sale","13":"shipping-taxable","14":"purchasable","15":"product-type-simple"},"_links":{"self":[{"href":"https:\/\/jobstore.cl\/index.php\/wp-json\/wp\/v2\/product\/11776","targetHints":{"allow":["GET"]}}],"collection":[{"href":"https:\/\/jobstore.cl\/index.php\/wp-json\/wp\/v2\/product"}],"about":[{"href":"https:\/\/jobstore.cl\/index.php\/wp-json\/wp\/v2\/types\/product"}],"replies":[{"embeddable":true,"href":"https:\/\/jobstore.cl\/index.php\/wp-json\/wp\/v2\/comments?post=11776"}],"version-history":[{"count":4,"href":"https:\/\/jobstore.cl\/index.php\/wp-json\/wp\/v2\/product\/11776\/revisions"}],"predecessor-version":[{"id":13485,"href":"https:\/\/jobstore.cl\/index.php\/wp-json\/wp\/v2\/product\/11776\/revisions\/13485"}],"wp:featuredmedia":[{"embeddable":true,"href":"https:\/\/jobstore.cl\/index.php\/wp-json\/wp\/v2\/media\/11777"}],"wp:attachment":[{"href":"https:\/\/jobstore.cl\/index.php\/wp-json\/wp\/v2\/media?parent=11776"}],"wp:term":[{"taxonomy":"product_cat","embeddable":true,"href":"https:\/\/jobstore.cl\/index.php\/wp-json\/wp\/v2\/product_cat?post=11776"},{"taxonomy":"product_tag","embeddable":true,"href":"https:\/\/jobstore.cl\/index.php\/wp-json\/wp\/v2\/product_tag?post=11776"}],"curies":[{"name":"wp","href":"https:\/\/api.w.org\/{rel}","templated":true}]}}