{"id":11209,"date":"2022-10-19T17:59:43","date_gmt":"2022-10-19T20:59:43","guid":{"rendered":"https:\/\/jobstore.cl\/?post_type=product&#038;p=11209"},"modified":"2025-01-21T18:01:25","modified_gmt":"2025-01-21T21:01:25","slug":"protector-de-pantalla-para-iphone-13-13-pro-2","status":"publish","type":"product","link":"https:\/\/jobstore.cl\/index.php\/product\/protector-de-pantalla-para-iphone-13-13-pro-2\/","title":{"rendered":"Vidrio Templado para iPhone 13 \/ 13 Pro Curved"},"content":{"rendered":"<p>Este protector de pantalla antirrelfejo marca Dotfes brinda una m\u00e1xima protecci\u00f3n y pr\u00edstina visibilidad para la pantalla de tu iPhone. Esto es posible al reducir los reflejos tanto de la luz del sol como de la luz artificial, te permite apreciar la pantalla de forma m\u00e1s c\u00f3moda incluso en entornos luminosos y brillantes.<\/p>\n<span style='display:inline;'><input type='hidden' bg_collapse_expand='69e0152882d573009635808' value='69e0152882d573009635808'><input type='hidden' id='bg-show-more-text-69e0152882d573009635808' value='Ver Mas'><input type='hidden' id='bg-show-less-text-69e0152882d573009635808' value='Ver Menos'><a id='bg-showmore-action-69e0152882d573009635808' class='bg-showmore-plg-link  '  style=\" color:#FF0000;\" href='#'>Ver Mas<\/a><span id='bg-showmore-hidden-69e0152882d573009635808' ><\/p>\n<p><b>Protecci\u00f3n mejorada<\/b><\/p>\n<p>El protector no s\u00f3lo evita da\u00f1os visuales y mantiene el aspecto de tu iPhone como nuevo, tambi\u00e9n conserva la funcionalidad de la pantalla Multi-Touch.<\/p>\n<p><b>Ultra Thin (delgado)<\/b><\/p>\n<p>El grosor del protector de pantalla antirreflejo de Dotfes para iPhone es ultra delgado manteniendo una\u00a0Protecci\u00f3n 9h anti rallas ( Mohs, una escala de dureza de materiales que va del 1 al 10), es ligero y \u00a0conserva la sensibilidad de la pantalla Multi-Touch. Reduce las posibilidades de da\u00f1ar tu iPhone ante rallas y reducir los da\u00f1os ante ca\u00eddas *<\/p>\n<ul>\n<li>El producto no garantiza quebraduras ante ca\u00eddas.<\/li>\n<li>iPhone No incluido<\/li>\n<li>99% Anti reflejo<\/li>\n<li>98 % Anti UVA UVB<\/li>\n<\/ul>\n<p><\/span><\/span>\n<p>&nbsp;<\/p>\n","protected":false},"excerpt":{"rendered":"<p>Este protector de pantalla antirrelfejo marca Dotfes brinda una m\u00e1xima protecci\u00f3n y pr\u00edstina visibilidad para la pantalla de tu iPhone. Esto es posible al reducir los<span class=\"excerpt-hellip\"> [\u2026]<\/span><\/p>\n","protected":false},"featured_media":6996,"comment_status":"open","ping_status":"closed","template":"","meta":{"_joinchat":[]},"product_cat":[192,280,611,436],"product_tag":[],"class_list":{"0":"post-11209","1":"product","2":"type-product","3":"status-publish","4":"has-post-thumbnail","6":"product_cat-accesorios","7":"product_cat-accesorios-iphone-accesorios-iphone","8":"product_cat-tempered-glass","9":"product_cat-laminas-de-vidrio-templado","11":"first","12":"outofstock","13":"sale","14":"shipping-taxable","15":"purchasable","16":"product-type-simple"},"_links":{"self":[{"href":"https:\/\/jobstore.cl\/index.php\/wp-json\/wp\/v2\/product\/11209","targetHints":{"allow":["GET"]}}],"collection":[{"href":"https:\/\/jobstore.cl\/index.php\/wp-json\/wp\/v2\/product"}],"about":[{"href":"https:\/\/jobstore.cl\/index.php\/wp-json\/wp\/v2\/types\/product"}],"replies":[{"embeddable":true,"href":"https:\/\/jobstore.cl\/index.php\/wp-json\/wp\/v2\/comments?post=11209"}],"version-history":[{"count":6,"href":"https:\/\/jobstore.cl\/index.php\/wp-json\/wp\/v2\/product\/11209\/revisions"}],"predecessor-version":[{"id":15746,"href":"https:\/\/jobstore.cl\/index.php\/wp-json\/wp\/v2\/product\/11209\/revisions\/15746"}],"wp:featuredmedia":[{"embeddable":true,"href":"https:\/\/jobstore.cl\/index.php\/wp-json\/wp\/v2\/media\/6996"}],"wp:attachment":[{"href":"https:\/\/jobstore.cl\/index.php\/wp-json\/wp\/v2\/media?parent=11209"}],"wp:term":[{"taxonomy":"product_cat","embeddable":true,"href":"https:\/\/jobstore.cl\/index.php\/wp-json\/wp\/v2\/product_cat?post=11209"},{"taxonomy":"product_tag","embeddable":true,"href":"https:\/\/jobstore.cl\/index.php\/wp-json\/wp\/v2\/product_tag?post=11209"}],"curies":[{"name":"wp","href":"https:\/\/api.w.org\/{rel}","templated":true}]}}